{"id":16311,"date":"2025-05-01T22:58:50","date_gmt":"2025-05-01T22:58:50","guid":{"rendered":"https:\/\/edimeinter.com\/libreria\/?post_type=product&#038;p=16311"},"modified":"2025-05-01T23:02:12","modified_gmt":"2025-05-01T23:02:12","slug":"braunwald-cardiologia-en-atencion-primaria-12a-edicion-2","status":"publish","type":"product","link":"https:\/\/edimeinter.com\/libreria\/product\/braunwald-cardiologia-en-atencion-primaria-12a-edicion-2\/","title":{"rendered":"Braunwald. Cardiolog\u00eda en atenci\u00f3n primaria. 12\u00aa Edici\u00f3n"},"content":{"rendered":"\t\t<div data-elementor-type=\"wp-post\" data-elementor-id=\"16311\" class=\"elementor elementor-16311\">\n\t\t\t\t<div class=\"elementor-element elementor-element-2612b12 e-flex e-con-boxed e-con e-parent\" data-id=\"2612b12\" data-element_type=\"container\" data-e-type=\"container\">\n\t\t\t\t\t<div class=\"e-con-inner\">\n\t\t\n\t\t<div class=\"elementor-element elementor-element-498707ae elementor-widget elementor-widget-text-editor\" data-id=\"498707ae\" data-element_type=\"widget\" data-e-type=\"widget\" data-widget_type=\"text-editor.default\">\n\t\t\t\t<div class=\"elementor-widget-container\">\n\t\t\t\t\t\t\t\t\t<p>Dirigido a los profesionales de la atenci\u00f3n primaria, recoge las \u00faltimas actualizaciones en cardiolog\u00eda preventiva y en enfermedad cardiovascular en poblaciones especiales, como ancianos, mujeres, gestantes, etc.<\/p><p>Se incluyen nuevos cap\u00edtulos de inter\u00e9s para los especialistas de atenci\u00f3n primaria. La gripe y la COVID-19, y su relaci\u00f3n con el sistema cardiovascular; los riesgos cardiovasculares de los productos del tabaco, y el impacto medioambiental sobre la salud cardiovascular son algunas de las novedades m\u00e1s relevantes.<\/p><p>Hereda de su matriz, la duod\u00e9cima edici\u00f3n de Braunwald. Tratado de cardiolog\u00eda, un contenido equilibrado y riguroso de la ciencia y la investigaci\u00f3n cl\u00ednicas, r\u00e1pidamente cambiantes, y la medicina basada en la evidencia.<\/p>\t\t\t\t\t\t\t\t<\/div>\n\t\t\t\t<\/div>\n\t\t\t\t\t<\/div>\n\t\t\t\t<\/div>\n\t\t\t\t<\/div>\n\t\t","protected":false},"excerpt":{"rendered":"<p><strong>Autores:<\/strong> Peter Libby, MD, PhD, Robert O. Bonow, MD, MS, Douglas L. Mann, MD, Gordon F. Tomaselli, MD, Deepak L. Bhatt, MD, MPH, FACC, FAHA, FSCAI, FESC, Scott D. Solomon, MD and Eugene Braunwald, MD, MD(Hon), ScD(Hon), FRCP<br \/>\n<strong>ISBN:<\/strong> 9788413824437<br \/>\n<strong>Editorial:<\/strong>\u00a0Elsevier<br \/>\n<strong>Edici\u00f3n:<\/strong> 12\u00aa<br \/>\n<strong>Especialidad<\/strong>: Cardiolog\u00eda<br \/>\n<strong>P\u00e1ginas<\/strong>: 336<br \/>\n\u00a9 2024<\/p>\n","protected":false},"featured_media":16312,"comment_status":"open","ping_status":"closed","template":"","meta":{"_joinchat":[]},"product_cat":[118],"product_tag":[240,119,85],"class_list":{"0":"post-16311","1":"product","2":"type-product","3":"status-publish","4":"has-post-thumbnail","6":"product_cat-cardiologia","7":"product_tag-240","8":"product_tag-cardiologia","9":"product_tag-elsevier","11":"first","12":"instock","13":"featured","14":"purchasable","15":"product-type-simple"},"_links":{"self":[{"href":"https:\/\/edimeinter.com\/libreria\/wp-json\/wp\/v2\/product\/16311","targetHints":{"allow":["GET"]}}],"collection":[{"href":"https:\/\/edimeinter.com\/libreria\/wp-json\/wp\/v2\/product"}],"about":[{"href":"https:\/\/edimeinter.com\/libreria\/wp-json\/wp\/v2\/types\/product"}],"replies":[{"embeddable":true,"href":"https:\/\/edimeinter.com\/libreria\/wp-json\/wp\/v2\/comments?post=16311"}],"version-history":[{"count":4,"href":"https:\/\/edimeinter.com\/libreria\/wp-json\/wp\/v2\/product\/16311\/revisions"}],"predecessor-version":[{"id":16316,"href":"https:\/\/edimeinter.com\/libreria\/wp-json\/wp\/v2\/product\/16311\/revisions\/16316"}],"wp:featuredmedia":[{"embeddable":true,"href":"https:\/\/edimeinter.com\/libreria\/wp-json\/wp\/v2\/media\/16312"}],"wp:attachment":[{"href":"https:\/\/edimeinter.com\/libreria\/wp-json\/wp\/v2\/media?parent=16311"}],"wp:term":[{"taxonomy":"product_cat","embeddable":true,"href":"https:\/\/edimeinter.com\/libreria\/wp-json\/wp\/v2\/product_cat?post=16311"},{"taxonomy":"product_tag","embeddable":true,"href":"https:\/\/edimeinter.com\/libreria\/wp-json\/wp\/v2\/product_tag?post=16311"}],"curies":[{"name":"wp","href":"https:\/\/api.w.org\/{rel}","templated":true}]}}