{"id":16317,"date":"2025-05-01T23:02:59","date_gmt":"2025-05-01T23:02:59","guid":{"rendered":"https:\/\/edimeinter.com\/libreria\/?post_type=product&#038;p=16317"},"modified":"2025-05-01T23:06:02","modified_gmt":"2025-05-01T23:06:02","slug":"manual-de-seguridad-perioperatoria-del-paciente-1a-edicion","status":"publish","type":"product","link":"https:\/\/edimeinter.com\/libreria\/product\/manual-de-seguridad-perioperatoria-del-paciente-1a-edicion\/","title":{"rendered":"Manual de seguridad perioperatoria del paciente. 1\u00aa Edici\u00f3n"},"content":{"rendered":"\t\t<div data-elementor-type=\"wp-post\" data-elementor-id=\"16317\" class=\"elementor elementor-16317\">\n\t\t\t\t<div class=\"elementor-element elementor-element-2612b12 e-flex e-con-boxed e-con e-parent\" data-id=\"2612b12\" data-element_type=\"container\" data-e-type=\"container\">\n\t\t\t\t\t<div class=\"e-con-inner\">\n\t\t\n\t\t<div class=\"elementor-element elementor-element-498707ae elementor-widget elementor-widget-text-editor\" data-id=\"498707ae\" data-element_type=\"widget\" data-e-type=\"widget\" data-widget_type=\"text-editor.default\">\n\t\t\t\t<div class=\"elementor-widget-container\">\n\t\t\t\t\t\t\t\t\t<p>En este Manual de seguridad perioperatoria del paciente, los autores se han embarcado en una revisi\u00f3n exhaustiva de la seguridad del paciente, desde la valoraci\u00f3n del riesgo hasta la aplicaci\u00f3n segura de la anestesia, la sedaci\u00f3n durante procedimientos diagn\u00f3sticos y terap\u00e9uticos y la prevenci\u00f3n de las infecciones relacionadas con la asistencia sanitaria, por nombrar algunos de los temas clave. Muchos de estos cap\u00edtulos describen enfoques eficaces para las actividades de seguridad del paciente, haciendo hincapi\u00e9 en la mejora del clima de seguridad de las \u00e1reas quir\u00fargicas. Al enfatizar las formas de promover la seguridad del paciente, incluido el modo en que los equipos interprofesionales trabajan y aprenden juntos, este libro puede orientar al personal quir\u00fargico en el desarrollo de pr\u00e1cticas, h\u00e1bitos y rutinas que hagan que el entorno quir\u00fargico sea seguro para los pacientes.<\/p>\t\t\t\t\t\t\t\t<\/div>\n\t\t\t\t<\/div>\n\t\t\t\t\t<\/div>\n\t\t\t\t<\/div>\n\t\t\t\t<\/div>\n\t\t","protected":false},"excerpt":{"rendered":"<p><strong>Autores:<\/strong> Juan A Sanchez &amp; Robert S. D. Higgins &amp; Paula S. Kent<br \/>\n<strong>ISBN:<\/strong> 9788413826363<br \/>\n<strong>Editorial:<\/strong>\u00a0Elsevier<br \/>\n<strong>Edici\u00f3n:<\/strong> 1\u00aa<br \/>\n<strong>Especialidad<\/strong>: Cirug\u00eda General<br \/>\n<strong>P\u00e1ginas<\/strong>: 340<br \/>\n\u00a9 2024<\/p>\n","protected":false},"featured_media":16318,"comment_status":"open","ping_status":"closed","template":"","meta":{"_joinchat":[]},"product_cat":[175],"product_tag":[240,176,85],"class_list":{"0":"post-16317","1":"product","2":"type-product","3":"status-publish","4":"has-post-thumbnail","6":"product_cat-cirugia","7":"product_tag-240","8":"product_tag-cirugia","9":"product_tag-elsevier","11":"first","12":"instock","13":"featured","14":"purchasable","15":"product-type-simple"},"_links":{"self":[{"href":"https:\/\/edimeinter.com\/libreria\/wp-json\/wp\/v2\/product\/16317","targetHints":{"allow":["GET"]}}],"collection":[{"href":"https:\/\/edimeinter.com\/libreria\/wp-json\/wp\/v2\/product"}],"about":[{"href":"https:\/\/edimeinter.com\/libreria\/wp-json\/wp\/v2\/types\/product"}],"replies":[{"embeddable":true,"href":"https:\/\/edimeinter.com\/libreria\/wp-json\/wp\/v2\/comments?post=16317"}],"version-history":[{"count":4,"href":"https:\/\/edimeinter.com\/libreria\/wp-json\/wp\/v2\/product\/16317\/revisions"}],"predecessor-version":[{"id":16322,"href":"https:\/\/edimeinter.com\/libreria\/wp-json\/wp\/v2\/product\/16317\/revisions\/16322"}],"wp:featuredmedia":[{"embeddable":true,"href":"https:\/\/edimeinter.com\/libreria\/wp-json\/wp\/v2\/media\/16318"}],"wp:attachment":[{"href":"https:\/\/edimeinter.com\/libreria\/wp-json\/wp\/v2\/media?parent=16317"}],"wp:term":[{"taxonomy":"product_cat","embeddable":true,"href":"https:\/\/edimeinter.com\/libreria\/wp-json\/wp\/v2\/product_cat?post=16317"},{"taxonomy":"product_tag","embeddable":true,"href":"https:\/\/edimeinter.com\/libreria\/wp-json\/wp\/v2\/product_tag?post=16317"}],"curies":[{"name":"wp","href":"https:\/\/api.w.org\/{rel}","templated":true}]}}