{"id":16323,"date":"2025-05-01T23:06:50","date_gmt":"2025-05-01T23:06:50","guid":{"rendered":"https:\/\/edimeinter.com\/libreria\/?post_type=product&#038;p=16323"},"modified":"2025-05-01T23:10:07","modified_gmt":"2025-05-01T23:10:07","slug":"administracion-de-medicamentos-4a-edicion-2","status":"publish","type":"product","link":"https:\/\/edimeinter.com\/libreria\/product\/administracion-de-medicamentos-4a-edicion-2\/","title":{"rendered":"Administraci\u00f3n de medicamentos. 4\u00aa Edici\u00f3n"},"content":{"rendered":"\t\t<div data-elementor-type=\"wp-post\" data-elementor-id=\"16323\" class=\"elementor elementor-16323\">\n\t\t\t\t<div class=\"elementor-element elementor-element-2612b12 e-flex e-con-boxed e-con e-parent\" data-id=\"2612b12\" data-element_type=\"container\" data-e-type=\"container\">\n\t\t\t\t\t<div class=\"e-con-inner\">\n\t\t\n\t\t<div class=\"elementor-element elementor-element-498707ae elementor-widget elementor-widget-text-editor\" data-id=\"498707ae\" data-element_type=\"widget\" data-e-type=\"widget\" data-widget_type=\"text-editor.default\">\n\t\t\t\t<div class=\"elementor-widget-container\">\n\t\t\t\t\t\t\t\t\t<p style=\"font-weight: 400;\">LA GU\u00cdA ESENCIAL PARA LA ADMINISTRACI\u00d3N SEGURA Y EFICAZ DE MEDICAMENTOS.<\/p><p style=\"font-weight: 400;\">Los medicamentos son el recurso sanitario m\u00e1s utilizado en la atenci\u00f3n a los pacientes, por lo que la formaci\u00f3n de los profesionales sanitarios, tanto en los aspectos te\u00f3ricos de la elecci\u00f3n de los medicamentos como en los aspectos pr\u00e1cticos de su preparaci\u00f3n y administraci\u00f3n, es fundamental para asegurar un uso racional y seguro de estos y una atenci\u00f3n sanitaria de calidad.\u00a0<i><em>Administraci\u00f3n de medicamentos<\/em><\/i>, 4.\u00aa ed., ofrece una visi\u00f3n integral de los principios y las pr\u00e1cticas involucrados en la administraci\u00f3n de medicamentos, y hace \u00e9nfasis en la importancia de la precisi\u00f3n y la seguridad en este proceso crucial en el que las enfermeras asumen una gran responsabilidad.<\/p><p style=\"font-weight: 400;\">Esta cuarta edici\u00f3n mantiene el enfoque eminentemente pr\u00e1ctico de las anteriores, con numerosos ejemplos de situaciones cl\u00ednicas reales, y ofrece una visi\u00f3n \u00fanica del complejo proceso de utilizaci\u00f3n de los medicamentos, que abarca desde la prescripci\u00f3n y la dispensaci\u00f3n hasta la seguridad en la administraci\u00f3n.<\/p><p style=\"font-weight: 400;\">La obra est\u00e1 claramente orientada en clave de competencias para la formaci\u00f3n universitaria y continuada de los profesionales. Por ello, ser\u00e1 de especial inter\u00e9s para los estudiantes de Enfermer\u00eda y otras titulaciones de Ciencias de la Salud, y de gran utilidad para los profesionales sanitarios en ejercicio.<\/p><p style=\"font-weight: 400;\">Adelaida Zabalegui Y\u00e1rnoz y Mar\u00eda Lombra\u00f1a Menc\u00eda coordinan a un equipo de expertos cl\u00ednicos de los \u00e1mbitos de la Enfermer\u00eda y la Farmacia Hospitalaria con una s\u00f3lida experiencia asistencial, docente e investigadora.<\/p><p>Hereda de su matriz, la duod\u00e9cima edici\u00f3n de Braunwald. Tratado de cardiolog\u00eda, un contenido equilibrado y riguroso de la ciencia y la investigaci\u00f3n cl\u00ednicas, r\u00e1pidamente cambiantes, y la medicina basada en la evidencia.<\/p>\t\t\t\t\t\t\t\t<\/div>\n\t\t\t\t<\/div>\n\t\t\t\t\t<\/div>\n\t\t\t\t<\/div>\n\t\t\t\t<\/div>\n\t\t","protected":false},"excerpt":{"rendered":"<p><strong>Autores:<\/strong> Adelaida Zabalegui Y\u00e1rnoz and Mar\u00eda Lombra\u00f1a Menc\u00eda<br \/>\n<strong>ISBN:<\/strong> 9788413824673<br \/>\n<strong>Editorial:<\/strong>\u00a0Elsevier<br \/>\n<strong>Edici\u00f3n:<\/strong> 4\u00aa<br \/>\n<strong>Especialidad<\/strong>: Enfermer\u00eda<br \/>\n<strong>P\u00e1ginas<\/strong>: 258<br \/>\n\u00a9 2024<\/p>\n","protected":false},"featured_media":16324,"comment_status":"open","ping_status":"closed","template":"","meta":{"_joinchat":[]},"product_cat":[115],"product_tag":[240,85,82],"class_list":{"0":"post-16323","1":"product","2":"type-product","3":"status-publish","4":"has-post-thumbnail","6":"product_cat-enfermeria","7":"product_tag-240","8":"product_tag-elsevier","9":"product_tag-enfermeria","11":"first","12":"instock","13":"featured","14":"purchasable","15":"product-type-simple"},"_links":{"self":[{"href":"https:\/\/edimeinter.com\/libreria\/wp-json\/wp\/v2\/product\/16323","targetHints":{"allow":["GET"]}}],"collection":[{"href":"https:\/\/edimeinter.com\/libreria\/wp-json\/wp\/v2\/product"}],"about":[{"href":"https:\/\/edimeinter.com\/libreria\/wp-json\/wp\/v2\/types\/product"}],"replies":[{"embeddable":true,"href":"https:\/\/edimeinter.com\/libreria\/wp-json\/wp\/v2\/comments?post=16323"}],"version-history":[{"count":4,"href":"https:\/\/edimeinter.com\/libreria\/wp-json\/wp\/v2\/product\/16323\/revisions"}],"predecessor-version":[{"id":16328,"href":"https:\/\/edimeinter.com\/libreria\/wp-json\/wp\/v2\/product\/16323\/revisions\/16328"}],"wp:featuredmedia":[{"embeddable":true,"href":"https:\/\/edimeinter.com\/libreria\/wp-json\/wp\/v2\/media\/16324"}],"wp:attachment":[{"href":"https:\/\/edimeinter.com\/libreria\/wp-json\/wp\/v2\/media?parent=16323"}],"wp:term":[{"taxonomy":"product_cat","embeddable":true,"href":"https:\/\/edimeinter.com\/libreria\/wp-json\/wp\/v2\/product_cat?post=16323"},{"taxonomy":"product_tag","embeddable":true,"href":"https:\/\/edimeinter.com\/libreria\/wp-json\/wp\/v2\/product_tag?post=16323"}],"curies":[{"name":"wp","href":"https:\/\/api.w.org\/{rel}","templated":true}]}}