{"id":16335,"date":"2025-05-05T00:35:30","date_gmt":"2025-05-05T00:35:30","guid":{"rendered":"https:\/\/edimeinter.com\/libreria\/?post_type=product&#038;p=16335"},"modified":"2025-05-05T00:40:18","modified_gmt":"2025-05-05T00:40:18","slug":"viviendo-con-covid-19-consecuencias-medicas-mentales-y-sociales-de-la-pandemia-1a-edicion","status":"publish","type":"product","link":"https:\/\/edimeinter.com\/libreria\/product\/viviendo-con-covid-19-consecuencias-medicas-mentales-y-sociales-de-la-pandemia-1a-edicion\/","title":{"rendered":"Viviendo con Covid-19. Consecuencias m\u00e9dicas, mentales y sociales de la pandemia. 1\u00aa Edici\u00f3n"},"content":{"rendered":"\t\t<div data-elementor-type=\"wp-post\" data-elementor-id=\"16335\" class=\"elementor elementor-16335\">\n\t\t\t\t<div class=\"elementor-element elementor-element-2612b12 e-flex e-con-boxed e-con e-parent\" data-id=\"2612b12\" data-element_type=\"container\" data-e-type=\"container\">\n\t\t\t\t\t<div class=\"e-con-inner\">\n\t\t\n\t\t<div class=\"elementor-element elementor-element-498707ae elementor-widget elementor-widget-text-editor\" data-id=\"498707ae\" data-element_type=\"widget\" data-e-type=\"widget\" data-widget_type=\"text-editor.default\">\n\t\t\t\t<div class=\"elementor-widget-container\">\n\t\t\t\t\t\t\t\t\t<p>COVID-19 ha alterado fundamentalmente nuestra forma de vida. Ahora miramos m\u00e1s all\u00e1 de las caracter\u00edsticas y repercusiones inmediatas de la pandemia para dar paso al estudio de sus profundos efectos en nuestra sociedad en los \u00e1mbitos emocional, pol\u00edtico, social y econ\u00f3mico. La experiencia internacional del Dr. Samoon Ahmad en el estudio del trastorno de estr\u00e9s postraum\u00e1tico despu\u00e9s de cat\u00e1strofes le sit\u00faa en una posici\u00f3n privilegiada para escribir un an\u00e1lisis exhaustivo de c\u00f3mo COVID-19 ha afectado la medicina, la salud p\u00fablica y la psique en todo el mundo.<br \/><b>Viviendo con Covid-19. Consecuencias m\u00e9dicas, mentales y sociales de la pandemia\u00a0<\/b>ofrece a los lectores una visi\u00f3n \u00fanica y oportuna sobre el fen\u00f3meno de salud p\u00fablica m\u00e1s perturbador y que ha marcado una \u00e9poca en los \u00faltimos 100 a\u00f1os. El Dr. Ahmad, m\u00e9dico psiquiatra y prestigioso autor, explora en dos secciones principales los fundamentos cient\u00edficos del virus SARS-CoV-2 y las repercusiones psicol\u00f3gicas, cl\u00ednicas y profesionales a largo plazo que ha tra\u00eddo consigo la pandemia. La primera secci\u00f3n examina antecedentes hist\u00f3ricos de las pandemias, virolog\u00eda y caracter\u00edsticas cl\u00ednicas de la infecci\u00f3n por SARS-CoV-2. La segunda secci\u00f3n aborda los efectos m\u00e1s amplios de la pandemia en la sociedad, con especial atenci\u00f3n en el impacto sobre pol\u00edticas de salud p\u00fablica, la profesi\u00f3n y el sector m\u00e9dico, y la psicolog\u00eda individual de ni\u00f1os y adultos.<\/p>\t\t\t\t\t\t\t\t<\/div>\n\t\t\t\t<\/div>\n\t\t\t\t\t<\/div>\n\t\t\t\t<\/div>\n\t\t\t\t<\/div>\n\t\t","protected":false},"excerpt":{"rendered":"<p><strong>Autores:<\/strong> Samoon Ahmad M.D.<br \/>\n<strong>ISBN:<\/strong> 9788419284099<br \/>\n<strong>Editorial:<\/strong>\u00a0WOLTERS KLUWER<br \/>\n<strong>Edici\u00f3n:<\/strong> 1\u00aa<br \/>\n<strong>Especialidad<\/strong>: Enfermedades Infecciosas<br \/>\n<strong>P\u00e1ginas<\/strong>: 280<br \/>\n\u00a9 2023<\/p>\n","protected":false},"featured_media":16336,"comment_status":"open","ping_status":"closed","template":"","meta":{"_joinchat":[]},"product_cat":[228],"product_tag":[229,92],"class_list":{"0":"post-16335","1":"product","2":"type-product","3":"status-publish","4":"has-post-thumbnail","6":"product_cat-enfermedades-infecciosas","7":"product_tag-enfermedades-infecciosas","8":"product_tag-wolters-kluwer","10":"first","11":"instock","12":"featured","13":"taxable","14":"shipping-taxable","15":"purchasable","16":"product-type-simple"},"_links":{"self":[{"href":"https:\/\/edimeinter.com\/libreria\/wp-json\/wp\/v2\/product\/16335","targetHints":{"allow":["GET"]}}],"collection":[{"href":"https:\/\/edimeinter.com\/libreria\/wp-json\/wp\/v2\/product"}],"about":[{"href":"https:\/\/edimeinter.com\/libreria\/wp-json\/wp\/v2\/types\/product"}],"replies":[{"embeddable":true,"href":"https:\/\/edimeinter.com\/libreria\/wp-json\/wp\/v2\/comments?post=16335"}],"version-history":[{"count":4,"href":"https:\/\/edimeinter.com\/libreria\/wp-json\/wp\/v2\/product\/16335\/revisions"}],"predecessor-version":[{"id":16340,"href":"https:\/\/edimeinter.com\/libreria\/wp-json\/wp\/v2\/product\/16335\/revisions\/16340"}],"wp:featuredmedia":[{"embeddable":true,"href":"https:\/\/edimeinter.com\/libreria\/wp-json\/wp\/v2\/media\/16336"}],"wp:attachment":[{"href":"https:\/\/edimeinter.com\/libreria\/wp-json\/wp\/v2\/media?parent=16335"}],"wp:term":[{"taxonomy":"product_cat","embeddable":true,"href":"https:\/\/edimeinter.com\/libreria\/wp-json\/wp\/v2\/product_cat?post=16335"},{"taxonomy":"product_tag","embeddable":true,"href":"https:\/\/edimeinter.com\/libreria\/wp-json\/wp\/v2\/product_tag?post=16335"}],"curies":[{"name":"wp","href":"https:\/\/api.w.org\/{rel}","templated":true}]}}