{"id":16341,"date":"2025-05-05T00:40:23","date_gmt":"2025-05-05T00:40:23","guid":{"rendered":"https:\/\/edimeinter.com\/libreria\/?post_type=product&#038;p=16341"},"modified":"2025-05-05T00:48:29","modified_gmt":"2025-05-05T00:48:29","slug":"viviendo-con-covid-19-consecuencias-medicas-mentales-y-sociales-de-la-pandemia-7a-edicion-2","status":"publish","type":"product","link":"https:\/\/edimeinter.com\/libreria\/product\/viviendo-con-covid-19-consecuencias-medicas-mentales-y-sociales-de-la-pandemia-7a-edicion-2\/","title":{"rendered":"Ostergard. Uroginecolog\u00eda Medicina p\u00e9lvica y cirug\u00eda reconstructiva. 7\u00aa Edici\u00f3n"},"content":{"rendered":"\t\t<div data-elementor-type=\"wp-post\" data-elementor-id=\"16341\" class=\"elementor elementor-16341\">\n\t\t\t\t<div class=\"elementor-element elementor-element-2612b12 e-flex e-con-boxed e-con e-parent\" data-id=\"2612b12\" data-element_type=\"container\" data-e-type=\"container\">\n\t\t\t\t\t<div class=\"e-con-inner\">\n\t\t\n\t\t<div class=\"elementor-element elementor-element-498707ae elementor-widget elementor-widget-text-editor\" data-id=\"498707ae\" data-element_type=\"widget\" data-e-type=\"widget\" data-widget_type=\"text-editor.default\">\n\t\t\t\t<div class=\"elementor-widget-container\">\n\t\t\t\t\t\t\t\t\t<p><b>Ostergard. Uroginecolog\u00eda. Medicina p\u00e9lvica y cirug\u00eda reconstructiva<\/b>\u00a0es una obra de texto creada para la pr\u00e1ctica actual de la salud p\u00e9lvica en la mujer y la cirug\u00eda reconstructiva que abarca todos los aspectos de estos complejos campos. Su contenido ofrece una actualizaci\u00f3n en el diagn\u00f3stico y tratamiento de las disfunciones del suelo p\u00e9lvico, incluidas incontinencia urinaria y afecciones de la v\u00eda urinaria inferior, alteraciones de ano y recto, y alteraciones del soporte p\u00e9lvico.<br \/>Las minuciosas actualizaciones en esta 7.\u00aa edici\u00f3n incluyen contenido revisado y reescrito en todo el libro, nuevas ilustraciones a todo color y nuevos cap\u00edtulos que reflejan las innumerables actualizaciones de la ciencia y la literatura a\u00f1adidas al campo de la uroginecolog\u00eda. El objetivo de este libro de texto de 61 cap\u00edtulos, con contribuciones de m\u00e1s de 100 l\u00edderes nacionales e internacionales en el campo de la uroginecolog\u00eda, es recopilar y organizar el alcance actual de los conocimientos en la especialidad, continuar educando a los m\u00e9dicos en este campo y, lo que es m\u00e1s importante, mejorar a\u00fan m\u00e1s la atenci\u00f3n a la paciente.<\/p>\t\t\t\t\t\t\t\t<\/div>\n\t\t\t\t<\/div>\n\t\t\t\t\t<\/div>\n\t\t\t\t<\/div>\n\t\t\t\t<\/div>\n\t\t","protected":false},"excerpt":{"rendered":"<p><strong>Autores:<\/strong> Ali Azadi , Jeffrey L. Cornella , Peter L. Dwyer , Lane L. Felicia<br \/>\n<strong>ISBN:<\/strong> 9788419284686<br \/>\n<strong>Editorial:<\/strong>\u00a0WOLTERS KLUWER<br \/>\n<strong>Edici\u00f3n:<\/strong> 7\u00aa<br \/>\n<strong>Especialidad<\/strong>: Ginecolog\u00eda y Obstetricia<br \/>\n<strong>P\u00e1ginas<\/strong>: 852<br \/>\n\u00a9 2023<\/p>\n","protected":false},"featured_media":16343,"comment_status":"open","ping_status":"closed","template":"","meta":{"_joinchat":[]},"product_cat":[104],"product_tag":[105,92],"class_list":{"0":"post-16341","1":"product","2":"type-product","3":"status-publish","4":"has-post-thumbnail","6":"product_cat-ginecologia-y-obstetricia","7":"product_tag-ginecologia-y-obstetricia","8":"product_tag-wolters-kluwer","10":"first","11":"instock","12":"featured","13":"taxable","14":"shipping-taxable","15":"purchasable","16":"product-type-simple"},"_links":{"self":[{"href":"https:\/\/edimeinter.com\/libreria\/wp-json\/wp\/v2\/product\/16341","targetHints":{"allow":["GET"]}}],"collection":[{"href":"https:\/\/edimeinter.com\/libreria\/wp-json\/wp\/v2\/product"}],"about":[{"href":"https:\/\/edimeinter.com\/libreria\/wp-json\/wp\/v2\/types\/product"}],"replies":[{"embeddable":true,"href":"https:\/\/edimeinter.com\/libreria\/wp-json\/wp\/v2\/comments?post=16341"}],"version-history":[{"count":7,"href":"https:\/\/edimeinter.com\/libreria\/wp-json\/wp\/v2\/product\/16341\/revisions"}],"predecessor-version":[{"id":16352,"href":"https:\/\/edimeinter.com\/libreria\/wp-json\/wp\/v2\/product\/16341\/revisions\/16352"}],"wp:featuredmedia":[{"embeddable":true,"href":"https:\/\/edimeinter.com\/libreria\/wp-json\/wp\/v2\/media\/16343"}],"wp:attachment":[{"href":"https:\/\/edimeinter.com\/libreria\/wp-json\/wp\/v2\/media?parent=16341"}],"wp:term":[{"taxonomy":"product_cat","embeddable":true,"href":"https:\/\/edimeinter.com\/libreria\/wp-json\/wp\/v2\/product_cat?post=16341"},{"taxonomy":"product_tag","embeddable":true,"href":"https:\/\/edimeinter.com\/libreria\/wp-json\/wp\/v2\/product_tag?post=16341"}],"curies":[{"name":"wp","href":"https:\/\/api.w.org\/{rel}","templated":true}]}}