{"id":16359,"date":"2025-05-05T00:55:30","date_gmt":"2025-05-05T00:55:30","guid":{"rendered":"https:\/\/edimeinter.com\/libreria\/?post_type=product&#038;p=16359"},"modified":"2025-05-05T00:59:48","modified_gmt":"2025-05-05T00:59:48","slug":"ecografia-para-atencion-primaria-1a-edicion","status":"publish","type":"product","link":"https:\/\/edimeinter.com\/libreria\/product\/ecografia-para-atencion-primaria-1a-edicion\/","title":{"rendered":"Ecograf\u00eda para atenci\u00f3n primaria. 1\u00aa Edici\u00f3n"},"content":{"rendered":"\t\t<div data-elementor-type=\"wp-post\" data-elementor-id=\"16359\" class=\"elementor elementor-16359\">\n\t\t\t\t<div class=\"elementor-element elementor-element-2612b12 e-flex e-con-boxed e-con e-parent\" data-id=\"2612b12\" data-element_type=\"container\" data-e-type=\"container\">\n\t\t\t\t\t<div class=\"e-con-inner\">\n\t\t\n\t\t<div class=\"elementor-element elementor-element-498707ae elementor-widget elementor-widget-text-editor\" data-id=\"498707ae\" data-element_type=\"widget\" data-e-type=\"widget\" data-widget_type=\"text-editor.default\">\n\t\t\t\t<div class=\"elementor-widget-container\">\n\t\t\t\t\t\t\t\t\t<p><b>Ecograf\u00eda para atenci\u00f3n primaria\u00a0<\/b>tiene el objetivo de ofrecer un recurso para que los m\u00e9dicos de primer contacto incorporen directamente, en el punto de atenci\u00f3n, las aplicaciones cl\u00ednicas y diagn\u00f3sticas de la ecograf\u00eda para mejorar la exploraci\u00f3n de diferentes signos y padecimientos espec\u00edficos. La obra ha sido desarrollada por m\u00e9dicos dedicados a la atenci\u00f3n de primer contacto y especialistas en medicina familiar, pediatr\u00eda y medicina interna, y constituye una excelente gu\u00eda bien ilustrada, pr\u00e1ctica, conveniente y amigable que ayudar\u00e1 a los lectores a expandir el alcance de su pr\u00e1ctica y a brindar una atenci\u00f3n mucho m\u00e1s precisa y efectiva.<br \/>La obra est\u00e1 organizada por cap\u00edtulos centrados en cuestiones frecuentes que surgen en la cl\u00ednica de atenci\u00f3n primaria. Casi todos ellos proporcionan ejemplos de c\u00f3mo puede utilizarse la ecograf\u00eda para responder una pregunta cl\u00ednica concreta, en lugar de obtener im\u00e1genes m\u00e1s costosas, como la tomograf\u00eda computarizada o la resonancia magn\u00e9tica. Adem\u00e1s, ofrece ejemplos de c\u00f3mo puede clasificarse a los pacientes en la cl\u00ednica, lo que ayudar\u00e1 en \u00faltima instancia a reducir el n\u00famero de pacientes que necesitan ser remitidos al servicio de urgencias o a recibir atenci\u00f3n especializada.<\/p>\t\t\t\t\t\t\t\t<\/div>\n\t\t\t\t<\/div>\n\t\t\t\t\t<\/div>\n\t\t\t\t<\/div>\n\t\t\t\t<\/div>\n\t\t","protected":false},"excerpt":{"rendered":"<p><strong>Autores:<\/strong> Paul Bornemann MD<br \/>\n<strong>ISBN:<\/strong> 9788418563171<br \/>\n<strong>Editorial:<\/strong>\u00a0WOLTERS KLUWER<br \/>\n<strong>Edici\u00f3n:<\/strong> 1\u00aa<br \/>\n<strong>Especialidad<\/strong>: Diagn\u00f3stico por im\u00e1genes<br \/>\n<strong>P\u00e1ginas<\/strong>: 472<br \/>\n\u00a9 2021<\/p>\n","protected":false},"featured_media":16360,"comment_status":"open","ping_status":"closed","template":"","meta":{"_joinchat":[]},"product_cat":[80],"product_tag":[81,92],"class_list":{"0":"post-16359","1":"product","2":"type-product","3":"status-publish","4":"has-post-thumbnail","6":"product_cat-diagnostico-por-imagenes","7":"product_tag-diagnostico-por-imagenes","8":"product_tag-wolters-kluwer","10":"first","11":"instock","12":"featured","13":"taxable","14":"shipping-taxable","15":"purchasable","16":"product-type-simple"},"_links":{"self":[{"href":"https:\/\/edimeinter.com\/libreria\/wp-json\/wp\/v2\/product\/16359","targetHints":{"allow":["GET"]}}],"collection":[{"href":"https:\/\/edimeinter.com\/libreria\/wp-json\/wp\/v2\/product"}],"about":[{"href":"https:\/\/edimeinter.com\/libreria\/wp-json\/wp\/v2\/types\/product"}],"replies":[{"embeddable":true,"href":"https:\/\/edimeinter.com\/libreria\/wp-json\/wp\/v2\/comments?post=16359"}],"version-history":[{"count":4,"href":"https:\/\/edimeinter.com\/libreria\/wp-json\/wp\/v2\/product\/16359\/revisions"}],"predecessor-version":[{"id":16364,"href":"https:\/\/edimeinter.com\/libreria\/wp-json\/wp\/v2\/product\/16359\/revisions\/16364"}],"wp:featuredmedia":[{"embeddable":true,"href":"https:\/\/edimeinter.com\/libreria\/wp-json\/wp\/v2\/media\/16360"}],"wp:attachment":[{"href":"https:\/\/edimeinter.com\/libreria\/wp-json\/wp\/v2\/media?parent=16359"}],"wp:term":[{"taxonomy":"product_cat","embeddable":true,"href":"https:\/\/edimeinter.com\/libreria\/wp-json\/wp\/v2\/product_cat?post=16359"},{"taxonomy":"product_tag","embeddable":true,"href":"https:\/\/edimeinter.com\/libreria\/wp-json\/wp\/v2\/product_tag?post=16359"}],"curies":[{"name":"wp","href":"https:\/\/api.w.org\/{rel}","templated":true}]}}