{"id":16365,"date":"2025-05-05T01:00:29","date_gmt":"2025-05-05T01:00:29","guid":{"rendered":"https:\/\/edimeinter.com\/libreria\/?post_type=product&#038;p=16365"},"modified":"2025-05-05T01:07:25","modified_gmt":"2025-05-05T01:07:25","slug":"add-to-wish-list-manual-walls-para-el-manejo-urgente-de-la-via-aerea-6a-edicion","status":"publish","type":"product","link":"https:\/\/edimeinter.com\/libreria\/product\/add-to-wish-list-manual-walls-para-el-manejo-urgente-de-la-via-aerea-6a-edicion\/","title":{"rendered":"Manual Walls para el manejo urgente de la v\u00eda a\u00e9rea. 6\u00aa Edici\u00f3n"},"content":{"rendered":"\t\t<div data-elementor-type=\"wp-post\" data-elementor-id=\"16365\" class=\"elementor elementor-16365\">\n\t\t\t\t<div class=\"elementor-element elementor-element-2612b12 e-flex e-con-boxed e-con e-parent\" data-id=\"2612b12\" data-element_type=\"container\" data-e-type=\"container\">\n\t\t\t\t\t<div class=\"e-con-inner\">\n\t\t\n\t\t<div class=\"elementor-element elementor-element-498707ae elementor-widget elementor-widget-text-editor\" data-id=\"498707ae\" data-element_type=\"widget\" data-e-type=\"widget\" data-widget_type=\"text-editor.default\">\n\t\t\t\t<div class=\"elementor-widget-container\">\n\t\t\t\t\t\t\t\t\t<p>Reconocido desde hace tiempo como la mejor referencia para el manejo de la v\u00eda a\u00e9rea en situaciones de urgencia,\u00a0<b>Manual Walls para el manejo urgente de la v\u00eda a\u00e9rea\u00a0<\/b>sigue siendo la mejor opci\u00f3n para instruirse sobre este dif\u00edcil tema. Esta referencia pr\u00e1ctica, editada por los doctores Calvin A. Brown III, John C. Sakles, Nathan W. Mick, Jarrod M. Mosier y Darren A. Braude, ofrece un enfoque pr\u00e1ctico y la orientaci\u00f3n adecuada para responder de manera efi caz dondequiera que se produzcan urgencias de la v\u00eda a\u00e9rea en pacientes adultos o pedi\u00e1tricos, tanto dentro como fuera de los entornos hospitalarios, departamentos de urgencia y centros de atenci\u00f3n urgente.<br \/>Los conceptos presentados en esta 6.a edici\u00f3n pueden extrapolarse a cualquier \u00e1mbito en el que pueda tener lugar el manejo urgente de la v\u00eda a\u00e9rea y es relevante para todo el personal cl\u00ednico, no solo para los especialistas en medicina de urgencias. Con nuevos retos, amenazas infecciosas y un panorama cl\u00ednico en constante evoluci\u00f3n, la informaci\u00f3n actualizada de este libro hace que esta \u00faltima edici\u00f3n sea un recurso vital para todo aquel que realice manejos urgentes de la v\u00eda a\u00e9rea y el manual m\u00e1s adaptable hasta la fecha.<\/p>\t\t\t\t\t\t\t\t<\/div>\n\t\t\t\t<\/div>\n\t\t\t\t\t<\/div>\n\t\t\t\t<\/div>\n\t\t\t\t<\/div>\n\t\t","protected":false},"excerpt":{"rendered":"<p><strong>Autores:<\/strong> Calvin A Brown MD<br \/>\n<strong>ISBN:<\/strong> 9788419284778<br \/>\n<strong>Editorial:<\/strong>\u00a0WOLTERS KLUWER<br \/>\n<strong>Edici\u00f3n:<\/strong> 6\u00aa<br \/>\n<strong>Especialidad<\/strong>: Medicina de urgencias y emergencias<br \/>\n<strong>P\u00e1ginas<\/strong>: 512<br \/>\n\u00a9 2023<\/p>\n","protected":false},"featured_media":16366,"comment_status":"open","ping_status":"closed","template":"","meta":{"_joinchat":[]},"product_cat":[83],"product_tag":[84,92],"class_list":{"0":"post-16365","1":"product","2":"type-product","3":"status-publish","4":"has-post-thumbnail","6":"product_cat-medicina-de-urgencias-y-emergencias","7":"product_tag-medicina-de-urgencias-y-emergencias","8":"product_tag-wolters-kluwer","10":"first","11":"instock","12":"featured","13":"taxable","14":"shipping-taxable","15":"purchasable","16":"product-type-simple"},"_links":{"self":[{"href":"https:\/\/edimeinter.com\/libreria\/wp-json\/wp\/v2\/product\/16365","targetHints":{"allow":["GET"]}}],"collection":[{"href":"https:\/\/edimeinter.com\/libreria\/wp-json\/wp\/v2\/product"}],"about":[{"href":"https:\/\/edimeinter.com\/libreria\/wp-json\/wp\/v2\/types\/product"}],"replies":[{"embeddable":true,"href":"https:\/\/edimeinter.com\/libreria\/wp-json\/wp\/v2\/comments?post=16365"}],"version-history":[{"count":5,"href":"https:\/\/edimeinter.com\/libreria\/wp-json\/wp\/v2\/product\/16365\/revisions"}],"predecessor-version":[{"id":16371,"href":"https:\/\/edimeinter.com\/libreria\/wp-json\/wp\/v2\/product\/16365\/revisions\/16371"}],"wp:featuredmedia":[{"embeddable":true,"href":"https:\/\/edimeinter.com\/libreria\/wp-json\/wp\/v2\/media\/16366"}],"wp:attachment":[{"href":"https:\/\/edimeinter.com\/libreria\/wp-json\/wp\/v2\/media?parent=16365"}],"wp:term":[{"taxonomy":"product_cat","embeddable":true,"href":"https:\/\/edimeinter.com\/libreria\/wp-json\/wp\/v2\/product_cat?post=16365"},{"taxonomy":"product_tag","embeddable":true,"href":"https:\/\/edimeinter.com\/libreria\/wp-json\/wp\/v2\/product_tag?post=16365"}],"curies":[{"name":"wp","href":"https:\/\/api.w.org\/{rel}","templated":true}]}}