{"id":16372,"date":"2025-05-05T01:08:15","date_gmt":"2025-05-05T01:08:15","guid":{"rendered":"https:\/\/edimeinter.com\/libreria\/?post_type=product&#038;p=16372"},"modified":"2025-09-19T16:33:51","modified_gmt":"2025-09-19T16:33:51","slug":"medicina-de-urgencias-de-bolsillo-5a-edicion","status":"publish","type":"product","link":"https:\/\/edimeinter.com\/libreria\/product\/medicina-de-urgencias-de-bolsillo-5a-edicion\/","title":{"rendered":"Medicina de urgencias de bolsillo. 5\u00aa Edici\u00f3n"},"content":{"rendered":"\t\t<div data-elementor-type=\"wp-post\" data-elementor-id=\"16372\" class=\"elementor elementor-16372\">\n\t\t\t\t<div class=\"elementor-element elementor-element-2612b12 e-flex e-con-boxed e-con e-parent\" data-id=\"2612b12\" data-element_type=\"container\" data-e-type=\"container\">\n\t\t\t\t\t<div class=\"e-con-inner\">\n\t\t\n\t\t<div class=\"elementor-element elementor-element-498707ae elementor-widget elementor-widget-text-editor\" data-id=\"498707ae\" data-element_type=\"widget\" data-e-type=\"widget\" data-widget_type=\"text-editor.default\">\n\t\t\t\t<div class=\"elementor-widget-container\">\n\t\t\t\t\t\t\t\t\t<p>En un pr\u00e1ctico formato f\u00e1cil de usar,\u00a0<b>Medicina de urgencias de bolsillo\u00a0<\/b>ofrece informaci\u00f3n precisa, pr\u00e1ctica y actualizada, esencial para atender a los pacientes en situaciones de riesgo vital. Editado por los doctores Richard D. Zane y Joshua M. Kosowsky, este pr\u00e1ctico recurso est\u00e1 dise\u00f1ado para ser utilizado en la cabecera del paciente por los m\u00e9dicos que est\u00e1n en primera l\u00ednea en el servicio de urgencias m\u00e9dicas.<br \/>Esta 5.\u00aa edici\u00f3n contin\u00faa con su caracter\u00edstico dise\u00f1o que organiza cap\u00edtulos por condiciones de presentaci\u00f3n y facilita los procesos de pensamiento necesarios para perfeccionar la toma de decisiones diagn\u00f3sticas diarias. Ofrece informaci\u00f3n de f\u00e1cil acceso sobre el campo de la medicina de urgencias, desde la recopilaci\u00f3n del historial m\u00e9dico y la ejecuci\u00f3n del examen f\u00edsico, hasta la indicaci\u00f3n de pruebas laboratorio, el proceso de diagn\u00f3stico diferencial, y opciones de tratamiento, todo en un pr\u00e1ctico y portable libro.<\/p>\t\t\t\t\t\t\t\t<\/div>\n\t\t\t\t<\/div>\n\t\t\t\t\t<\/div>\n\t\t\t\t<\/div>\n\t\t\t\t<\/div>\n\t\t","protected":false},"excerpt":{"rendered":"<p><strong>Autores:<\/strong> Richard D. Zane MD, FAAEM, Joshua M. Kosowsky MD, FACEP<br \/>\n<strong>ISBN:<\/strong> 9788419284129<br \/>\n<strong>Editorial:<\/strong>\u00a0WOLTERS KLUWER<br \/>\n<strong>Edici\u00f3n:<\/strong> 5\u00aa<br \/>\n<strong>Especialidad<\/strong>: Medicina de urgencias y emergencias<br \/>\n<strong>P\u00e1ginas<\/strong>: 390<br \/>\n\u00a9 2023<\/p>\n","protected":false},"featured_media":16373,"comment_status":"open","ping_status":"closed","template":"","meta":{"_joinchat":[]},"product_cat":[83],"product_tag":[84,92],"class_list":{"0":"post-16372","1":"product","2":"type-product","3":"status-publish","4":"has-post-thumbnail","6":"product_cat-medicina-de-urgencias-y-emergencias","7":"product_tag-medicina-de-urgencias-y-emergencias","8":"product_tag-wolters-kluwer","10":"first","11":"instock","12":"featured","13":"taxable","14":"shipping-taxable","15":"purchasable","16":"product-type-simple"},"_links":{"self":[{"href":"https:\/\/edimeinter.com\/libreria\/wp-json\/wp\/v2\/product\/16372","targetHints":{"allow":["GET"]}}],"collection":[{"href":"https:\/\/edimeinter.com\/libreria\/wp-json\/wp\/v2\/product"}],"about":[{"href":"https:\/\/edimeinter.com\/libreria\/wp-json\/wp\/v2\/types\/product"}],"replies":[{"embeddable":true,"href":"https:\/\/edimeinter.com\/libreria\/wp-json\/wp\/v2\/comments?post=16372"}],"version-history":[{"count":5,"href":"https:\/\/edimeinter.com\/libreria\/wp-json\/wp\/v2\/product\/16372\/revisions"}],"predecessor-version":[{"id":17159,"href":"https:\/\/edimeinter.com\/libreria\/wp-json\/wp\/v2\/product\/16372\/revisions\/17159"}],"wp:featuredmedia":[{"embeddable":true,"href":"https:\/\/edimeinter.com\/libreria\/wp-json\/wp\/v2\/media\/16373"}],"wp:attachment":[{"href":"https:\/\/edimeinter.com\/libreria\/wp-json\/wp\/v2\/media?parent=16372"}],"wp:term":[{"taxonomy":"product_cat","embeddable":true,"href":"https:\/\/edimeinter.com\/libreria\/wp-json\/wp\/v2\/product_cat?post=16372"},{"taxonomy":"product_tag","embeddable":true,"href":"https:\/\/edimeinter.com\/libreria\/wp-json\/wp\/v2\/product_tag?post=16372"}],"curies":[{"name":"wp","href":"https:\/\/api.w.org\/{rel}","templated":true}]}}