{"id":16378,"date":"2025-05-05T01:16:41","date_gmt":"2025-05-05T01:16:41","guid":{"rendered":"https:\/\/edimeinter.com\/libreria\/?post_type=product&#038;p=16378"},"modified":"2025-05-05T01:22:31","modified_gmt":"2025-05-05T01:22:31","slug":"histologia-atlas-en-color-y-texto-8a-edicion","status":"publish","type":"product","link":"https:\/\/edimeinter.com\/libreria\/product\/histologia-atlas-en-color-y-texto-8a-edicion\/","title":{"rendered":"Histolog\u00eda. Atlas en color y texto. 8\u00aa Edici\u00f3n"},"content":{"rendered":"\t\t<div data-elementor-type=\"wp-post\" data-elementor-id=\"16378\" class=\"elementor elementor-16378\">\n\t\t\t\t<div class=\"elementor-element elementor-element-2612b12 e-flex e-con-boxed e-con e-parent\" data-id=\"2612b12\" data-element_type=\"container\" data-e-type=\"container\">\n\t\t\t\t\t<div class=\"e-con-inner\">\n\t\t\n\t\t<div class=\"elementor-element elementor-element-498707ae elementor-widget elementor-widget-text-editor\" data-id=\"498707ae\" data-element_type=\"widget\" data-e-type=\"widget\" data-widget_type=\"text-editor.default\">\n\t\t\t\t<div class=\"elementor-widget-container\">\n\t\t\t\t\t\t\t\t\t<p><b>Histolog\u00eda. Atlas en color y texto, 8.a\u00a0edici\u00f3n\u00a0<\/b>de Gartner y Hiatt es una excelente herramienta de referencia para dominar la histolog\u00eda. Proporciona a los estudiantes de medicina, odontolog\u00eda, biolog\u00eda y a otros profesionales de salud, una revisi\u00f3n concisa de todas las clases de tejidos y de los principales sistemas del cuerpo con un enfoque atractivo y mejorado para lograr mayor \u00e9xito en el aula y en la pr\u00e1ctica cl\u00ednica. Con una presentaci\u00f3n concisa que combina texto fotomicrograf\u00edas relevantes y detalladas facilita la comprensi\u00f3n y proporciona un valioso repaso para presentar ex\u00e1menes en clase y para obtener certificaciones. Cada cap\u00edtulo detalla la histofisiolog\u00eda, las consideraciones cl\u00ednicas y res\u00famenes de la organizaci\u00f3n histol\u00f3gica, entre otros t\u00f3picos, y se acompa\u00f1a de m\u00e1s de 700 im\u00e1genes v\u00edvidas de alta calidad a todo color.<\/p>\t\t\t\t\t\t\t\t<\/div>\n\t\t\t\t<\/div>\n\t\t\t\t\t<\/div>\n\t\t\t\t<\/div>\n\t\t\t\t<\/div>\n\t\t","protected":false},"excerpt":{"rendered":"<p><strong>Autores:<\/strong> Leslie P. Gartner PhD, Lisa M.J. Lee PhD<br \/>\n<strong>ISBN:<\/strong> 9788418892851<br \/>\n<strong>Editorial:<\/strong>\u00a0WOLTERS KLUWER<br \/>\n<strong>Edici\u00f3n:<\/strong> 8\u00aa<br \/>\n<strong>Especialidad<\/strong>: Histolog\u00eda<br \/>\n<strong>P\u00e1ginas<\/strong>: 648<br \/>\n\u00a9 2023<\/p>\n","protected":false},"featured_media":16379,"comment_status":"open","ping_status":"closed","template":"","meta":{"_joinchat":[]},"product_cat":[154],"product_tag":[155,92],"class_list":{"0":"post-16378","1":"product","2":"type-product","3":"status-publish","4":"has-post-thumbnail","6":"product_cat-histologia","7":"product_tag-histologia","8":"product_tag-wolters-kluwer","10":"first","11":"instock","12":"featured","13":"taxable","14":"shipping-taxable","15":"purchasable","16":"product-type-simple"},"_links":{"self":[{"href":"https:\/\/edimeinter.com\/libreria\/wp-json\/wp\/v2\/product\/16378","targetHints":{"allow":["GET"]}}],"collection":[{"href":"https:\/\/edimeinter.com\/libreria\/wp-json\/wp\/v2\/product"}],"about":[{"href":"https:\/\/edimeinter.com\/libreria\/wp-json\/wp\/v2\/types\/product"}],"replies":[{"embeddable":true,"href":"https:\/\/edimeinter.com\/libreria\/wp-json\/wp\/v2\/comments?post=16378"}],"version-history":[{"count":4,"href":"https:\/\/edimeinter.com\/libreria\/wp-json\/wp\/v2\/product\/16378\/revisions"}],"predecessor-version":[{"id":16383,"href":"https:\/\/edimeinter.com\/libreria\/wp-json\/wp\/v2\/product\/16378\/revisions\/16383"}],"wp:featuredmedia":[{"embeddable":true,"href":"https:\/\/edimeinter.com\/libreria\/wp-json\/wp\/v2\/media\/16379"}],"wp:attachment":[{"href":"https:\/\/edimeinter.com\/libreria\/wp-json\/wp\/v2\/media?parent=16378"}],"wp:term":[{"taxonomy":"product_cat","embeddable":true,"href":"https:\/\/edimeinter.com\/libreria\/wp-json\/wp\/v2\/product_cat?post=16378"},{"taxonomy":"product_tag","embeddable":true,"href":"https:\/\/edimeinter.com\/libreria\/wp-json\/wp\/v2\/product_tag?post=16378"}],"curies":[{"name":"wp","href":"https:\/\/api.w.org\/{rel}","templated":true}]}}