{"id":16384,"date":"2025-05-05T01:23:31","date_gmt":"2025-05-05T01:23:31","guid":{"rendered":"https:\/\/edimeinter.com\/libreria\/?post_type=product&#038;p=16384"},"modified":"2025-05-05T01:26:41","modified_gmt":"2025-05-05T01:26:41","slug":"nutricion-medica-4a-edicion","status":"publish","type":"product","link":"https:\/\/edimeinter.com\/libreria\/product\/nutricion-medica-4a-edicion\/","title":{"rendered":"Nutrici\u00f3n m\u00e9dica. 4\u00aa Edici\u00f3n"},"content":{"rendered":"\t\t<div data-elementor-type=\"wp-post\" data-elementor-id=\"16384\" class=\"elementor elementor-16384\">\n\t\t\t\t<div class=\"elementor-element elementor-element-2612b12 e-flex e-con-boxed e-con e-parent\" data-id=\"2612b12\" data-element_type=\"container\" data-e-type=\"container\">\n\t\t\t\t\t<div class=\"e-con-inner\">\n\t\t\n\t\t<div class=\"elementor-element elementor-element-498707ae elementor-widget elementor-widget-text-editor\" data-id=\"498707ae\" data-element_type=\"widget\" data-e-type=\"widget\" data-widget_type=\"text-editor.default\">\n\t\t\t\t<div class=\"elementor-widget-container\">\n\t\t\t\t\t\t\t\t\t<p>Escrita por primera vez hace 20 a\u00f1os por una de las autoridades m\u00e1s reconocidas en medicina preventiva, el Dr. David Katz,\u00a0<b>Nutrici\u00f3n m\u00e9dica\u00a0<\/b>es el libro que todo m\u00e9dico y profesional de la salud de cualquier nivel necesita para ofrecer a sus pacientes un asesoramiento nutricional eficaz. Tambi\u00e9n ofrece la opci\u00f3n, al estudiante de medicina, al especialista en formaci\u00f3n y al m\u00e9dico internista, de conocer a fondo el metabolismo de los componentes nutricionales m\u00e1s importantes, as\u00ed como su influencia en diferentes situaciones cl\u00ednicas.<br \/>La obra, por primera vez redactada en colaboraci\u00f3n con otros autores de referencia, sigue siendo un manual pr\u00e1ctico, con un enfoque continuo en la importancia de la nutrici\u00f3n tanto en la salud como en la enfermedad. El texto se basa en tres premisas principales:\u00a0<b>relevancia cl\u00ednica<\/b>, con material ofrecido v\u00e1lido para el m\u00e9dico que interact\u00faa con un paciente;\u00a0<b>consistencia de aplicaci\u00f3n<\/b>, con pautas uniformes que puedan aplicarse de manera universal para promover la salud; y\u00a0<b>evidencia cient\u00edfica<\/b>, con los datos m\u00e1s actuales y consensuados por expertos. Para este cometido se ha contado con la participaci\u00f3n de importantes colaboradores con experiencias variadas en educaci\u00f3n m\u00e9dica, nutrici\u00f3n m\u00e9dica, diet\u00e9tica, salud p\u00fablica, epidemiolog\u00eda nutricional y medicina preventiva.<br \/>La obra se organiza en siete secciones: metabolismo de los nutrimentos de importancia cl\u00ednica, tratamiento nutricional en la pr\u00e1ctica cl\u00ednica, aspectos especiales de la nutrici\u00f3n cl\u00ednica, alimentaci\u00f3n y promoci\u00f3n de la salud, principios del asesoramiento alimentario eficaz, temas contempor\u00e1neos sobre nutrici\u00f3n y, por \u00faltimo, ap\u00e9ndices y materiales de consulta.<\/p>\t\t\t\t\t\t\t\t<\/div>\n\t\t\t\t<\/div>\n\t\t\t\t\t<\/div>\n\t\t\t\t<\/div>\n\t\t\t\t<\/div>\n\t\t","protected":false},"excerpt":{"rendered":"<p><strong>Autores:<\/strong> David L. Katz , Ming-Chin Yeh , Joshua Levitt , Kofi D Essel , Shivam Joshi , Rachel Summer Clair Friedman<br \/>\n<strong>ISBN:<\/strong> 9788418892448<br \/>\n<strong>Editorial:<\/strong>\u00a0WOLTERS KLUWER<br \/>\n<strong>Edici\u00f3n:<\/strong> 4\u00aa<br \/>\n<strong>Especialidad<\/strong>: Nutrici\u00f3n y Dietoterapia<br \/>\n<strong>P\u00e1ginas<\/strong>: 880<br \/>\n\u00a9 2022<\/p>\n","protected":false},"featured_media":16385,"comment_status":"open","ping_status":"closed","template":"","meta":{"_joinchat":[]},"product_cat":[106],"product_tag":[107,92],"class_list":{"0":"post-16384","1":"product","2":"type-product","3":"status-publish","4":"has-post-thumbnail","6":"product_cat-nutricion-y-dietoterapia","7":"product_tag-nutricion-y-dietoterapia","8":"product_tag-wolters-kluwer","10":"first","11":"instock","12":"featured","13":"taxable","14":"shipping-taxable","15":"purchasable","16":"product-type-simple"},"_links":{"self":[{"href":"https:\/\/edimeinter.com\/libreria\/wp-json\/wp\/v2\/product\/16384","targetHints":{"allow":["GET"]}}],"collection":[{"href":"https:\/\/edimeinter.com\/libreria\/wp-json\/wp\/v2\/product"}],"about":[{"href":"https:\/\/edimeinter.com\/libreria\/wp-json\/wp\/v2\/types\/product"}],"replies":[{"embeddable":true,"href":"https:\/\/edimeinter.com\/libreria\/wp-json\/wp\/v2\/comments?post=16384"}],"version-history":[{"count":4,"href":"https:\/\/edimeinter.com\/libreria\/wp-json\/wp\/v2\/product\/16384\/revisions"}],"predecessor-version":[{"id":16389,"href":"https:\/\/edimeinter.com\/libreria\/wp-json\/wp\/v2\/product\/16384\/revisions\/16389"}],"wp:featuredmedia":[{"embeddable":true,"href":"https:\/\/edimeinter.com\/libreria\/wp-json\/wp\/v2\/media\/16385"}],"wp:attachment":[{"href":"https:\/\/edimeinter.com\/libreria\/wp-json\/wp\/v2\/media?parent=16384"}],"wp:term":[{"taxonomy":"product_cat","embeddable":true,"href":"https:\/\/edimeinter.com\/libreria\/wp-json\/wp\/v2\/product_cat?post=16384"},{"taxonomy":"product_tag","embeddable":true,"href":"https:\/\/edimeinter.com\/libreria\/wp-json\/wp\/v2\/product_tag?post=16384"}],"curies":[{"name":"wp","href":"https:\/\/api.w.org\/{rel}","templated":true}]}}