{"id":16390,"date":"2025-05-05T01:27:30","date_gmt":"2025-05-05T01:27:30","guid":{"rendered":"https:\/\/edimeinter.com\/libreria\/?post_type=product&#038;p=16390"},"modified":"2026-01-12T18:20:41","modified_gmt":"2026-01-12T18:20:41","slug":"medicina-interna-enfoque-basado-en-problemas-1a-edicion","status":"publish","type":"product","link":"https:\/\/edimeinter.com\/libreria\/product\/medicina-interna-enfoque-basado-en-problemas-1a-edicion\/","title":{"rendered":"Medicina Interna. Enfoque basado en problemas. 1\u00aa Edici\u00f3n"},"content":{"rendered":"\t\t<div data-elementor-type=\"wp-post\" data-elementor-id=\"16390\" class=\"elementor elementor-16390\">\n\t\t\t\t<div class=\"elementor-element elementor-element-2612b12 e-flex e-con-boxed e-con e-parent\" data-id=\"2612b12\" data-element_type=\"container\" data-e-type=\"container\">\n\t\t\t\t\t<div class=\"e-con-inner\">\n\t\t\n\t\t<div class=\"elementor-element elementor-element-498707ae elementor-widget elementor-widget-text-editor\" data-id=\"498707ae\" data-element_type=\"widget\" data-e-type=\"widget\" data-widget_type=\"text-editor.default\">\n\t\t\t\t<div class=\"elementor-widget-container\">\n\t\t\t\t\t\t\t\t\t<p>Con un enfoque innovador y sistem\u00e1tico para comprender el diagn\u00f3stico diferencial,\u00a0<b>Medicina Interna. Enfoque basado en problemas\u00a0<\/b>ayuda a los estudiantes de medicina a desarrollar y dominar la metodolog\u00eda de pensamiento cl\u00ednico y del diagn\u00f3stico diferencial de las enfermedades y padecimientos m\u00e1s comunes en medicina interna. El contenido se ha dise\u00f1ado en un formato altamente visual con preguntas y respuestas a partir de un caso cl\u00ednico t\u00edpico para desarrollar, explicar y descartar de forma exhaustiva y estructurada las diferentes posibilidades diagn\u00f3sticas hasta arribar a la entidad cl\u00ednica correcta. Cada caso representa un marco de metodolog\u00eda diagn\u00f3stica integral y representativo de los padecimientos m\u00e1s comunes.<br \/><b>Medicina Interna. Enfoque basado en problemas\u00a0<\/b>es una gu\u00eda sobre el intrincado, pero apasionante, camino del diagn\u00f3stico diferencial. Estudiantes, m\u00e9dicos internos y residentes o aquellos que inician o contin\u00faan su entrenamiento cl\u00ednico en hospitales y que interact\u00faan continuamente con pacientes y colegas podr\u00e1n desarrollar su capacidad diagn\u00f3stica afinando las habilidades de inducci\u00f3n y deducci\u00f3n a partir de signos, s\u00edntomas y estrategias de pensamiento. La obra promueva el arte de la ense\u00f1anza socr\u00e1tica, cuyo proceso de pensamiento no solo descubre lo que se sabe, sino que revela, a\u00fan con mayor claridad, lo que no se sabe. Una obra con la que todos podr\u00e1n aprender.<\/p>\t\t\t\t\t\t\t\t<\/div>\n\t\t\t\t<\/div>\n\t\t\t\t\t<\/div>\n\t\t\t\t<\/div>\n\t\t\t\t<\/div>\n\t\t","protected":false},"excerpt":{"rendered":"<p><strong>Autores:<\/strong> Andre Mansoor<br \/>\n<strong>ISBN:<\/strong> 9788418257278<br \/>\n<strong>Editorial:<\/strong>\u00a0WOLTERS KLUWER<br \/>\n<strong>Edici\u00f3n:<\/strong> 1\u00aa<br \/>\n<strong>Especialidad<\/strong>: Medicina Interna<br \/>\n<strong>P\u00e1ginas<\/strong>: 728<br \/>\n\u00a9 2021<\/p>\n","protected":false},"featured_media":16391,"comment_status":"open","ping_status":"closed","template":"","meta":{"_joinchat":[]},"product_cat":[150],"product_tag":[151,92],"class_list":{"0":"post-16390","1":"product","2":"type-product","3":"status-publish","4":"has-post-thumbnail","6":"product_cat-medicina-interna","7":"product_tag-medicina-interna","8":"product_tag-wolters-kluwer","10":"first","11":"instock","12":"featured","13":"taxable","14":"shipping-taxable","15":"purchasable","16":"product-type-simple"},"_links":{"self":[{"href":"https:\/\/edimeinter.com\/libreria\/wp-json\/wp\/v2\/product\/16390","targetHints":{"allow":["GET"]}}],"collection":[{"href":"https:\/\/edimeinter.com\/libreria\/wp-json\/wp\/v2\/product"}],"about":[{"href":"https:\/\/edimeinter.com\/libreria\/wp-json\/wp\/v2\/types\/product"}],"replies":[{"embeddable":true,"href":"https:\/\/edimeinter.com\/libreria\/wp-json\/wp\/v2\/comments?post=16390"}],"version-history":[{"count":5,"href":"https:\/\/edimeinter.com\/libreria\/wp-json\/wp\/v2\/product\/16390\/revisions"}],"predecessor-version":[{"id":16859,"href":"https:\/\/edimeinter.com\/libreria\/wp-json\/wp\/v2\/product\/16390\/revisions\/16859"}],"wp:featuredmedia":[{"embeddable":true,"href":"https:\/\/edimeinter.com\/libreria\/wp-json\/wp\/v2\/media\/16391"}],"wp:attachment":[{"href":"https:\/\/edimeinter.com\/libreria\/wp-json\/wp\/v2\/media?parent=16390"}],"wp:term":[{"taxonomy":"product_cat","embeddable":true,"href":"https:\/\/edimeinter.com\/libreria\/wp-json\/wp\/v2\/product_cat?post=16390"},{"taxonomy":"product_tag","embeddable":true,"href":"https:\/\/edimeinter.com\/libreria\/wp-json\/wp\/v2\/product_tag?post=16390"}],"curies":[{"name":"wp","href":"https:\/\/api.w.org\/{rel}","templated":true}]}}