{"id":16399,"date":"2025-05-07T19:10:56","date_gmt":"2025-05-07T19:10:56","guid":{"rendered":"https:\/\/edimeinter.com\/libreria\/?post_type=product&#038;p=16399"},"modified":"2025-05-07T19:20:14","modified_gmt":"2025-05-07T19:20:14","slug":"manual-washington-de-patologia-quirurgica-3a-edicion","status":"publish","type":"product","link":"https:\/\/edimeinter.com\/libreria\/product\/manual-washington-de-patologia-quirurgica-3a-edicion\/","title":{"rendered":"Manual Washington de patolog\u00eda quir\u00fargica. 3\u00aa Edici\u00f3n"},"content":{"rendered":"\t\t<div data-elementor-type=\"wp-post\" data-elementor-id=\"16399\" class=\"elementor elementor-16399\">\n\t\t\t\t<div class=\"elementor-element elementor-element-2612b12 e-flex e-con-boxed e-con e-parent\" data-id=\"2612b12\" data-element_type=\"container\" data-e-type=\"container\">\n\t\t\t\t\t<div class=\"e-con-inner\">\n\t\t\n\t\t<div class=\"elementor-element elementor-element-498707ae elementor-widget elementor-widget-text-editor\" data-id=\"498707ae\" data-element_type=\"widget\" data-e-type=\"widget\" data-widget_type=\"text-editor.default\">\n\t\t\t\t<div class=\"elementor-widget-container\">\n\t\t\t\t\t\t\t\t\t<p>Presentado en el conocido formato de los manuales Washington\u00ae, este excelente libro constituye una gu\u00eda \u00f3ptima para la pr\u00e1ctica cl\u00ednica de la patolog\u00eda quir\u00fargica.\u00a0<b>Manual Washington\u00ae de patolog\u00eda quir\u00fargica\u00a0<\/b>tiene como objetivo responder a las necesidades inmediatas de anatomopat\u00f3logos y residentes de patolog\u00eda en una realidad diaria en la que el tiempo es una parte vital del trabajo. Tambi\u00e9n puede funcionar como gu\u00eda de apoyo para estudiantes de medicina.<br \/>En los primeros cap\u00edtulos de esta 3.\u00aa edici\u00f3n, completamente actualizada, se cubren todos los aspectos de la patolog\u00eda quir\u00fargica para cada \u00f3rgano y sitio anat\u00f3mico, incluidos anatom\u00eda normal, examen macrosc\u00f3pico y disecci\u00f3n, diagn\u00f3stico microsc\u00f3pico de enfermedades quir\u00fargicas y m\u00e9dicas, clasificaci\u00f3n de los tumores, y estadificaci\u00f3n. Los \u00faltimos cap\u00edtulos cubren los principios generales de la citopatolog\u00eda y diversas t\u00e9cnicas de patolog\u00eda quir\u00fargica adicionales, como inmunohistoqu\u00edmica, inmunofluorescencia, microscop\u00eda electr\u00f3nica, diagn\u00f3stico por secci\u00f3n congelada, citometr\u00eda de flujo, m\u00e9todos moleculares basados en ADN y ARN, y t\u00e9cnicas de imagen.<\/p>\t\t\t\t\t\t\t\t<\/div>\n\t\t\t\t<\/div>\n\t\t\t\t\t<\/div>\n\t\t\t\t<\/div>\n\t\t\t\t<\/div>\n\t\t","protected":false},"excerpt":{"rendered":"<p><strong>Autores:<\/strong> John D. Pfeifer MD, PhD, Louis P. Dehner MD, Peter A. Humphrey MD, PhD<br \/>\n<strong>ISBN:<\/strong> 9788418257537<br \/>\n<strong>Editorial:<\/strong>\u00a0WOLTERS KLUWER<br \/>\n<strong>Edici\u00f3n:<\/strong> 3\u00aa<br \/>\n<strong>Especialidad<\/strong>: Patolog\u00eda<br \/>\n<strong>P\u00e1ginas<\/strong>: 992<br \/>\n\u00a9 2021<\/p>\n","protected":false},"featured_media":16400,"comment_status":"open","ping_status":"closed","template":"","meta":{"_joinchat":[]},"product_cat":[134],"product_tag":[135,92],"class_list":{"0":"post-16399","1":"product","2":"type-product","3":"status-publish","4":"has-post-thumbnail","6":"product_cat-patologia","7":"product_tag-patologia","8":"product_tag-wolters-kluwer","10":"first","11":"instock","12":"featured","13":"taxable","14":"shipping-taxable","15":"purchasable","16":"product-type-simple"},"_links":{"self":[{"href":"https:\/\/edimeinter.com\/libreria\/wp-json\/wp\/v2\/product\/16399","targetHints":{"allow":["GET"]}}],"collection":[{"href":"https:\/\/edimeinter.com\/libreria\/wp-json\/wp\/v2\/product"}],"about":[{"href":"https:\/\/edimeinter.com\/libreria\/wp-json\/wp\/v2\/types\/product"}],"replies":[{"embeddable":true,"href":"https:\/\/edimeinter.com\/libreria\/wp-json\/wp\/v2\/comments?post=16399"}],"version-history":[{"count":5,"href":"https:\/\/edimeinter.com\/libreria\/wp-json\/wp\/v2\/product\/16399\/revisions"}],"predecessor-version":[{"id":16412,"href":"https:\/\/edimeinter.com\/libreria\/wp-json\/wp\/v2\/product\/16399\/revisions\/16412"}],"wp:featuredmedia":[{"embeddable":true,"href":"https:\/\/edimeinter.com\/libreria\/wp-json\/wp\/v2\/media\/16400"}],"wp:attachment":[{"href":"https:\/\/edimeinter.com\/libreria\/wp-json\/wp\/v2\/media?parent=16399"}],"wp:term":[{"taxonomy":"product_cat","embeddable":true,"href":"https:\/\/edimeinter.com\/libreria\/wp-json\/wp\/v2\/product_cat?post=16399"},{"taxonomy":"product_tag","embeddable":true,"href":"https:\/\/edimeinter.com\/libreria\/wp-json\/wp\/v2\/product_tag?post=16399"}],"curies":[{"name":"wp","href":"https:\/\/api.w.org\/{rel}","templated":true}]}}