{"id":16413,"date":"2025-05-07T19:20:54","date_gmt":"2025-05-07T19:20:54","guid":{"rendered":"https:\/\/edimeinter.com\/libreria\/?post_type=product&#038;p=16413"},"modified":"2025-08-28T21:27:22","modified_gmt":"2025-08-28T21:27:22","slug":"devita-hellman-y-rosenberg-cancer-principios-y-practica-de-oncologia-12a-edicion","status":"publish","type":"product","link":"https:\/\/edimeinter.com\/libreria\/product\/devita-hellman-y-rosenberg-cancer-principios-y-practica-de-oncologia-12a-edicion\/","title":{"rendered":"DeVita, Hellman y Rosenberg. C\u00e1ncer. Principios y pr\u00e1ctica de oncolog\u00eda. 12\u00aa Edici\u00f3n"},"content":{"rendered":"\t\t<div data-elementor-type=\"wp-post\" data-elementor-id=\"16413\" class=\"elementor elementor-16413\">\n\t\t\t\t<div class=\"elementor-element elementor-element-2612b12 e-flex e-con-boxed e-con e-parent\" data-id=\"2612b12\" data-element_type=\"container\" data-e-type=\"container\">\n\t\t\t\t\t<div class=\"e-con-inner\">\n\t\t\n\t\t<div class=\"elementor-element elementor-element-498707ae elementor-widget elementor-widget-text-editor\" data-id=\"498707ae\" data-element_type=\"widget\" data-e-type=\"widget\" data-widget_type=\"text-editor.default\">\n\t\t\t\t<div class=\"elementor-widget-container\">\n\t\t\t\t\t\t\t\t\t<p>Durante cuatro d\u00e9cadas,\u00a0<b>DeVita, Hellman y Rosenberg. C\u00e1ncer: principios y pr\u00e1ctica de Oncolog\u00eda\u00a0<\/b>se ha posicionado como el est\u00e1ndar de referencia en la oncolog\u00eda. Esta obra magistral, creada bajo la batuta de los doctores Vincent T. DeVita, Jr., Theodore S. Lawrence y Steven A. Rosenberg, junto con un equipo destacado de colaboradores, ofrece orientaci\u00f3n experta y estrategias para el abordaje integral de cada tipo de c\u00e1ncer por estadio o presentaci\u00f3n cl\u00ednica.<br \/>Desde su primera edici\u00f3n, esta obra ha reflejado a cabalidad el estado de la oncolog\u00eda en el mundo. Ahora en su duod\u00e9cima edici\u00f3n, la obra integra una profunda renovaci\u00f3n y sinton\u00eda con el estado actual de disciplinas como la biolog\u00eda del c\u00e1ncer y sus diferentes formas de intervenci\u00f3n cl\u00ednica. El contenido se organiza en tres secciones principales en las que se cubren etiolog\u00eda y prevenci\u00f3n del c\u00e1ncer, terap\u00e9utica del c\u00e1ncer y pr\u00e1ctica cl\u00ednica de la oncolog\u00eda. Cada secci\u00f3n se ha dise\u00f1ado meticulosamente para ofrecer a los lectores los avances m\u00e1s recientes en biolog\u00eda molecular, tratamientos dirigidos, inmunoterapia y otras \u00e1reas cruciales de la especialidad.<br \/><b>DeVita, Hellman y Rosenberg. C\u00e1ncer: principios y pr\u00e1ctica de Oncolog\u00eda\u00a0<\/b>se mantiene como la referencia definitiva e indispensable para los profesionales dedicados y comprometidos con esta trascendente y din\u00e1mica especialidad m\u00e9dica.<\/p>\t\t\t\t\t\t\t\t<\/div>\n\t\t\t\t<\/div>\n\t\t\t\t\t<\/div>\n\t\t\t\t<\/div>\n\t\t\t\t<\/div>\n\t\t","protected":false},"excerpt":{"rendered":"<p><strong>Autores:<\/strong> Vincent T. DeVita Jr. MD, Steven A. Rosenberg MD, PhD, Theodore S. Lawrence MD, PhD<br \/>\n<strong>ISBN:<\/strong> 9788419663085<br \/>\n<strong>Editorial:<\/strong>\u00a0WOLTERS KLUWER<br \/>\n<strong>Edici\u00f3n:<\/strong> 12\u00aa<br \/>\n<strong>Especialidad<\/strong>: Oncolog\u00eda<br \/>\n<strong>P\u00e1ginas<\/strong>: 1959<br \/>\n\u00a9 2023<\/p>\n","protected":false},"featured_media":16414,"comment_status":"open","ping_status":"closed","template":"","meta":{"_joinchat":[]},"product_cat":[77],"product_tag":[78,92],"class_list":{"0":"post-16413","1":"product","2":"type-product","3":"status-publish","4":"has-post-thumbnail","6":"product_cat-oncologia","7":"product_tag-oncologia","8":"product_tag-wolters-kluwer","10":"first","11":"instock","12":"featured","13":"taxable","14":"shipping-taxable","15":"purchasable","16":"product-type-simple"},"_links":{"self":[{"href":"https:\/\/edimeinter.com\/libreria\/wp-json\/wp\/v2\/product\/16413","targetHints":{"allow":["GET"]}}],"collection":[{"href":"https:\/\/edimeinter.com\/libreria\/wp-json\/wp\/v2\/product"}],"about":[{"href":"https:\/\/edimeinter.com\/libreria\/wp-json\/wp\/v2\/types\/product"}],"replies":[{"embeddable":true,"href":"https:\/\/edimeinter.com\/libreria\/wp-json\/wp\/v2\/comments?post=16413"}],"version-history":[{"count":5,"href":"https:\/\/edimeinter.com\/libreria\/wp-json\/wp\/v2\/product\/16413\/revisions"}],"predecessor-version":[{"id":16498,"href":"https:\/\/edimeinter.com\/libreria\/wp-json\/wp\/v2\/product\/16413\/revisions\/16498"}],"wp:featuredmedia":[{"embeddable":true,"href":"https:\/\/edimeinter.com\/libreria\/wp-json\/wp\/v2\/media\/16414"}],"wp:attachment":[{"href":"https:\/\/edimeinter.com\/libreria\/wp-json\/wp\/v2\/media?parent=16413"}],"wp:term":[{"taxonomy":"product_cat","embeddable":true,"href":"https:\/\/edimeinter.com\/libreria\/wp-json\/wp\/v2\/product_cat?post=16413"},{"taxonomy":"product_tag","embeddable":true,"href":"https:\/\/edimeinter.com\/libreria\/wp-json\/wp\/v2\/product_tag?post=16413"}],"curies":[{"name":"wp","href":"https:\/\/api.w.org\/{rel}","templated":true}]}}