{"id":16419,"date":"2025-05-07T19:29:22","date_gmt":"2025-05-07T19:29:22","guid":{"rendered":"https:\/\/edimeinter.com\/libreria\/?post_type=product&#038;p=16419"},"modified":"2025-10-02T21:23:39","modified_gmt":"2025-10-02T21:23:39","slug":"anatomia-y-tecnicas-quirurgicas-5a-edicion","status":"publish","type":"product","link":"https:\/\/edimeinter.com\/libreria\/product\/anatomia-y-tecnicas-quirurgicas-5a-edicion\/","title":{"rendered":"Anatom\u00eda y T\u00e9cnicas Quir\u00fargicas. 5\u00aa Edici\u00f3n"},"content":{"rendered":"\t\t<div data-elementor-type=\"wp-post\" data-elementor-id=\"16419\" class=\"elementor elementor-16419\">\n\t\t\t\t<div class=\"elementor-element elementor-element-2612b12 e-flex e-con-boxed e-con e-parent\" data-id=\"2612b12\" data-element_type=\"container\" data-e-type=\"container\">\n\t\t\t\t\t<div class=\"e-con-inner\">\n\t\t\n\t\t<div class=\"elementor-element elementor-element-498707ae elementor-widget elementor-widget-text-editor\" data-id=\"498707ae\" data-element_type=\"widget\" data-e-type=\"widget\" data-widget_type=\"text-editor.default\">\n\t\t\t\t<div class=\"elementor-widget-container\">\n\t\t\t\t\t\t\t\t\t<div class=\"accordionContent pulir\"><div class=\"accordionContent pulir\"><p>La quinta edici\u00f3n de Anatom\u00eda y t\u00e9cnicas quir\u00fargicas contin\u00faa con la tradici\u00f3n de brindar una ense\u00f1anza concisa, accesible y abundantemente ilustrada, tanto para los cirujanos en formaci\u00f3n como para los especialistas m\u00e1s experimentados. En esta nueva edici\u00f3n han sido revisados de manera minuciosa todos los cap\u00edtulos de la anterior. Se han agregado nuevas ilustraciones a color que facilitan el aprendizaje de la t\u00e9cnica y permiten una mejor apreciaci\u00f3n de la anatom\u00eda; se han actualizado los abordajes y los instrumentos quir\u00fargicos, y se han sumado secciones sobre complicaciones anat\u00f3micas y t\u00e9c<span class=\"shorten-detail\">nicas rob\u00f3ticas. La novedad de esta quinta edici\u00f3n es la incorporaci\u00f3n de tres importantes cap\u00edtulos con el objetivo de que los cirujanos aprendan m\u00e1s sobre estas estructuras: hernia deportiva, t\u00e9cnicas ablativas para el tratamiento de la enfermedad venosa superficial sintom\u00e1tica, y ri\u00f1\u00f3n y ur\u00e9ter.<\/span><\/p><\/div><\/div>\t\t\t\t\t\t\t\t<\/div>\n\t\t\t\t<\/div>\n\t\t\t\t\t<\/div>\n\t\t\t\t<\/div>\n\t\t\t\t<\/div>\n\t\t","protected":false},"excerpt":{"rendered":"<p><strong>Autores:<\/strong> Lee J. Skandalakis<br \/>\n<strong>ISBN:<\/strong> 978987452623<br \/>\n<strong>Editorial:<\/strong>\u00a0Ediciones Journal<br \/>\n<strong>Edici\u00f3n:<\/strong> 5\u00aa<br \/>\n<strong>Especialidad<\/strong>: Cirug\u00eda<br \/>\n<strong>P\u00e1ginas<\/strong>: 784<br \/>\n\u00a9 2023<\/p>\n","protected":false},"featured_media":16420,"comment_status":"open","ping_status":"closed","template":"","meta":{"_joinchat":[]},"product_cat":[175],"product_tag":[176,110],"class_list":{"0":"post-16419","1":"product","2":"type-product","3":"status-publish","4":"has-post-thumbnail","6":"product_cat-cirugia","7":"product_tag-cirugia","8":"product_tag-ediciones-journal","10":"first","11":"instock","12":"featured","13":"taxable","14":"shipping-taxable","15":"purchasable","16":"product-type-simple"},"_links":{"self":[{"href":"https:\/\/edimeinter.com\/libreria\/wp-json\/wp\/v2\/product\/16419","targetHints":{"allow":["GET"]}}],"collection":[{"href":"https:\/\/edimeinter.com\/libreria\/wp-json\/wp\/v2\/product"}],"about":[{"href":"https:\/\/edimeinter.com\/libreria\/wp-json\/wp\/v2\/types\/product"}],"replies":[{"embeddable":true,"href":"https:\/\/edimeinter.com\/libreria\/wp-json\/wp\/v2\/comments?post=16419"}],"version-history":[{"count":5,"href":"https:\/\/edimeinter.com\/libreria\/wp-json\/wp\/v2\/product\/16419\/revisions"}],"predecessor-version":[{"id":17409,"href":"https:\/\/edimeinter.com\/libreria\/wp-json\/wp\/v2\/product\/16419\/revisions\/17409"}],"wp:featuredmedia":[{"embeddable":true,"href":"https:\/\/edimeinter.com\/libreria\/wp-json\/wp\/v2\/media\/16420"}],"wp:attachment":[{"href":"https:\/\/edimeinter.com\/libreria\/wp-json\/wp\/v2\/media?parent=16419"}],"wp:term":[{"taxonomy":"product_cat","embeddable":true,"href":"https:\/\/edimeinter.com\/libreria\/wp-json\/wp\/v2\/product_cat?post=16419"},{"taxonomy":"product_tag","embeddable":true,"href":"https:\/\/edimeinter.com\/libreria\/wp-json\/wp\/v2\/product_tag?post=16419"}],"curies":[{"name":"wp","href":"https:\/\/api.w.org\/{rel}","templated":true}]}}