{"id":16425,"date":"2025-05-07T20:01:52","date_gmt":"2025-05-07T20:01:52","guid":{"rendered":"https:\/\/edimeinter.com\/libreria\/?post_type=product&#038;p=16425"},"modified":"2025-05-07T20:11:52","modified_gmt":"2025-05-07T20:11:52","slug":"fisiologia-pediatrica-aplicada-a-la-clinica-1a-edicion","status":"publish","type":"product","link":"https:\/\/edimeinter.com\/libreria\/product\/fisiologia-pediatrica-aplicada-a-la-clinica-1a-edicion\/","title":{"rendered":"Manual de Endocrinolog\u00eda Ginecol\u00f3gica y Reproductiva. 1\u00aa Edici\u00f3n"},"content":{"rendered":"\t\t<div data-elementor-type=\"wp-post\" data-elementor-id=\"16425\" class=\"elementor elementor-16425\">\n\t\t\t\t<div class=\"elementor-element elementor-element-2612b12 e-flex e-con-boxed e-con e-parent\" data-id=\"2612b12\" data-element_type=\"container\" data-e-type=\"container\">\n\t\t\t\t\t<div class=\"e-con-inner\">\n\t\t\n\t\t<div class=\"elementor-element elementor-element-498707ae elementor-widget elementor-widget-text-editor\" data-id=\"498707ae\" data-element_type=\"widget\" data-e-type=\"widget\" data-widget_type=\"text-editor.default\">\n\t\t\t\t<div class=\"elementor-widget-container\">\n\t\t\t\t\t\t\t\t\t<div class=\"accordionContent pulir\"><div class=\"accordionContent pulir\"><p>El Manual cl\u00ednico de endocrinolog\u00eda ginecol\u00f3gica y reproductiva de la Sociedad Argentina de Endocrinolog\u00eda Ginecol\u00f3gica y Reproductiva (SAEGRE) es una puesta al d\u00eda en la informaci\u00f3n, enfoque y tratamiento de todas las \u00e1reas de la especialidad: ginecolog\u00eda pedi\u00e1trica, adolescencia y sexualidad, anticoncepci\u00f3n, menopausia, enfermedades endocrinas, s\u00edndrome metab\u00f3lico e infertilidad. El contenido, elaborado por profesionales especializados e id\u00f3neos en cada tema, es presentado de manera \u00e1gil y did\u00e1ctica mediante cuadros, gr\u00e1ficos, algoritmos y una lista de puntos relevantes al final de cada cap\u00edt<span class=\"shorten-detail\">ulo. Manual cl\u00ednico de endocrinolog\u00eda ginecol\u00f3gica y reproductiva es una obra esencial para endocrin\u00f3logos, ginec\u00f3logos y especialistas en reproducci\u00f3n.<\/span><\/p><\/div><\/div>\t\t\t\t\t\t\t\t<\/div>\n\t\t\t\t<\/div>\n\t\t\t\t\t<\/div>\n\t\t\t\t<\/div>\n\t\t\t\t<\/div>\n\t\t","protected":false},"excerpt":{"rendered":"<p><strong>Autores:<\/strong> Soc Arg Endocrinolog\u00eda Ginecologica y Reprod SAEGRE<br \/>\n<strong>ISBN:<\/strong> 9789874922717<br \/>\n<strong>Editorial:<\/strong>\u00a0Ediciones Journal<br \/>\n<strong>Edici\u00f3n:<\/strong> 1\u00aa<br \/>\n<strong>Especialidad<\/strong>: Ginecolog\u00eda<br \/>\n<strong>P\u00e1ginas<\/strong>: 646<br \/>\n\u00a9 2020<\/p>\n","protected":false},"featured_media":16429,"comment_status":"open","ping_status":"closed","template":"","meta":{"_joinchat":[]},"product_cat":[183],"product_tag":[110,184],"class_list":{"0":"post-16425","1":"product","2":"type-product","3":"status-publish","4":"has-post-thumbnail","6":"product_cat-ginecologia","7":"product_tag-ediciones-journal","8":"product_tag-ginecologia","10":"first","11":"instock","12":"featured","13":"taxable","14":"shipping-taxable","15":"purchasable","16":"product-type-simple"},"_links":{"self":[{"href":"https:\/\/edimeinter.com\/libreria\/wp-json\/wp\/v2\/product\/16425","targetHints":{"allow":["GET"]}}],"collection":[{"href":"https:\/\/edimeinter.com\/libreria\/wp-json\/wp\/v2\/product"}],"about":[{"href":"https:\/\/edimeinter.com\/libreria\/wp-json\/wp\/v2\/types\/product"}],"replies":[{"embeddable":true,"href":"https:\/\/edimeinter.com\/libreria\/wp-json\/wp\/v2\/comments?post=16425"}],"version-history":[{"count":5,"href":"https:\/\/edimeinter.com\/libreria\/wp-json\/wp\/v2\/product\/16425\/revisions"}],"predecessor-version":[{"id":16433,"href":"https:\/\/edimeinter.com\/libreria\/wp-json\/wp\/v2\/product\/16425\/revisions\/16433"}],"wp:featuredmedia":[{"embeddable":true,"href":"https:\/\/edimeinter.com\/libreria\/wp-json\/wp\/v2\/media\/16429"}],"wp:attachment":[{"href":"https:\/\/edimeinter.com\/libreria\/wp-json\/wp\/v2\/media?parent=16425"}],"wp:term":[{"taxonomy":"product_cat","embeddable":true,"href":"https:\/\/edimeinter.com\/libreria\/wp-json\/wp\/v2\/product_cat?post=16425"},{"taxonomy":"product_tag","embeddable":true,"href":"https:\/\/edimeinter.com\/libreria\/wp-json\/wp\/v2\/product_tag?post=16425"}],"curies":[{"name":"wp","href":"https:\/\/api.w.org\/{rel}","templated":true}]}}