{"id":16434,"date":"2025-05-07T20:16:00","date_gmt":"2025-05-07T20:16:00","guid":{"rendered":"https:\/\/edimeinter.com\/libreria\/?post_type=product&#038;p=16434"},"modified":"2026-02-13T16:13:32","modified_gmt":"2026-02-13T16:13:32","slug":"medicina-interna-basada-en-la-evidencia-5a-edicion","status":"publish","type":"product","link":"https:\/\/edimeinter.com\/libreria\/product\/medicina-interna-basada-en-la-evidencia-5a-edicion\/","title":{"rendered":"Medicina Interna Basada en la Evidencia. 5\u00aa Edici\u00f3n"},"content":{"rendered":"\t\t<div data-elementor-type=\"wp-post\" data-elementor-id=\"16434\" class=\"elementor elementor-16434\">\n\t\t\t\t<div class=\"elementor-element elementor-element-2612b12 e-flex e-con-boxed e-con e-parent\" data-id=\"2612b12\" data-element_type=\"container\" data-e-type=\"container\">\n\t\t\t\t\t<div class=\"e-con-inner\">\n\t\t\n\t\t<div class=\"elementor-element elementor-element-498707ae elementor-widget elementor-widget-text-editor\" data-id=\"498707ae\" data-element_type=\"widget\" data-e-type=\"widget\" data-widget_type=\"text-editor.default\">\n\t\t\t\t<div class=\"elementor-widget-container\">\n\t\t\t\t\t\t\t\t\t<div class=\"accordionContent pulir\"><div class=\"accordionContent pulir\"><p>*Medicina Interna Basada en la Evidencia 2024\/25* La 5.ta edici\u00f3n latinoamericana del manual, Medicina Interna Basada en la Evidencia 2024\/25, ha sido desarrollada por un prestigioso grupo de expertos de Argentina, Chile, Colombia, M\u00e9xico y Per\u00fa. Bajo la supervisi\u00f3n y revisi\u00f3n del Profesor Rodolfo Armas Merino, y con el auspicio de la Sociedad Argentina de Medicina, el Colegio M\u00e9dico de Chile, el Colegio de Medicina Interna de M\u00e9xico A.C. y la Asociaci\u00f3n Colombiana de Medicina Interna, esta edici\u00f3n se presenta como una obra esencial para la pr\u00e1ctica m\u00e9dica.<\/p><p>*Novedades y caracter\u00edsticas destaca<span class=\"shorten-detail\">das* Esta nueva edici\u00f3n no solo incorpora las recomendaciones internacionales y las gu\u00edas de procedimiento cl\u00ednico m\u00e1s recientes, sino que tambi\u00e9n ofrece nuevos cap\u00edtulos y adaptaciones a la realidad local de los pa\u00edses latinoamericanos a trav\u00e9s de cuadros de Perspectivas. La renovada presentaci\u00f3n gr\u00e1fica de las subespecialidades convierte al libro en una herramienta a\u00fan m\u00e1s accesible y pr\u00e1ctica para el uso diario de los m\u00e9dicos. <\/span><\/p><p><span class=\"shorten-detail\">*\u00bfA qui\u00e9n va dirigido?* El manual est\u00e1 pensado principalmente para m\u00e9dicos internistas, pero tambi\u00e9n es de gran utilidad para otros especialistas relacionados con la medicina interna, m\u00e9dicos de familia, m\u00e9dicos residentes, estudiantes de medicina y, en general, para todos aquellos profesionales de la salud que buscan fuentes de conocimiento m\u00e9dico actualizadas, fiables y pr\u00e1cticas para su ejercicio cl\u00ednico diario.<\/span><\/p><\/div><\/div>\t\t\t\t\t\t\t\t<\/div>\n\t\t\t\t<\/div>\n\t\t\t\t\t<\/div>\n\t\t\t\t<\/div>\n\t\t\t\t<\/div>\n\t\t","protected":false},"excerpt":{"rendered":"<p><strong>Autores:<\/strong> Rodolfo Armas Merino<br \/>\n<strong>ISBN:<\/strong> 9788396362223<br \/>\n<strong>Editorial:<\/strong>\u00a0Ediciones Journal<br \/>\n<strong>Edici\u00f3n:<\/strong> 5\u00aa<br \/>\n<strong>Especialidad<\/strong>: Medicina Interna<br \/>\n<strong>P\u00e1ginas<\/strong>: 1800<br \/>\n\u00a9 2025<\/p>\n","protected":false},"featured_media":16435,"comment_status":"open","ping_status":"closed","template":"","meta":{"_joinchat":[]},"product_cat":[150],"product_tag":[239,110,151],"class_list":{"0":"post-16434","1":"product","2":"type-product","3":"status-publish","4":"has-post-thumbnail","6":"product_cat-medicina-interna","7":"product_tag-239","8":"product_tag-ediciones-journal","9":"product_tag-medicina-interna","11":"first","12":"instock","13":"featured","14":"taxable","15":"shipping-taxable","16":"purchasable","17":"product-type-simple"},"_links":{"self":[{"href":"https:\/\/edimeinter.com\/libreria\/wp-json\/wp\/v2\/product\/16434","targetHints":{"allow":["GET"]}}],"collection":[{"href":"https:\/\/edimeinter.com\/libreria\/wp-json\/wp\/v2\/product"}],"about":[{"href":"https:\/\/edimeinter.com\/libreria\/wp-json\/wp\/v2\/types\/product"}],"replies":[{"embeddable":true,"href":"https:\/\/edimeinter.com\/libreria\/wp-json\/wp\/v2\/comments?post=16434"}],"version-history":[{"count":5,"href":"https:\/\/edimeinter.com\/libreria\/wp-json\/wp\/v2\/product\/16434\/revisions"}],"predecessor-version":[{"id":16865,"href":"https:\/\/edimeinter.com\/libreria\/wp-json\/wp\/v2\/product\/16434\/revisions\/16865"}],"wp:featuredmedia":[{"embeddable":true,"href":"https:\/\/edimeinter.com\/libreria\/wp-json\/wp\/v2\/media\/16435"}],"wp:attachment":[{"href":"https:\/\/edimeinter.com\/libreria\/wp-json\/wp\/v2\/media?parent=16434"}],"wp:term":[{"taxonomy":"product_cat","embeddable":true,"href":"https:\/\/edimeinter.com\/libreria\/wp-json\/wp\/v2\/product_cat?post=16434"},{"taxonomy":"product_tag","embeddable":true,"href":"https:\/\/edimeinter.com\/libreria\/wp-json\/wp\/v2\/product_tag?post=16434"}],"curies":[{"name":"wp","href":"https:\/\/api.w.org\/{rel}","templated":true}]}}