{"id":16440,"date":"2025-05-07T20:33:33","date_gmt":"2025-05-07T20:33:33","guid":{"rendered":"https:\/\/edimeinter.com\/libreria\/?post_type=product&#038;p=16440"},"modified":"2026-03-06T18:41:41","modified_gmt":"2026-03-06T18:41:41","slug":"metodologia-de-la-investigacion-2a-edicion","status":"publish","type":"product","link":"https:\/\/edimeinter.com\/libreria\/product\/metodologia-de-la-investigacion-2a-edicion\/","title":{"rendered":"Metodolog\u00eda de la investigaci\u00f3n. 2\u00aa Edici\u00f3n"},"content":{"rendered":"\t\t<div data-elementor-type=\"wp-post\" data-elementor-id=\"16440\" class=\"elementor elementor-16440\">\n\t\t\t\t<div class=\"elementor-element elementor-element-2612b12 e-flex e-con-boxed e-con e-parent\" data-id=\"2612b12\" data-element_type=\"container\" data-e-type=\"container\">\n\t\t\t\t\t<div class=\"e-con-inner\">\n\t\t\n\t\t<div class=\"elementor-element elementor-element-498707ae elementor-widget elementor-widget-text-editor\" data-id=\"498707ae\" data-element_type=\"widget\" data-e-type=\"widget\" data-widget_type=\"text-editor.default\">\n\t\t\t\t<div class=\"elementor-widget-container\">\n\t\t\t\t\t\t\t\t\t<p>Se trata de un texto completamente actualizado e innovador, mucho m\u00e1s gr\u00e1fico, did\u00e1ctico, personalizado y multidisciplinario. Su contenido se refiere a la investigaci\u00f3n cient\u00edfica y a la investigaci\u00f3n aplicada al desarrollo profesional; y es producto de las ideas, aportaciones y experiencias que han proporcionado centenas de docentes e investigadores en Iberoam\u00e9rica y diversos cient\u00edficos y profesionales del mundo. El resultado es una obra interactiva que vincula el contenido del texto impreso con los contenidos digitales y el material del Centro de Recursos en L\u00ednea.<\/p>\t\t\t\t\t\t\t\t<\/div>\n\t\t\t\t<\/div>\n\t\t\t\t\t<\/div>\n\t\t\t\t<\/div>\n\t\t\t\t<\/div>\n\t\t","protected":false},"excerpt":{"rendered":"<p><strong>Autores:<\/strong> Roberto Hern\u00e1ndez Sampieri Christian Paulina Mendoza Torres<br \/>\n<strong>ISBN:<\/strong> 9786071520319<br \/>\n<strong>Editorial:<\/strong>\u00a0McGraw-Hill<br \/>\n<strong>Edici\u00f3n:<\/strong>\u00a02\u00aa<br \/>\n<strong>Especialidad<\/strong>: Investigaci\u00f3n<br \/>\n<strong>P\u00e1ginas<\/strong>: 752<br \/>\n\u00a9 2024<\/p>\n","protected":false},"featured_media":16441,"comment_status":"open","ping_status":"closed","template":"","meta":{"_joinchat":[]},"product_cat":[249],"product_tag":[250,99],"class_list":{"0":"post-16440","1":"product","2":"type-product","3":"status-publish","4":"has-post-thumbnail","6":"product_cat-investigacion","7":"product_tag-investigacion","8":"product_tag-mcgraw-hill","10":"first","11":"outofstock","12":"featured","13":"taxable","14":"shipping-taxable","15":"purchasable","16":"product-type-simple"},"_links":{"self":[{"href":"https:\/\/edimeinter.com\/libreria\/wp-json\/wp\/v2\/product\/16440","targetHints":{"allow":["GET"]}}],"collection":[{"href":"https:\/\/edimeinter.com\/libreria\/wp-json\/wp\/v2\/product"}],"about":[{"href":"https:\/\/edimeinter.com\/libreria\/wp-json\/wp\/v2\/types\/product"}],"replies":[{"embeddable":true,"href":"https:\/\/edimeinter.com\/libreria\/wp-json\/wp\/v2\/comments?post=16440"}],"version-history":[{"count":5,"href":"https:\/\/edimeinter.com\/libreria\/wp-json\/wp\/v2\/product\/16440\/revisions"}],"predecessor-version":[{"id":17841,"href":"https:\/\/edimeinter.com\/libreria\/wp-json\/wp\/v2\/product\/16440\/revisions\/17841"}],"wp:featuredmedia":[{"embeddable":true,"href":"https:\/\/edimeinter.com\/libreria\/wp-json\/wp\/v2\/media\/16441"}],"wp:attachment":[{"href":"https:\/\/edimeinter.com\/libreria\/wp-json\/wp\/v2\/media?parent=16440"}],"wp:term":[{"taxonomy":"product_cat","embeddable":true,"href":"https:\/\/edimeinter.com\/libreria\/wp-json\/wp\/v2\/product_cat?post=16440"},{"taxonomy":"product_tag","embeddable":true,"href":"https:\/\/edimeinter.com\/libreria\/wp-json\/wp\/v2\/product_tag?post=16440"}],"curies":[{"name":"wp","href":"https:\/\/api.w.org\/{rel}","templated":true}]}}