{"id":16448,"date":"2025-05-07T20:55:04","date_gmt":"2025-05-07T20:55:04","guid":{"rendered":"https:\/\/edimeinter.com\/libreria\/?post_type=product&#038;p=16448"},"modified":"2025-05-07T21:22:29","modified_gmt":"2025-05-07T21:22:29","slug":"guias-de-practica-en-tocoginecologia-obstetricia-1a-edicion-copia","status":"publish","type":"product","link":"https:\/\/edimeinter.com\/libreria\/product\/guias-de-practica-en-tocoginecologia-obstetricia-1a-edicion-copia\/","title":{"rendered":"Gu\u00edas de pr\u00e1ctica en Tocoginecolog\u00eda Obstetricia. 1\u00aa Edici\u00f3n"},"content":{"rendered":"\t\t<div data-elementor-type=\"wp-post\" data-elementor-id=\"16448\" class=\"elementor elementor-16448\">\n\t\t\t\t<div class=\"elementor-element elementor-element-2612b12 e-flex e-con-boxed e-con e-parent\" data-id=\"2612b12\" data-element_type=\"container\" data-e-type=\"container\">\n\t\t\t\t\t<div class=\"e-con-inner\">\n\t\t\n\t\t<div class=\"elementor-element elementor-element-498707ae elementor-widget elementor-widget-text-editor\" data-id=\"498707ae\" data-element_type=\"widget\" data-e-type=\"widget\" data-widget_type=\"text-editor.default\">\n\t\t\t\t<div class=\"elementor-widget-container\">\n\t\t\t\t\t\t\t\t\t<p class=\"font-light !leading-[22px] tracking-[1.12px] text-base mb-3 text-gray-500\">Esta valiosa obra de la Sociedad de Obstetricia y Ginecolog\u00eda de Buenos Aires (SOGIBA) ofrece a los profesionales de la salud, una gu\u00eda para su pr\u00e1ctica asistencial, tanto en el \u00e1mbito de la consulta ambulatoria como en la urgencia, e incluye los temas prevalentes y de mayor inter\u00e9s en el ejercicio de la Ginecolog\u00eda y la Obstetricia.<\/p>\t\t\t\t\t\t\t\t<\/div>\n\t\t\t\t<\/div>\n\t\t\t\t\t<\/div>\n\t\t\t\t<\/div>\n\t\t\t\t<\/div>\n\t\t","protected":false},"excerpt":{"rendered":"<p><strong>Autores:\u00a0<\/strong>SOGIBA \u2013 Sociedad de Obstetricia y Ginecolog\u00eda de Buenos Aires<br \/>\n<strong>ISBN:<\/strong> 9789500697132<br \/>\n<strong>Editorial:<\/strong>\u00a0Panamericana<br \/>\n<strong>Edici\u00f3n:<\/strong>\u00a01\u00aa<br \/>\n<strong>Especialidad<\/strong>: Ginecolog\u00eda y Obstetricia<br \/>\n<strong>P\u00e1ginas<\/strong>: 368<br \/>\n\u00a9 2023<\/p>\n","protected":false},"featured_media":10785,"comment_status":"open","ping_status":"closed","template":"","meta":{"_joinchat":[]},"product_cat":[104],"product_tag":[105,70],"class_list":{"0":"post-16448","1":"product","2":"type-product","3":"status-publish","4":"has-post-thumbnail","6":"product_cat-ginecologia-y-obstetricia","7":"product_tag-ginecologia-y-obstetricia","8":"product_tag-panamericana","10":"first","11":"instock","12":"featured","13":"taxable","14":"shipping-taxable","15":"purchasable","16":"product-type-simple"},"_links":{"self":[{"href":"https:\/\/edimeinter.com\/libreria\/wp-json\/wp\/v2\/product\/16448","targetHints":{"allow":["GET"]}}],"collection":[{"href":"https:\/\/edimeinter.com\/libreria\/wp-json\/wp\/v2\/product"}],"about":[{"href":"https:\/\/edimeinter.com\/libreria\/wp-json\/wp\/v2\/types\/product"}],"replies":[{"embeddable":true,"href":"https:\/\/edimeinter.com\/libreria\/wp-json\/wp\/v2\/comments?post=16448"}],"version-history":[{"count":3,"href":"https:\/\/edimeinter.com\/libreria\/wp-json\/wp\/v2\/product\/16448\/revisions"}],"predecessor-version":[{"id":16457,"href":"https:\/\/edimeinter.com\/libreria\/wp-json\/wp\/v2\/product\/16448\/revisions\/16457"}],"wp:featuredmedia":[{"embeddable":true,"href":"https:\/\/edimeinter.com\/libreria\/wp-json\/wp\/v2\/media\/10785"}],"wp:attachment":[{"href":"https:\/\/edimeinter.com\/libreria\/wp-json\/wp\/v2\/media?parent=16448"}],"wp:term":[{"taxonomy":"product_cat","embeddable":true,"href":"https:\/\/edimeinter.com\/libreria\/wp-json\/wp\/v2\/product_cat?post=16448"},{"taxonomy":"product_tag","embeddable":true,"href":"https:\/\/edimeinter.com\/libreria\/wp-json\/wp\/v2\/product_tag?post=16448"}],"curies":[{"name":"wp","href":"https:\/\/api.w.org\/{rel}","templated":true}]}}