{"id":16458,"date":"2025-05-07T21:27:29","date_gmt":"2025-05-07T21:27:29","guid":{"rendered":"https:\/\/edimeinter.com\/libreria\/?post_type=product&#038;p=16458"},"modified":"2025-05-07T21:31:44","modified_gmt":"2025-05-07T21:31:44","slug":"bioquimica-detras-de-los-sintomas-1a-edicion","status":"publish","type":"product","link":"https:\/\/edimeinter.com\/libreria\/product\/bioquimica-detras-de-los-sintomas-1a-edicion\/","title":{"rendered":"Bioqu\u00edmica. Detr\u00e1s de los s\u00edntomas. 1\u00aa Edici\u00f3n"},"content":{"rendered":"\t\t<div data-elementor-type=\"wp-post\" data-elementor-id=\"16458\" class=\"elementor elementor-16458\">\n\t\t\t\t<div class=\"elementor-element elementor-element-2612b12 e-flex e-con-boxed e-con e-parent\" data-id=\"2612b12\" data-element_type=\"container\" data-e-type=\"container\">\n\t\t\t\t\t<div class=\"e-con-inner\">\n\t\t\n\t\t<div class=\"elementor-element elementor-element-498707ae elementor-widget elementor-widget-text-editor\" data-id=\"498707ae\" data-element_type=\"widget\" data-e-type=\"widget\" data-widget_type=\"text-editor.default\">\n\t\t\t\t<div class=\"elementor-widget-container\">\n\t\t\t\t\t\t\t\t\t<p><b><i>Bioqu\u00edmica. Detr\u00e1s de los s\u00edntomas\u00a0<\/i><\/b>adopta un enfoque de aprendizaje basado en problemas (ABP) y se centra en la aplicaci\u00f3n pr\u00e1ctica de la bioqu\u00edmica para lograr resultados cl\u00ednicos \u00f3ptimos. El contenido est\u00e1 estructurado en torno a s\u00edntomas comunes encontrados por profesionales de la salud, establece conexiones claras entre la ciencia fundamental y las manifestaciones cl\u00ednicas, y gu\u00eda al lector hacia diagn\u00f3sticos seguros a lo largo de su trayectoria profesional.<br \/>Cada cap\u00edtulo explora los conceptos bioqu\u00edmicos subyacentes a las causas y demuestra sus v\u00ednculos con los s\u00edntomas que se presentan a trav\u00e9s de casos cl\u00ednicos reales de pacientes. Las preguntas que lo acompa\u00f1an fomentan el debate y orientan a los usuarios en la elaboraci\u00f3n de diagn\u00f3sticos diferenciales precisos. Este enfoque es ideal tanto para entornos de aprendizaje colaborativo entre alumnos como para estudio independiente, fortalece la aplicaci\u00f3n de conocimientos fundamentales y asegura una retenci\u00f3n a largo plazo, esencial para el \u00e9xito cl\u00ednico.<\/p>\t\t\t\t\t\t\t\t<\/div>\n\t\t\t\t<\/div>\n\t\t\t\t\t<\/div>\n\t\t\t\t<\/div>\n\t\t\t\t<\/div>\n\t\t","protected":false},"excerpt":{"rendered":"<p><strong>Autores:<\/strong> Emine E. Abali , Roy Carman M.D., Douglas Spicer Ph.D.<br \/>\n<strong>ISBN:<\/strong> 9788419663139<br \/>\n<strong>Editorial:<\/strong>\u00a0WOLTERS KLUWER<br \/>\n<strong>Edici\u00f3n:<\/strong> 1\u00aa<br \/>\n<strong>Especialidad<\/strong>: Bioqu\u00edmica<br \/>\n<strong>P\u00e1ginas<\/strong>: 460<br \/>\n\u00a9 2024<\/p>\n","protected":false},"featured_media":16459,"comment_status":"open","ping_status":"closed","template":"","meta":{"_joinchat":[]},"product_cat":[90],"product_tag":[91,92],"class_list":{"0":"post-16458","1":"product","2":"type-product","3":"status-publish","4":"has-post-thumbnail","6":"product_cat-bioquimica","7":"product_tag-bioquimica","8":"product_tag-wolters-kluwer","10":"first","11":"instock","12":"featured","13":"taxable","14":"shipping-taxable","15":"purchasable","16":"product-type-simple"},"_links":{"self":[{"href":"https:\/\/edimeinter.com\/libreria\/wp-json\/wp\/v2\/product\/16458","targetHints":{"allow":["GET"]}}],"collection":[{"href":"https:\/\/edimeinter.com\/libreria\/wp-json\/wp\/v2\/product"}],"about":[{"href":"https:\/\/edimeinter.com\/libreria\/wp-json\/wp\/v2\/types\/product"}],"replies":[{"embeddable":true,"href":"https:\/\/edimeinter.com\/libreria\/wp-json\/wp\/v2\/comments?post=16458"}],"version-history":[{"count":4,"href":"https:\/\/edimeinter.com\/libreria\/wp-json\/wp\/v2\/product\/16458\/revisions"}],"predecessor-version":[{"id":16463,"href":"https:\/\/edimeinter.com\/libreria\/wp-json\/wp\/v2\/product\/16458\/revisions\/16463"}],"wp:featuredmedia":[{"embeddable":true,"href":"https:\/\/edimeinter.com\/libreria\/wp-json\/wp\/v2\/media\/16459"}],"wp:attachment":[{"href":"https:\/\/edimeinter.com\/libreria\/wp-json\/wp\/v2\/media?parent=16458"}],"wp:term":[{"taxonomy":"product_cat","embeddable":true,"href":"https:\/\/edimeinter.com\/libreria\/wp-json\/wp\/v2\/product_cat?post=16458"},{"taxonomy":"product_tag","embeddable":true,"href":"https:\/\/edimeinter.com\/libreria\/wp-json\/wp\/v2\/product_tag?post=16458"}],"curies":[{"name":"wp","href":"https:\/\/api.w.org\/{rel}","templated":true}]}}