{"id":16470,"date":"2025-05-07T22:02:48","date_gmt":"2025-05-07T22:02:48","guid":{"rendered":"https:\/\/edimeinter.com\/libreria\/?post_type=product&#038;p=16470"},"modified":"2025-05-07T22:07:49","modified_gmt":"2025-05-07T22:07:49","slug":"kaplan-sadock-manual-de-bolsillo-de-tratamiento-psicofarmacologico-8a-edicion","status":"publish","type":"product","link":"https:\/\/edimeinter.com\/libreria\/product\/kaplan-sadock-manual-de-bolsillo-de-tratamiento-psicofarmacologico-8a-edicion\/","title":{"rendered":"Kaplan &#038; Sadock. Manual de bolsillo de tratamiento psicofarmacol\u00f3gico. 8\u00aa Edici\u00f3n"},"content":{"rendered":"\t\t<div data-elementor-type=\"wp-post\" data-elementor-id=\"16470\" class=\"elementor elementor-16470\">\n\t\t\t\t<div class=\"elementor-element elementor-element-2612b12 e-flex e-con-boxed e-con e-parent\" data-id=\"2612b12\" data-element_type=\"container\" data-e-type=\"container\">\n\t\t\t\t\t<div class=\"e-con-inner\">\n\t\t\n\t\t<div class=\"elementor-element elementor-element-498707ae elementor-widget elementor-widget-text-editor\" data-id=\"498707ae\" data-element_type=\"widget\" data-e-type=\"widget\" data-widget_type=\"text-editor.default\">\n\t\t\t\t<div class=\"elementor-widget-container\">\n\t\t\t\t\t\t\t\t\t<p>Ahora a todo color,\u00a0<b>Kaplan &amp; Sadock. Manual de bolsillo de tratamiento psicofarmacol\u00f3gico<\/b>\u00a0sigue siendo la referencia de elecci\u00f3n para obtener informaci\u00f3n sobre todo el espectro del tratamiento farmacol\u00f3gico en psiquiatr\u00eda. Escrito por el Dr. Samoon Ahmad, este manual confiable y accesible proporciona una gran cantidad de informaci\u00f3n sobre cada f\u00e1rmaco de una manera clara y concisa para una r\u00e1pida y eficaz consulta. Ideal para residentes y especialistas en psiquiatr\u00eda, as\u00ed como para estudiantes de medicina, psic\u00f3logos cl\u00ednicos, personal de enfermer\u00eda psiqui\u00e1trica y otros profesionales de la salud que atienden a pacientes con afecciones mentales.<br \/>Esta 8.\u00aa edici\u00f3n, totalmente actualizada, integra los avances m\u00e1s recientes en el campo y presenta nueva informaci\u00f3n sobre cannabis, agentes psicod\u00e9licos, medicamentos psicotr\u00f3picos y comorbilidades m\u00e9dicas, incluidas las complicaciones metab\u00f3licas, con \u00e9nfasis en el reconocimiento, las investigaciones, el tratamiento y el manejo.<\/p>\t\t\t\t\t\t\t\t<\/div>\n\t\t\t\t<\/div>\n\t\t\t\t\t<\/div>\n\t\t\t\t<\/div>\n\t\t\t\t<\/div>\n\t\t","protected":false},"excerpt":{"rendered":"<p><strong>Autores:<\/strong> Samoon Ahmad M.D.<br \/>\n<strong>ISBN:<\/strong> 9788419663580<br \/>\n<strong>Editorial:<\/strong>\u00a0WOLTERS KLUWER<br \/>\n<strong>Edici\u00f3n:<\/strong> 8\u00aa<br \/>\n<strong>Especialidad<\/strong>: Psiquiatr\u00eda<br \/>\n<strong>P\u00e1ginas<\/strong>: 560<br \/>\n\u00a9 2024<\/p>\n","protected":false},"featured_media":16471,"comment_status":"open","ping_status":"closed","template":"","meta":{"_joinchat":[]},"product_cat":[68],"product_tag":[69,92],"class_list":{"0":"post-16470","1":"product","2":"type-product","3":"status-publish","4":"has-post-thumbnail","6":"product_cat-psiquiatria","7":"product_tag-psiquiatria","8":"product_tag-wolters-kluwer","10":"first","11":"instock","12":"featured","13":"taxable","14":"shipping-taxable","15":"purchasable","16":"product-type-simple"},"_links":{"self":[{"href":"https:\/\/edimeinter.com\/libreria\/wp-json\/wp\/v2\/product\/16470","targetHints":{"allow":["GET"]}}],"collection":[{"href":"https:\/\/edimeinter.com\/libreria\/wp-json\/wp\/v2\/product"}],"about":[{"href":"https:\/\/edimeinter.com\/libreria\/wp-json\/wp\/v2\/types\/product"}],"replies":[{"embeddable":true,"href":"https:\/\/edimeinter.com\/libreria\/wp-json\/wp\/v2\/comments?post=16470"}],"version-history":[{"count":4,"href":"https:\/\/edimeinter.com\/libreria\/wp-json\/wp\/v2\/product\/16470\/revisions"}],"predecessor-version":[{"id":16475,"href":"https:\/\/edimeinter.com\/libreria\/wp-json\/wp\/v2\/product\/16470\/revisions\/16475"}],"wp:featuredmedia":[{"embeddable":true,"href":"https:\/\/edimeinter.com\/libreria\/wp-json\/wp\/v2\/media\/16471"}],"wp:attachment":[{"href":"https:\/\/edimeinter.com\/libreria\/wp-json\/wp\/v2\/media?parent=16470"}],"wp:term":[{"taxonomy":"product_cat","embeddable":true,"href":"https:\/\/edimeinter.com\/libreria\/wp-json\/wp\/v2\/product_cat?post=16470"},{"taxonomy":"product_tag","embeddable":true,"href":"https:\/\/edimeinter.com\/libreria\/wp-json\/wp\/v2\/product_tag?post=16470"}],"curies":[{"name":"wp","href":"https:\/\/api.w.org\/{rel}","templated":true}]}}