{"id":16482,"date":"2025-05-07T22:12:05","date_gmt":"2025-05-07T22:12:05","guid":{"rendered":"https:\/\/edimeinter.com\/libreria\/?post_type=product&#038;p=16482"},"modified":"2025-05-07T22:15:17","modified_gmt":"2025-05-07T22:15:17","slug":"kaplan-sadock-guia-de-estudio-y-autoevaluacion-en-psiquiatria-10a-edicion","status":"publish","type":"product","link":"https:\/\/edimeinter.com\/libreria\/product\/kaplan-sadock-guia-de-estudio-y-autoevaluacion-en-psiquiatria-10a-edicion\/","title":{"rendered":"Kaplan &#038; Sadock. Gu\u00eda de estudio y autoevaluaci\u00f3n en Psiquiatr\u00eda. 10\u00aa Edici\u00f3n"},"content":{"rendered":"\t\t<div data-elementor-type=\"wp-post\" data-elementor-id=\"16482\" class=\"elementor elementor-16482\">\n\t\t\t\t<div class=\"elementor-element elementor-element-2612b12 e-flex e-con-boxed e-con e-parent\" data-id=\"2612b12\" data-element_type=\"container\" data-e-type=\"container\">\n\t\t\t\t\t<div class=\"e-con-inner\">\n\t\t\n\t\t<div class=\"elementor-element elementor-element-498707ae elementor-widget elementor-widget-text-editor\" data-id=\"498707ae\" data-element_type=\"widget\" data-e-type=\"widget\" data-widget_type=\"text-editor.default\">\n\t\t\t\t<div class=\"elementor-widget-container\">\n\t\t\t\t\t\t\t\t\t<p><b>Kaplan &amp; Sadock. Gu\u00eda de estudio y autoevaluaci\u00f3n en Psiquiatr\u00eda\u00a0<\/b>es una revisi\u00f3n exhaustiva y acreditada de todo el campo. Perfecta para un repaso independiente o como preparaci\u00f3n para los ex\u00e1menes\u00a0<i>United States Medical Licensing Examination\u00a0<\/i>(USMLE), el examen\u00a0<i>Psychiatry Resident In-Training Examination\u00a0<\/i>(PRITE), y los ex\u00e1menes para obtener licencias y mantener certificaciones de la American Board of Psychiatry and Neurology (ABPN) y de recertificaci\u00f3n.<br \/>Esta 10.\u00aa edici\u00f3n, escrita por los doctores Eric R. Williams y Lindsay Moskowitz, es una herramienta de repaso esencial que contiene preguntas en un formato de opci\u00f3n m\u00faltiple y con una sola respuesta correcta que abarcan la causa, el diagn\u00f3stico y el tratamiento de los trastornos psiqui\u00e1tricos en todo el\u00a0<i>DSM- 5<\/i>\u00ae. Adem\u00e1s, se incluyen temas como anamnesis, \u00e9tica, cuestiones forenses, psiquiatr\u00eda extrahospitalaria, desarrollo y envejecimiento normales, neurociencias y ciencias conductuales. Este libro fue redactado para satisfacer las necesidades de estudiantes de medicina, residentes, m\u00e9dicos en ejercicio y profesionales de la salud mental de todos los campos.<\/p>\t\t\t\t\t\t\t\t<\/div>\n\t\t\t\t<\/div>\n\t\t\t\t\t<\/div>\n\t\t\t\t<\/div>\n\t\t\t\t<\/div>\n\t\t","protected":false},"excerpt":{"rendered":"<p><strong>Autores:<\/strong> Eric Rashad Williams , Lindsay Moskowitz , Robert Boland , Marcia Verduin<br \/>\n<strong>ISBN:<\/strong> 9788419663269<br \/>\n<strong>Editorial:<\/strong>\u00a0WOLTERS KLUWER<br \/>\n<strong>Edici\u00f3n:<\/strong> 10\u00aa<br \/>\n<strong>Especialidad<\/strong>: Psiquiatr\u00eda<br \/>\n<strong>P\u00e1ginas<\/strong>: 232<br \/>\n\u00a9 2024<\/p>\n","protected":false},"featured_media":16483,"comment_status":"open","ping_status":"closed","template":"","meta":{"_joinchat":[]},"product_cat":[68],"product_tag":[69,92],"class_list":{"0":"post-16482","1":"product","2":"type-product","3":"status-publish","4":"has-post-thumbnail","6":"product_cat-psiquiatria","7":"product_tag-psiquiatria","8":"product_tag-wolters-kluwer","10":"first","11":"instock","12":"featured","13":"taxable","14":"shipping-taxable","15":"purchasable","16":"product-type-simple"},"_links":{"self":[{"href":"https:\/\/edimeinter.com\/libreria\/wp-json\/wp\/v2\/product\/16482","targetHints":{"allow":["GET"]}}],"collection":[{"href":"https:\/\/edimeinter.com\/libreria\/wp-json\/wp\/v2\/product"}],"about":[{"href":"https:\/\/edimeinter.com\/libreria\/wp-json\/wp\/v2\/types\/product"}],"replies":[{"embeddable":true,"href":"https:\/\/edimeinter.com\/libreria\/wp-json\/wp\/v2\/comments?post=16482"}],"version-history":[{"count":4,"href":"https:\/\/edimeinter.com\/libreria\/wp-json\/wp\/v2\/product\/16482\/revisions"}],"predecessor-version":[{"id":16487,"href":"https:\/\/edimeinter.com\/libreria\/wp-json\/wp\/v2\/product\/16482\/revisions\/16487"}],"wp:featuredmedia":[{"embeddable":true,"href":"https:\/\/edimeinter.com\/libreria\/wp-json\/wp\/v2\/media\/16483"}],"wp:attachment":[{"href":"https:\/\/edimeinter.com\/libreria\/wp-json\/wp\/v2\/media?parent=16482"}],"wp:term":[{"taxonomy":"product_cat","embeddable":true,"href":"https:\/\/edimeinter.com\/libreria\/wp-json\/wp\/v2\/product_cat?post=16482"},{"taxonomy":"product_tag","embeddable":true,"href":"https:\/\/edimeinter.com\/libreria\/wp-json\/wp\/v2\/product_tag?post=16482"}],"curies":[{"name":"wp","href":"https:\/\/api.w.org\/{rel}","templated":true}]}}