{"id":16488,"date":"2025-05-07T22:16:14","date_gmt":"2025-05-07T22:16:14","guid":{"rendered":"https:\/\/edimeinter.com\/libreria\/?post_type=product&#038;p=16488"},"modified":"2025-05-07T22:20:53","modified_gmt":"2025-05-07T22:20:53","slug":"ansel-formas-farmaceuticas-y-sistemas-de-liberacion-de-farmacos-12a-edicion","status":"publish","type":"product","link":"https:\/\/edimeinter.com\/libreria\/product\/ansel-formas-farmaceuticas-y-sistemas-de-liberacion-de-farmacos-12a-edicion\/","title":{"rendered":"Ansel. Formas farmac\u00e9uticas y sistemas de liberaci\u00f3n de f\u00e1rmacos. 12\u00aa Edici\u00f3n"},"content":{"rendered":"\t\t<div data-elementor-type=\"wp-post\" data-elementor-id=\"16488\" class=\"elementor elementor-16488\">\n\t\t\t\t<div class=\"elementor-element elementor-element-2612b12 e-flex e-con-boxed e-con e-parent\" data-id=\"2612b12\" data-element_type=\"container\" data-e-type=\"container\">\n\t\t\t\t\t<div class=\"e-con-inner\">\n\t\t\n\t\t<div class=\"elementor-element elementor-element-498707ae elementor-widget elementor-widget-text-editor\" data-id=\"498707ae\" data-element_type=\"widget\" data-e-type=\"widget\" data-widget_type=\"text-editor.default\">\n\t\t\t\t<div class=\"elementor-widget-container\">\n\t\t\t\t\t\t\t\t\t<p><b>Ansel. Formas farmac\u00e9uticas y sistemas de liberaci\u00f3n de f\u00e1rmacos\u00a0<\/b>es una obra de referencia esencial para estudiantes de farmacia y farmacolog\u00eda, dise\u00f1ada como recurso introductorio a los fundamentos, pr\u00e1cticas y tecnolog\u00edas empleados en la creaci\u00f3n de formas farmac\u00e9uticas y en el desarrollo de sistemas de liberaci\u00f3n de f\u00e1rmacos. Ahora en su 12.\u00aa edici\u00f3n y con enfoque cl\u00ednico, el libro sigue haciendo uso de una presentaci\u00f3n integrada para mostrar c\u00f3mo se relacionan entre s\u00ed los principios farmac\u00e9uticos y biofarmac\u00e9uticos, dise\u00f1o de medicamentos, formulaci\u00f3n y fabricaci\u00f3n, preparaci\u00f3n magistral, y la aplicaci\u00f3n cl\u00ednica de diversas formas de dosificaci\u00f3n para la atenci\u00f3n de la salud. Adem\u00e1s, se presentan las regulaciones y est\u00e1ndares que supervisan la producci\u00f3n y preparaci\u00f3n de medicamentos.<br \/>Desde su lanzamiento hace m\u00e1s de cinco d\u00e9cadas, la obra se ha distinguido por adaptar cada cap\u00edtulo al nivel de comprensi\u00f3n requerido por los estudiantes que inician en este campo de estudio. Dado que este texto a menudo marca el inicio del curr\u00edculo profesional, incorpora temas introductorios importantes, como la evoluci\u00f3n hist\u00f3rica de los medicamentos y la profesi\u00f3n farmac\u00e9utica, la funci\u00f3n del farmac\u00e9utico en la pr\u00e1ctica contempor\u00e1nea, los sistemas y t\u00e9cnicas de medici\u00f3n farmac\u00e9utica, los principios farmac\u00e9uticos y biofarmac\u00e9uticos esenciales para el dise\u00f1o de medicamentos, y las normas de buenas pr\u00e1cticas de fabricaci\u00f3n y de preparaci\u00f3n.<\/p>\t\t\t\t\t\t\t\t<\/div>\n\t\t\t\t<\/div>\n\t\t\t\t\t<\/div>\n\t\t\t\t<\/div>\n\t\t\t\t<\/div>\n\t\t","protected":false},"excerpt":{"rendered":"<p><strong>Autores:<\/strong> Loyd Allen<br \/>\n<strong>ISBN:<\/strong> 9788419663740<br \/>\n<strong>Editorial:<\/strong>\u00a0WOLTERS KLUWER<br \/>\n<strong>Edici\u00f3n:<\/strong> 12\u00aa<br \/>\n<strong>Especialidad<\/strong>: Bioqu\u00edmica<br \/>\n<strong>P\u00e1ginas<\/strong>: 672<br \/>\n\u00a9 2024<\/p>\n","protected":false},"featured_media":16489,"comment_status":"open","ping_status":"closed","template":"","meta":{"_joinchat":[]},"product_cat":[90],"product_tag":[91,92],"class_list":{"0":"post-16488","1":"product","2":"type-product","3":"status-publish","4":"has-post-thumbnail","6":"product_cat-bioquimica","7":"product_tag-bioquimica","8":"product_tag-wolters-kluwer","10":"first","11":"instock","12":"featured","13":"taxable","14":"shipping-taxable","15":"purchasable","16":"product-type-simple"},"_links":{"self":[{"href":"https:\/\/edimeinter.com\/libreria\/wp-json\/wp\/v2\/product\/16488","targetHints":{"allow":["GET"]}}],"collection":[{"href":"https:\/\/edimeinter.com\/libreria\/wp-json\/wp\/v2\/product"}],"about":[{"href":"https:\/\/edimeinter.com\/libreria\/wp-json\/wp\/v2\/types\/product"}],"replies":[{"embeddable":true,"href":"https:\/\/edimeinter.com\/libreria\/wp-json\/wp\/v2\/comments?post=16488"}],"version-history":[{"count":4,"href":"https:\/\/edimeinter.com\/libreria\/wp-json\/wp\/v2\/product\/16488\/revisions"}],"predecessor-version":[{"id":16494,"href":"https:\/\/edimeinter.com\/libreria\/wp-json\/wp\/v2\/product\/16488\/revisions\/16494"}],"wp:featuredmedia":[{"embeddable":true,"href":"https:\/\/edimeinter.com\/libreria\/wp-json\/wp\/v2\/media\/16489"}],"wp:attachment":[{"href":"https:\/\/edimeinter.com\/libreria\/wp-json\/wp\/v2\/media?parent=16488"}],"wp:term":[{"taxonomy":"product_cat","embeddable":true,"href":"https:\/\/edimeinter.com\/libreria\/wp-json\/wp\/v2\/product_cat?post=16488"},{"taxonomy":"product_tag","embeddable":true,"href":"https:\/\/edimeinter.com\/libreria\/wp-json\/wp\/v2\/product_tag?post=16488"}],"curies":[{"name":"wp","href":"https:\/\/api.w.org\/{rel}","templated":true}]}}