{"id":16508,"date":"2025-05-09T21:29:48","date_gmt":"2025-05-09T21:29:48","guid":{"rendered":"https:\/\/edimeinter.com\/libreria\/?post_type=product&#038;p=16508"},"modified":"2026-02-19T22:26:20","modified_gmt":"2026-02-19T22:26:20","slug":"lir-bioquimica-8a-edicion","status":"publish","type":"product","link":"https:\/\/edimeinter.com\/libreria\/product\/lir-bioquimica-8a-edicion\/","title":{"rendered":"LIR. Bioqu\u00edmica. 8\u00aa Edici\u00f3n"},"content":{"rendered":"\t\t<div data-elementor-type=\"wp-post\" data-elementor-id=\"16508\" class=\"elementor elementor-16508\">\n\t\t\t\t<div class=\"elementor-element elementor-element-2612b12 e-flex e-con-boxed e-con e-parent\" data-id=\"2612b12\" data-element_type=\"container\" data-e-type=\"container\">\n\t\t\t\t\t<div class=\"e-con-inner\">\n\t\t\n\t\t<div class=\"elementor-element elementor-element-498707ae elementor-widget elementor-widget-text-editor\" data-id=\"498707ae\" data-element_type=\"widget\" data-e-type=\"widget\" data-widget_type=\"text-editor.default\">\n\t\t\t\t<div class=\"elementor-widget-container\">\n\t\t\t\t\t\t\t\t\t<p>Elogiado por profesores y estudiantes durante m\u00e1s de dos d\u00e9cadas,\u00a0<b>Lippincott Illustrated Reviews. Bioqu\u00edmica\u00a0<\/b>es uno de los mejores y m\u00e1s amigables textos de bioqu\u00edmica para estudiantes de ciencias de la salud. Su contenido ayuda a los estudiantes a revisar, asimilar e integrar con rapidez grandes cantidades de informaci\u00f3n cr\u00edtica y compleja, con el apoyo de ilustraciones que dan claridad a los conceptos.<br \/>Al igual que en ediciones anteriores, esta 8.\u00aa edici\u00f3n mantiene la organizaci\u00f3n caracter\u00edstica de la colecci\u00f3n LIR, que utiliza un formato de esquema con ilustraciones en los laterales, as\u00ed como una gran cantidad de herramientas pedag\u00f3gicas que facilitan el estudio y fortalecen la retenci\u00f3n y comprensi\u00f3n de conceptos. La actualizaci\u00f3n y revisi\u00f3n completa de esta edici\u00f3n enfatizan su aplicaci\u00f3n cl\u00ednica e integran nuevos ejercicios, preguntas y recursos digitales complementarios.<br \/>Esta edici\u00f3n se ha revisado en su totalidad y se han incluido los avances m\u00e1s recientes en la disciplina. Adem\u00e1s incluye un cap\u00edtulo sobre coagulaci\u00f3n, y mantiene un cap\u00edtulo exclusivo para la edici\u00f3n en espa\u00f1ol sobre Agua y pH. La obra se organiza en 36 cap\u00edtulos divididos en siete secciones: Agua y estructura y funci\u00f3n de las prote\u00ednas; Bioenerg\u00e9tica y metabolismo de carbohidratos; Metabolismo de l\u00edpidos; Metabolismo del nitr\u00f3geno; Integraci\u00f3n del metabolismo; Nutrici\u00f3n m\u00e9dica y Almacenamiento y expresi\u00f3n de la informaci\u00f3n gen\u00e9tica. Incluye, adem\u00e1s, un extenso ap\u00e9ndice con casos cl\u00ednicos y m\u00faltiples recursos adicionales disponibles en l\u00ednea.<\/p>\t\t\t\t\t\t\t\t<\/div>\n\t\t\t\t<\/div>\n\t\t\t\t\t<\/div>\n\t\t\t\t<\/div>\n\t\t\t\t<\/div>\n\t\t","protected":false},"excerpt":{"rendered":"<p><strong>Autores:<\/strong> Emine E. Abali , Susan D. Cline , David S. Franklin , Susan M. Viselli Ph.D.<br \/>\n<strong>ISBN:<\/strong> 9788418563614<br \/>\n<strong>Editorial:<\/strong>\u00a0WOLTERS KLUWER<br \/>\n<strong>Edici\u00f3n:<\/strong> 8\u00aa<br \/>\n<strong>Especialidad<\/strong>: Bioqu\u00edmica<br \/>\n<strong>P\u00e1ginas<\/strong>: 672<br \/>\n\u00a9 2021<\/p>\n","protected":false},"featured_media":16509,"comment_status":"open","ping_status":"closed","template":"","meta":{"_joinchat":[]},"product_cat":[90],"product_tag":[91,92],"class_list":{"0":"post-16508","1":"product","2":"type-product","3":"status-publish","4":"has-post-thumbnail","6":"product_cat-bioquimica","7":"product_tag-bioquimica","8":"product_tag-wolters-kluwer","10":"first","11":"instock","12":"featured","13":"taxable","14":"shipping-taxable","15":"purchasable","16":"product-type-simple"},"_links":{"self":[{"href":"https:\/\/edimeinter.com\/libreria\/wp-json\/wp\/v2\/product\/16508","targetHints":{"allow":["GET"]}}],"collection":[{"href":"https:\/\/edimeinter.com\/libreria\/wp-json\/wp\/v2\/product"}],"about":[{"href":"https:\/\/edimeinter.com\/libreria\/wp-json\/wp\/v2\/types\/product"}],"replies":[{"embeddable":true,"href":"https:\/\/edimeinter.com\/libreria\/wp-json\/wp\/v2\/comments?post=16508"}],"version-history":[{"count":5,"href":"https:\/\/edimeinter.com\/libreria\/wp-json\/wp\/v2\/product\/16508\/revisions"}],"predecessor-version":[{"id":16787,"href":"https:\/\/edimeinter.com\/libreria\/wp-json\/wp\/v2\/product\/16508\/revisions\/16787"}],"wp:featuredmedia":[{"embeddable":true,"href":"https:\/\/edimeinter.com\/libreria\/wp-json\/wp\/v2\/media\/16509"}],"wp:attachment":[{"href":"https:\/\/edimeinter.com\/libreria\/wp-json\/wp\/v2\/media?parent=16508"}],"wp:term":[{"taxonomy":"product_cat","embeddable":true,"href":"https:\/\/edimeinter.com\/libreria\/wp-json\/wp\/v2\/product_cat?post=16508"},{"taxonomy":"product_tag","embeddable":true,"href":"https:\/\/edimeinter.com\/libreria\/wp-json\/wp\/v2\/product_tag?post=16508"}],"curies":[{"name":"wp","href":"https:\/\/api.w.org\/{rel}","templated":true}]}}