{"id":16514,"date":"2025-05-09T21:34:41","date_gmt":"2025-05-09T21:34:41","guid":{"rendered":"https:\/\/edimeinter.com\/libreria\/?post_type=product&#038;p=16514"},"modified":"2025-12-23T22:25:29","modified_gmt":"2025-12-23T22:25:29","slug":"bethesda-manual-de-oncologia-clinica-6a-edicion","status":"publish","type":"product","link":"https:\/\/edimeinter.com\/libreria\/product\/bethesda-manual-de-oncologia-clinica-6a-edicion\/","title":{"rendered":"Bethesda. Manual de oncolog\u00eda cl\u00ednica. 6\u00aa Edici\u00f3n"},"content":{"rendered":"\t\t<div data-elementor-type=\"wp-post\" data-elementor-id=\"16514\" class=\"elementor elementor-16514\">\n\t\t\t\t<div class=\"elementor-element elementor-element-2612b12 e-flex e-con-boxed e-con e-parent\" data-id=\"2612b12\" data-element_type=\"container\" data-e-type=\"container\">\n\t\t\t\t\t<div class=\"e-con-inner\">\n\t\t\n\t\t<div class=\"elementor-element elementor-element-498707ae elementor-widget elementor-widget-text-editor\" data-id=\"498707ae\" data-element_type=\"widget\" data-e-type=\"widget\" data-widget_type=\"text-editor.default\">\n\t\t\t\t<div class=\"elementor-widget-container\">\n\t\t\t\t\t\t\t\t\t<p><b>Bethesda. Manual de oncolog\u00eda cl\u00ednica<\/b>\u00a0ofrece informaci\u00f3n actualizada y autorizada en un formato de referencia r\u00e1pida. Constituye una revisi\u00f3n completa, pero concisa, del diagn\u00f3stico y tratamiento de los diferentes tipos de c\u00e1ncer. Los doctores Jame Abraham, James L. Gulley y un equipo de colaboradores expertos hacen hincapi\u00e9 en la informaci\u00f3n pr\u00e1ctica que puede aplicarse en situaciones cotidianas de atenci\u00f3n al paciente. El contenido, revisado a fondo, ayuda a mantener al d\u00eda al lector con los avances en este campo en constante cambio.<br \/>El panorama de la oncolog\u00eda ha cambiado sustancialmente desde que la primera edici\u00f3n de este libro se publicara hace m\u00e1s de 21 a\u00f1os. Para la 6.\u00aa edici\u00f3n se han actualizado todos los cap\u00edtulos y se ha dado mayor enfoque en \u00e1reas de gran dinamismo como la gen\u00f3mica, la inmunooncolog\u00eda y terapias dirigidas.<\/p>\t\t\t\t\t\t\t\t<\/div>\n\t\t\t\t<\/div>\n\t\t\t\t\t<\/div>\n\t\t\t\t<\/div>\n\t\t\t\t<\/div>\n\t\t","protected":false},"excerpt":{"rendered":"<p><strong>Autores:<\/strong> Jame Abraham MD, FACP, James L. Gulley MD, PhD, FACP<br \/>\n<strong>ISBN:<\/strong> 9788419284303<br \/>\n<strong>Editorial:<\/strong>\u00a0WOLTERS KLUWER<br \/>\n<strong>Edici\u00f3n:<\/strong> 6\u00aa<br \/>\n<strong>Especialidad<\/strong>: Oncologia<br \/>\n<strong>P\u00e1ginas<\/strong>: 1012<br \/>\n\u00a9 2023<\/p>\n","protected":false},"featured_media":17451,"comment_status":"open","ping_status":"closed","template":"","meta":{"_joinchat":[]},"product_cat":[77],"product_tag":[78,92],"class_list":{"0":"post-16514","1":"product","2":"type-product","3":"status-publish","4":"has-post-thumbnail","6":"product_cat-oncologia","7":"product_tag-oncologia","8":"product_tag-wolters-kluwer","10":"first","11":"instock","12":"featured","13":"taxable","14":"shipping-taxable","15":"purchasable","16":"product-type-simple"},"_links":{"self":[{"href":"https:\/\/edimeinter.com\/libreria\/wp-json\/wp\/v2\/product\/16514","targetHints":{"allow":["GET"]}}],"collection":[{"href":"https:\/\/edimeinter.com\/libreria\/wp-json\/wp\/v2\/product"}],"about":[{"href":"https:\/\/edimeinter.com\/libreria\/wp-json\/wp\/v2\/types\/product"}],"replies":[{"embeddable":true,"href":"https:\/\/edimeinter.com\/libreria\/wp-json\/wp\/v2\/comments?post=16514"}],"version-history":[{"count":5,"href":"https:\/\/edimeinter.com\/libreria\/wp-json\/wp\/v2\/product\/16514\/revisions"}],"predecessor-version":[{"id":17452,"href":"https:\/\/edimeinter.com\/libreria\/wp-json\/wp\/v2\/product\/16514\/revisions\/17452"}],"wp:featuredmedia":[{"embeddable":true,"href":"https:\/\/edimeinter.com\/libreria\/wp-json\/wp\/v2\/media\/17451"}],"wp:attachment":[{"href":"https:\/\/edimeinter.com\/libreria\/wp-json\/wp\/v2\/media?parent=16514"}],"wp:term":[{"taxonomy":"product_cat","embeddable":true,"href":"https:\/\/edimeinter.com\/libreria\/wp-json\/wp\/v2\/product_cat?post=16514"},{"taxonomy":"product_tag","embeddable":true,"href":"https:\/\/edimeinter.com\/libreria\/wp-json\/wp\/v2\/product_tag?post=16514"}],"curies":[{"name":"wp","href":"https:\/\/api.w.org\/{rel}","templated":true}]}}