{"id":16520,"date":"2025-05-09T21:52:12","date_gmt":"2025-05-09T21:52:12","guid":{"rendered":"https:\/\/edimeinter.com\/libreria\/?post_type=product&#038;p=16520"},"modified":"2025-05-09T22:05:39","modified_gmt":"2025-05-09T22:05:39","slug":"manual-acsm-para-la-valoracion-y-prescripcion-del-ejercicio-4a-edicion","status":"publish","type":"product","link":"https:\/\/edimeinter.com\/libreria\/product\/manual-acsm-para-la-valoracion-y-prescripcion-del-ejercicio-4a-edicion\/","title":{"rendered":"Manual ACSM para la valoraci\u00f3n y prescripci\u00f3n del ejercicio. 4\u00aa Edici\u00f3n"},"content":{"rendered":"\t\t<div data-elementor-type=\"wp-post\" data-elementor-id=\"16520\" class=\"elementor elementor-16520\">\n\t\t\t\t<div class=\"elementor-element elementor-element-2612b12 e-flex e-con-boxed e-con e-parent\" data-id=\"2612b12\" data-element_type=\"container\" data-e-type=\"container\">\n\t\t\t\t\t<div class=\"e-con-inner\">\n\t\t\n\t\t<div class=\"elementor-element elementor-element-498707ae elementor-widget elementor-widget-text-editor\" data-id=\"498707ae\" data-element_type=\"widget\" data-e-type=\"widget\" data-widget_type=\"text-editor.default\">\n\t\t\t\t<div class=\"elementor-widget-container\">\n\t\t\t\t\t\t\t\t\t<p>Traducci\u00f3n de la 11.\u00aa edici\u00f3n del afamado manual en ingl\u00e9s\u00a0<i>ACSM&#8217;s Guidelines for Exercise Testing and Prescription<\/i>, considerado desde su primera edici\u00f3n en 1975 como la referencia absoluta para la evaluaci\u00f3n del estado de salud y condici\u00f3n f\u00edsicas, y para la prescripci\u00f3n de ejercicio con base y evidencia cient\u00edficas tanto en estados de salud como de enfermedad. El manual tambi\u00e9n es un \u00fatil compendio de las destrezas, capacidades y conocimientos b\u00e1sicos necesarios para obtener la certificaci\u00f3n del ACSM, la organizaci\u00f3n m\u00e1s grande e influyente de medicina del deporte y ciencia del ejercicio, con m\u00e1s de 20 000 miembros a nivel regional, nacional e internacional.<br \/>Esta 4.\u00aa edici\u00f3n en espa\u00f1ol mantiene el objetivo establecido por los autores de ediciones previas de convertir el manual en un recurso fundamental para los profesionales del ejercicio y de la salud que realizan pruebas de esfuerzo y aptitud f\u00edsicas, y dise\u00f1an y prescriben programas de ejercicio.<\/p>\t\t\t\t\t\t\t\t<\/div>\n\t\t\t\t<\/div>\n\t\t\t\t\t<\/div>\n\t\t\t\t<\/div>\n\t\t\t\t<\/div>\n\t\t","protected":false},"excerpt":{"rendered":"<p><strong>Autores:<\/strong> Gary Liguori , American College of Sports Medicine (ACSM)<br \/>\n<strong>ISBN:<\/strong> 9788418563348<br \/>\n<strong>Editorial:<\/strong>\u00a0WOLTERS KLUWER<br \/>\n<strong>Edici\u00f3n:<\/strong> 4\u00aa<br \/>\n<strong>Especialidad<\/strong>: Fisioterapia<br \/>\n<strong>P\u00e1ginas<\/strong>: 547<br \/>\n\u00a9 2021<\/p>\n","protected":false},"featured_media":16521,"comment_status":"open","ping_status":"closed","template":"","meta":{"_joinchat":[]},"product_cat":[111],"product_tag":[112,92],"class_list":{"0":"post-16520","1":"product","2":"type-product","3":"status-publish","4":"has-post-thumbnail","6":"product_cat-fisioterapia","7":"product_tag-fisioterapia","8":"product_tag-wolters-kluwer","10":"first","11":"instock","12":"featured","13":"taxable","14":"shipping-taxable","15":"purchasable","16":"product-type-simple"},"_links":{"self":[{"href":"https:\/\/edimeinter.com\/libreria\/wp-json\/wp\/v2\/product\/16520","targetHints":{"allow":["GET"]}}],"collection":[{"href":"https:\/\/edimeinter.com\/libreria\/wp-json\/wp\/v2\/product"}],"about":[{"href":"https:\/\/edimeinter.com\/libreria\/wp-json\/wp\/v2\/types\/product"}],"replies":[{"embeddable":true,"href":"https:\/\/edimeinter.com\/libreria\/wp-json\/wp\/v2\/comments?post=16520"}],"version-history":[{"count":5,"href":"https:\/\/edimeinter.com\/libreria\/wp-json\/wp\/v2\/product\/16520\/revisions"}],"predecessor-version":[{"id":16539,"href":"https:\/\/edimeinter.com\/libreria\/wp-json\/wp\/v2\/product\/16520\/revisions\/16539"}],"wp:featuredmedia":[{"embeddable":true,"href":"https:\/\/edimeinter.com\/libreria\/wp-json\/wp\/v2\/media\/16521"}],"wp:attachment":[{"href":"https:\/\/edimeinter.com\/libreria\/wp-json\/wp\/v2\/media?parent=16520"}],"wp:term":[{"taxonomy":"product_cat","embeddable":true,"href":"https:\/\/edimeinter.com\/libreria\/wp-json\/wp\/v2\/product_cat?post=16520"},{"taxonomy":"product_tag","embeddable":true,"href":"https:\/\/edimeinter.com\/libreria\/wp-json\/wp\/v2\/product_tag?post=16520"}],"curies":[{"name":"wp","href":"https:\/\/api.w.org\/{rel}","templated":true}]}}