{"id":16532,"date":"2025-05-09T22:00:49","date_gmt":"2025-05-09T22:00:49","guid":{"rendered":"https:\/\/edimeinter.com\/libreria\/?post_type=product&#038;p=16532"},"modified":"2025-05-09T22:03:42","modified_gmt":"2025-05-09T22:03:42","slug":"fisiologia-del-ejercicio-teoria-y-aplicacion-practica-3a-edicion","status":"publish","type":"product","link":"https:\/\/edimeinter.com\/libreria\/product\/fisiologia-del-ejercicio-teoria-y-aplicacion-practica-3a-edicion\/","title":{"rendered":"Fisiolog\u00eda del ejercicio. Teor\u00eda y aplicaci\u00f3n pr\u00e1ctica. 3\u00aa Edici\u00f3n"},"content":{"rendered":"\t\t<div data-elementor-type=\"wp-post\" data-elementor-id=\"16532\" class=\"elementor elementor-16532\">\n\t\t\t\t<div class=\"elementor-element elementor-element-2612b12 e-flex e-con-boxed e-con e-parent\" data-id=\"2612b12\" data-element_type=\"container\" data-e-type=\"container\">\n\t\t\t\t\t<div class=\"e-con-inner\">\n\t\t\n\t\t<div class=\"elementor-element elementor-element-498707ae elementor-widget elementor-widget-text-editor\" data-id=\"498707ae\" data-element_type=\"widget\" data-e-type=\"widget\" data-widget_type=\"text-editor.default\">\n\t\t\t\t<div class=\"elementor-widget-container\">\n\t\t\t\t\t\t\t\t\t<p><b>Fisiolog\u00eda del ejercicio. Teor\u00eda y aplicaci\u00f3n pr\u00e1ctica\u00a0<\/b>tiene el objetivo de ofrecer los conceptos b\u00e1sicos de la fisiolog\u00eda del ejercicio para aplicarlos a los retos del mundo real relacionados con el entrenamiento y ejercicio f\u00edsicos. Dise\u00f1ado para integrar teor\u00eda y pr\u00e1ctica, este atractivo y accesible texto ofrece a los estudiantes una comprensi\u00f3n profunda de c\u00f3mo el cuerpo se adapta al ejercicio y a las tensiones ambientales y c\u00f3mo la fisiolog\u00eda b\u00e1sica ayuda a las decisiones pr\u00e1cticas.<br \/>La 3.\u00aa edici\u00f3n ampl\u00eda la cobertura de las aplicaciones pr\u00e1cticas, se extiende en el creciente conocimiento cient\u00edfico de la fisiolog\u00eda del ejercicio, explora el actual tema de El ejercicio es medicina con base en la prevenci\u00f3n y ofrece orientaci\u00f3n para encontrar respuestas fiables, basadas en la evidencia, a las preguntas de la vida real. En lugar de ahondar mucho en cuestiones te\u00f3ricas, esta obra hace hincapi\u00e9 en la comprensi\u00f3n fundamental de la fisiolog\u00eda del ejercicio que rodea cuestiones pr\u00e1cticas con las que deber\u00e1n enfrentarse tanto los estudiantes como los profesionales. El objetivo, por lo tanto, es integrar la fisiolog\u00eda b\u00e1sica del ejercicio como elementos clave para ayudar a entender cu\u00e1les pueden ser las respuestas a varias preguntas y entender c\u00f3mo encontrar estas respuestas por medio de una perspectiva basada en la evidencia.<\/p>\t\t\t\t\t\t\t\t<\/div>\n\t\t\t\t<\/div>\n\t\t\t\t\t<\/div>\n\t\t\t\t<\/div>\n\t\t\t\t<\/div>\n\t\t","protected":false},"excerpt":{"rendered":"<p><strong>Autores:<\/strong> William Kraemer , Steven Fleck PhD, FACSM, Michael Deschenes<br \/>\n<strong>ISBN:<\/strong> 9788418563799<br \/>\n<strong>Editorial:<\/strong>\u00a0WOLTERS KLUWER<br \/>\n<strong>Edici\u00f3n:<\/strong> 3\u00aa<br \/>\n<strong>Especialidad<\/strong>: Fisioterapia<br \/>\n<strong>P\u00e1ginas<\/strong>: 547<br \/>\n\u00a9 2022<\/p>\n","protected":false},"featured_media":16533,"comment_status":"open","ping_status":"closed","template":"","meta":{"_joinchat":[]},"product_cat":[111],"product_tag":[112,92],"class_list":{"0":"post-16532","1":"product","2":"type-product","3":"status-publish","4":"has-post-thumbnail","6":"product_cat-fisioterapia","7":"product_tag-fisioterapia","8":"product_tag-wolters-kluwer","10":"first","11":"instock","12":"featured","13":"taxable","14":"shipping-taxable","15":"purchasable","16":"product-type-simple"},"_links":{"self":[{"href":"https:\/\/edimeinter.com\/libreria\/wp-json\/wp\/v2\/product\/16532","targetHints":{"allow":["GET"]}}],"collection":[{"href":"https:\/\/edimeinter.com\/libreria\/wp-json\/wp\/v2\/product"}],"about":[{"href":"https:\/\/edimeinter.com\/libreria\/wp-json\/wp\/v2\/types\/product"}],"replies":[{"embeddable":true,"href":"https:\/\/edimeinter.com\/libreria\/wp-json\/wp\/v2\/comments?post=16532"}],"version-history":[{"count":4,"href":"https:\/\/edimeinter.com\/libreria\/wp-json\/wp\/v2\/product\/16532\/revisions"}],"predecessor-version":[{"id":16538,"href":"https:\/\/edimeinter.com\/libreria\/wp-json\/wp\/v2\/product\/16532\/revisions\/16538"}],"wp:featuredmedia":[{"embeddable":true,"href":"https:\/\/edimeinter.com\/libreria\/wp-json\/wp\/v2\/media\/16533"}],"wp:attachment":[{"href":"https:\/\/edimeinter.com\/libreria\/wp-json\/wp\/v2\/media?parent=16532"}],"wp:term":[{"taxonomy":"product_cat","embeddable":true,"href":"https:\/\/edimeinter.com\/libreria\/wp-json\/wp\/v2\/product_cat?post=16532"},{"taxonomy":"product_tag","embeddable":true,"href":"https:\/\/edimeinter.com\/libreria\/wp-json\/wp\/v2\/product_tag?post=16532"}],"curies":[{"name":"wp","href":"https:\/\/api.w.org\/{rel}","templated":true}]}}