{"id":16540,"date":"2025-05-09T22:07:39","date_gmt":"2025-05-09T22:07:39","guid":{"rendered":"https:\/\/edimeinter.com\/libreria\/?post_type=product&#038;p=16540"},"modified":"2025-05-09T22:11:06","modified_gmt":"2025-05-09T22:11:06","slug":"hoppenfeld-tratamiento-y-rehabilitacion-de-fracturas-2a-edicion","status":"publish","type":"product","link":"https:\/\/edimeinter.com\/libreria\/product\/hoppenfeld-tratamiento-y-rehabilitacion-de-fracturas-2a-edicion\/","title":{"rendered":"Hoppenfeld. Tratamiento y rehabilitaci\u00f3n de fracturas. 2\u00aa Edici\u00f3n"},"content":{"rendered":"\t\t<div data-elementor-type=\"wp-post\" data-elementor-id=\"16540\" class=\"elementor elementor-16540\">\n\t\t\t\t<div class=\"elementor-element elementor-element-2612b12 e-flex e-con-boxed e-con e-parent\" data-id=\"2612b12\" data-element_type=\"container\" data-e-type=\"container\">\n\t\t\t\t\t<div class=\"e-con-inner\">\n\t\t\n\t\t<div class=\"elementor-element elementor-element-498707ae elementor-widget elementor-widget-text-editor\" data-id=\"498707ae\" data-element_type=\"widget\" data-e-type=\"widget\" data-widget_type=\"text-editor.default\">\n\t\t\t\t<div class=\"elementor-widget-container\">\n\t\t\t\t\t\t\t\t\t<p>Dos d\u00e9cadas despu\u00e9s de su primera publicaci\u00f3n llega la 2.\u00aa edici\u00f3n de\u00a0<b>Hoppenfeld. Tratamiento y rehabilitaci\u00f3n de fracturas<\/b>, dirigida a todas aquellas personas interesadas en el tratamiento posterior de las fracturas, incluidos estudiantes de medicina, enfermer\u00eda o terapia f\u00edsica u ocupacional; estudiantes de posgrado de cirug\u00eda ortop\u00e9dica, medicina deportiva de atenci\u00f3n primaria o medicina f\u00edsica y rehabilitaci\u00f3n; y m\u00e9dicos de todas las especialidades. La autor\u00eda de la 1.\u00aa edici\u00f3n estuvo a cargo de Stanley Hoppenfeld, probablemente el autor contempor\u00e1neo que m\u00e1s ha influido, durante m\u00e1s de una generaci\u00f3n, en la comprensi\u00f3n y apreciaci\u00f3n de la exploraci\u00f3n f\u00edsica y neurol\u00f3gica ortop\u00e9dicas, as\u00ed como en los enfoques quir\u00fargicos anat\u00f3micos contempor\u00e1neos.<br \/>Esta 2.\u00aa edici\u00f3n est\u00e1 redactada por destacados ortopedistas y especialistas en rehabilitaci\u00f3n. De acuerdo con la visi\u00f3n original del Dr. Hoppenfeld, el libro se subdivide en secciones anat\u00f3micas con \u00e9nfasis en la comprensi\u00f3n de la relaci\u00f3n entre el cuidado conservador o quir\u00fargico de las fracturas y la restauraci\u00f3n funcional de la movilidad de las articulaciones para mejorar los resultados de los pacientes. El libro es intr\u00ednsecamente multidisciplinario y refleja un abordaje de \u00abatenci\u00f3n total\u00bb a las fracturas.<\/p>\t\t\t\t\t\t\t\t<\/div>\n\t\t\t\t<\/div>\n\t\t\t\t\t<\/div>\n\t\t\t\t<\/div>\n\t\t\t\t<\/div>\n\t\t","protected":false},"excerpt":{"rendered":"<p><strong>Autores:<\/strong> Michael Suk MD, JD, MPH, MBA, FACS, Daniel S. Horwitz<br \/>\n<strong>ISBN:<\/strong> 9788418563898<br \/>\n<strong>Editorial:<\/strong>\u00a0WOLTERS KLUWER<br \/>\n<strong>Edici\u00f3n:<\/strong> 2\u00aa<br \/>\n<strong>Especialidad<\/strong>: Fisioterapia<br \/>\n<strong>P\u00e1ginas<\/strong>: 274<br \/>\n\u00a9 2022<\/p>\n","protected":false},"featured_media":16541,"comment_status":"open","ping_status":"closed","template":"","meta":{"_joinchat":[]},"product_cat":[111],"product_tag":[112,92],"class_list":{"0":"post-16540","1":"product","2":"type-product","3":"status-publish","4":"has-post-thumbnail","6":"product_cat-fisioterapia","7":"product_tag-fisioterapia","8":"product_tag-wolters-kluwer","10":"first","11":"instock","12":"featured","13":"taxable","14":"shipping-taxable","15":"purchasable","16":"product-type-simple"},"_links":{"self":[{"href":"https:\/\/edimeinter.com\/libreria\/wp-json\/wp\/v2\/product\/16540","targetHints":{"allow":["GET"]}}],"collection":[{"href":"https:\/\/edimeinter.com\/libreria\/wp-json\/wp\/v2\/product"}],"about":[{"href":"https:\/\/edimeinter.com\/libreria\/wp-json\/wp\/v2\/types\/product"}],"replies":[{"embeddable":true,"href":"https:\/\/edimeinter.com\/libreria\/wp-json\/wp\/v2\/comments?post=16540"}],"version-history":[{"count":4,"href":"https:\/\/edimeinter.com\/libreria\/wp-json\/wp\/v2\/product\/16540\/revisions"}],"predecessor-version":[{"id":16545,"href":"https:\/\/edimeinter.com\/libreria\/wp-json\/wp\/v2\/product\/16540\/revisions\/16545"}],"wp:featuredmedia":[{"embeddable":true,"href":"https:\/\/edimeinter.com\/libreria\/wp-json\/wp\/v2\/media\/16541"}],"wp:attachment":[{"href":"https:\/\/edimeinter.com\/libreria\/wp-json\/wp\/v2\/media?parent=16540"}],"wp:term":[{"taxonomy":"product_cat","embeddable":true,"href":"https:\/\/edimeinter.com\/libreria\/wp-json\/wp\/v2\/product_cat?post=16540"},{"taxonomy":"product_tag","embeddable":true,"href":"https:\/\/edimeinter.com\/libreria\/wp-json\/wp\/v2\/product_tag?post=16540"}],"curies":[{"name":"wp","href":"https:\/\/api.w.org\/{rel}","templated":true}]}}