{"id":16546,"date":"2025-05-09T22:12:32","date_gmt":"2025-05-09T22:12:32","guid":{"rendered":"https:\/\/edimeinter.com\/libreria\/?post_type=product&#038;p=16546"},"modified":"2025-05-09T22:15:26","modified_gmt":"2025-05-09T22:15:26","slug":"bases-biomecanicas-del-sistema-musculoesqueletico-5a-edicion","status":"publish","type":"product","link":"https:\/\/edimeinter.com\/libreria\/product\/bases-biomecanicas-del-sistema-musculoesqueletico-5a-edicion\/","title":{"rendered":"Bases biom\u00e9canicas del sistema musculoesquel\u00e9tico. 5\u00aa Edici\u00f3n"},"content":{"rendered":"\t\t<div data-elementor-type=\"wp-post\" data-elementor-id=\"16546\" class=\"elementor elementor-16546\">\n\t\t\t\t<div class=\"elementor-element elementor-element-2612b12 e-flex e-con-boxed e-con e-parent\" data-id=\"2612b12\" data-element_type=\"container\" data-e-type=\"container\">\n\t\t\t\t\t<div class=\"e-con-inner\">\n\t\t\n\t\t<div class=\"elementor-element elementor-element-498707ae elementor-widget elementor-widget-text-editor\" data-id=\"498707ae\" data-element_type=\"widget\" data-e-type=\"widget\" data-widget_type=\"text-editor.default\">\n\t\t\t\t<div class=\"elementor-widget-container\">\n\t\t\t\t\t\t\t\t\t<p>Con un enfoque cl\u00ednico, claramente escrito y acompa\u00f1ado de cientos de ilustraciones,\u00a0<b>Bases biomec\u00e1nicas del sistema musculoesquel\u00e9tico\u00a0<\/b>brinda a los estudiantes conocimiento pr\u00e1ctico sobre la relaci\u00f3n fuerza-movimiento en el sistema musculoesquel\u00e9tico y el uso de los principios biomec\u00e1nicos en la evaluaci\u00f3n y el tratamiento de la disfunci\u00f3n musculoesquel\u00e9tica en entornos cl\u00ednicos.<br \/>Esta 5.\u00aa edici\u00f3n comienza con una introducci\u00f3n a la terminolog\u00eda de la biomec\u00e1nica y contin\u00faa con sus conceptos b\u00e1sicos, proporcionando perspectivas centradas en la biomec\u00e1nica de los tejidos y las estructuras, la de las articulaciones y la aplicada. Tambi\u00e9n contiene estudios de casos para integrar los conocimientos biomec\u00e1nicos en la formaci\u00f3n cl\u00ednica para la atenci\u00f3n al paciente.<br \/>La obra est\u00e1 dividida en tres secciones. La primera, \u201cbiomec\u00e1nica de los tejidos y estructuras del sistema musculoesquel\u00e9tico\u201d, cubre la mec\u00e1nica b\u00e1sica del hueso, el cart\u00edlago articular, los tendones y ligamentos, los nervios perif\u00e9ricos y el m\u00fasculo esquel\u00e9tico. La segunda secci\u00f3n abarca la mec\u00e1nica de las articulaciones y presenta los principales sistemas articulares del cuerpo humano. Por \u00faltimo, la tercera secci\u00f3n cubre algunos t\u00f3picos importantes sobre biomec\u00e1nica aplicada e incluye cuatro cap\u00edtulos sobre fijaci\u00f3n de fracturas, artroplastia, marcha y posturas aut\u00f3ctonas.<\/p>\t\t\t\t\t\t\t\t<\/div>\n\t\t\t\t<\/div>\n\t\t\t\t\t<\/div>\n\t\t\t\t<\/div>\n\t\t\t\t<\/div>\n\t\t","protected":false},"excerpt":{"rendered":"<p><strong>Autores:<\/strong> Margareta Nordin DirSci, Victor H. Frankel MD, PhD, KNO<br \/>\n<strong>ISBN:<\/strong> 9788418563645<br \/>\n<strong>Editorial:<\/strong>\u00a0WOLTERS KLUWER<br \/>\n<strong>Edici\u00f3n:<\/strong> 5\u00aa<br \/>\n<strong>Especialidad<\/strong>: Fisioterapia<br \/>\n<strong>P\u00e1ginas<\/strong>: 547<br \/>\n\u00a9 2022<\/p>\n","protected":false},"featured_media":16547,"comment_status":"open","ping_status":"closed","template":"","meta":{"_joinchat":[]},"product_cat":[111],"product_tag":[112,92],"class_list":{"0":"post-16546","1":"product","2":"type-product","3":"status-publish","4":"has-post-thumbnail","6":"product_cat-fisioterapia","7":"product_tag-fisioterapia","8":"product_tag-wolters-kluwer","10":"first","11":"instock","12":"featured","13":"taxable","14":"shipping-taxable","15":"purchasable","16":"product-type-simple"},"_links":{"self":[{"href":"https:\/\/edimeinter.com\/libreria\/wp-json\/wp\/v2\/product\/16546","targetHints":{"allow":["GET"]}}],"collection":[{"href":"https:\/\/edimeinter.com\/libreria\/wp-json\/wp\/v2\/product"}],"about":[{"href":"https:\/\/edimeinter.com\/libreria\/wp-json\/wp\/v2\/types\/product"}],"replies":[{"embeddable":true,"href":"https:\/\/edimeinter.com\/libreria\/wp-json\/wp\/v2\/comments?post=16546"}],"version-history":[{"count":4,"href":"https:\/\/edimeinter.com\/libreria\/wp-json\/wp\/v2\/product\/16546\/revisions"}],"predecessor-version":[{"id":16551,"href":"https:\/\/edimeinter.com\/libreria\/wp-json\/wp\/v2\/product\/16546\/revisions\/16551"}],"wp:featuredmedia":[{"embeddable":true,"href":"https:\/\/edimeinter.com\/libreria\/wp-json\/wp\/v2\/media\/16547"}],"wp:attachment":[{"href":"https:\/\/edimeinter.com\/libreria\/wp-json\/wp\/v2\/media?parent=16546"}],"wp:term":[{"taxonomy":"product_cat","embeddable":true,"href":"https:\/\/edimeinter.com\/libreria\/wp-json\/wp\/v2\/product_cat?post=16546"},{"taxonomy":"product_tag","embeddable":true,"href":"https:\/\/edimeinter.com\/libreria\/wp-json\/wp\/v2\/product_tag?post=16546"}],"curies":[{"name":"wp","href":"https:\/\/api.w.org\/{rel}","templated":true}]}}