{"id":16552,"date":"2025-05-09T22:17:09","date_gmt":"2025-05-09T22:17:09","guid":{"rendered":"https:\/\/edimeinter.com\/libreria\/?post_type=product&#038;p=16552"},"modified":"2026-02-12T19:16:20","modified_gmt":"2026-02-12T19:16:20","slug":"moore-anatomia-con-orientacion-clinica-9a-edicion","status":"publish","type":"product","link":"https:\/\/edimeinter.com\/libreria\/product\/moore-anatomia-con-orientacion-clinica-9a-edicion\/","title":{"rendered":"Moore. Anatom\u00eda con orientaci\u00f3n cl\u00ednica. 9\u00aa Edici\u00f3n"},"content":{"rendered":"\t\t<div data-elementor-type=\"wp-post\" data-elementor-id=\"16552\" class=\"elementor elementor-16552\">\n\t\t\t\t<div class=\"elementor-element elementor-element-2612b12 e-flex e-con-boxed e-con e-parent\" data-id=\"2612b12\" data-element_type=\"container\" data-e-type=\"container\">\n\t\t\t\t\t<div class=\"e-con-inner\">\n\t\t\n\t\t<div class=\"elementor-element elementor-element-498707ae elementor-widget elementor-widget-text-editor\" data-id=\"498707ae\" data-element_type=\"widget\" data-e-type=\"widget\" data-widget_type=\"text-editor.default\">\n\t\t\t\t<div class=\"elementor-widget-container\">\n\t\t\t\t\t\t\t\t\t<p><b><i>\u00a1El mejor texto de anatom\u00eda con enfoque cl\u00ednico del mundo!<\/i><\/b><br \/>Ha pasado un tercio de siglo desde que la primera edici\u00f3n de\u00a0<b>Anatom\u00eda con orientaci\u00f3n cl\u00ednica\u00a0<\/b>ocupara por primera vez los estantes de bibliotecas y librer\u00edas. Aunque la base de la anatom\u00eda humana se caracteriza por ser longeva y consistente, la evoluci\u00f3n de esta obra desde su creaci\u00f3n ha sido notable y refleja cambios en diferentes aspectos: aplicaci\u00f3n cl\u00ednica de la anatom\u00eda, evoluci\u00f3n tecnol\u00f3gica, nuevas y mejores t\u00e9cnicas de diagn\u00f3stico por imagen y avances en la tecnolog\u00eda de edici\u00f3n e impresi\u00f3n que, en conjunto, permiten plasmar y transmitir la informaci\u00f3n anat\u00f3mica con la mejor calidad y la m\u00e1xima utilidad. Edici\u00f3n tras edici\u00f3n, los esfuerzos se han enfocado en hacer que la obra sea m\u00e1s amigable y \u00fatil para los estudiantes de las diferentes disciplinas dedicadas a la atenci\u00f3n de la salud y en conservar la identidad que le ha valido su posici\u00f3n como una de las mejores y m\u00e1s valiosas obras para el estudio de la anatom\u00eda humana en el mundo.<br \/>La 9.\u00aa edici\u00f3n ha sido revisada en su totalidad por estudiantes, docentes, m\u00e9dicos especialistas y expertos anatomistas, quienes han validado la precisi\u00f3n, relevancia y utilidad de su contenido siguiendo en todo momento los est\u00e1ndares m\u00e1s rigurosos de precisi\u00f3n cient\u00edfica y cl\u00ednica. La terminolog\u00eda empleada para esta edici\u00f3n en espa\u00f1ol ha sido revisada y validada por un destacado y valioso grupo de expertos anatomistas de Latinoam\u00e9rica y Espa\u00f1a.<\/p>\t\t\t\t\t\t\t\t<\/div>\n\t\t\t\t<\/div>\n\t\t\t\t\t<\/div>\n\t\t\t\t<\/div>\n\t\t\t\t<\/div>\n\t\t","protected":false},"excerpt":{"rendered":"<p><strong>Autores:<\/strong> Arthur F. Dalley II PhD, FAAA, Anne M. R. Agur BSc (OT), MSc, PhD, FAAA<br \/>\n<strong>ISBN:<\/strong> 9788418892745<br \/>\n<strong>Editorial:<\/strong>\u00a0WOLTERS KLUWER<br \/>\n<strong>Edici\u00f3n:<\/strong> 9\u00aa<br \/>\n<strong>Especialidad<\/strong>: Anatom\u00eda<br \/>\n<strong>P\u00e1ginas<\/strong>: 1198<br \/>\n\u00a9 2022<\/p>\n","protected":false},"featured_media":16553,"comment_status":"open","ping_status":"closed","template":"","meta":{"_joinchat":[]},"product_cat":[100],"product_tag":[101,92],"class_list":{"0":"post-16552","1":"product","2":"type-product","3":"status-publish","4":"has-post-thumbnail","6":"product_cat-anatomia","7":"product_tag-anatomia","8":"product_tag-wolters-kluwer","10":"first","11":"instock","12":"featured","13":"taxable","14":"shipping-taxable","15":"purchasable","16":"product-type-simple"},"_links":{"self":[{"href":"https:\/\/edimeinter.com\/libreria\/wp-json\/wp\/v2\/product\/16552","targetHints":{"allow":["GET"]}}],"collection":[{"href":"https:\/\/edimeinter.com\/libreria\/wp-json\/wp\/v2\/product"}],"about":[{"href":"https:\/\/edimeinter.com\/libreria\/wp-json\/wp\/v2\/types\/product"}],"replies":[{"embeddable":true,"href":"https:\/\/edimeinter.com\/libreria\/wp-json\/wp\/v2\/comments?post=16552"}],"version-history":[{"count":5,"href":"https:\/\/edimeinter.com\/libreria\/wp-json\/wp\/v2\/product\/16552\/revisions"}],"predecessor-version":[{"id":16883,"href":"https:\/\/edimeinter.com\/libreria\/wp-json\/wp\/v2\/product\/16552\/revisions\/16883"}],"wp:featuredmedia":[{"embeddable":true,"href":"https:\/\/edimeinter.com\/libreria\/wp-json\/wp\/v2\/media\/16553"}],"wp:attachment":[{"href":"https:\/\/edimeinter.com\/libreria\/wp-json\/wp\/v2\/media?parent=16552"}],"wp:term":[{"taxonomy":"product_cat","embeddable":true,"href":"https:\/\/edimeinter.com\/libreria\/wp-json\/wp\/v2\/product_cat?post=16552"},{"taxonomy":"product_tag","embeddable":true,"href":"https:\/\/edimeinter.com\/libreria\/wp-json\/wp\/v2\/product_tag?post=16552"}],"curies":[{"name":"wp","href":"https:\/\/api.w.org\/{rel}","templated":true}]}}