{"id":16564,"date":"2025-05-09T22:27:37","date_gmt":"2025-05-09T22:27:37","guid":{"rendered":"https:\/\/edimeinter.com\/libreria\/?post_type=product&#038;p=16564"},"modified":"2025-05-09T22:30:55","modified_gmt":"2025-05-09T22:30:55","slug":"nefrologia-de-bolsillo-1a-edicion","status":"publish","type":"product","link":"https:\/\/edimeinter.com\/libreria\/product\/nefrologia-de-bolsillo-1a-edicion\/","title":{"rendered":"Nefrolog\u00eda de bolsillo. 1\u00aa Edici\u00f3n"},"content":{"rendered":"\t\t<div data-elementor-type=\"wp-post\" data-elementor-id=\"16564\" class=\"elementor elementor-16564\">\n\t\t\t\t<div class=\"elementor-element elementor-element-2612b12 e-flex e-con-boxed e-con e-parent\" data-id=\"2612b12\" data-element_type=\"container\" data-e-type=\"container\">\n\t\t\t\t\t<div class=\"e-con-inner\">\n\t\t\n\t\t<div class=\"elementor-element elementor-element-498707ae elementor-widget elementor-widget-text-editor\" data-id=\"498707ae\" data-element_type=\"widget\" data-e-type=\"widget\" data-widget_type=\"text-editor.default\">\n\t\t\t\t<div class=\"elementor-widget-container\">\n\t\t\t\t\t\t\t\t\t<p>Creada para estudiantes de medicina y para residentes y especialistas de medicina interna que participan en la atenci\u00f3n del paciente con enfermedad renal aguda y cr\u00f3nica,<b>\u00a0Nefrolog\u00eda de bolsillo<\/b>\u00a0es una referencia concisa y basada en evidencia sobre el diagn\u00f3stico y tratamiento de las enfermedades glomerulares complejas y de la din\u00e1mica \u00e1cido-base.<br \/>La primera de las dos secciones que conforman esta edici\u00f3n aborda el enfoque general de los padecimientos del ri\u00f1\u00f3n; la segunda incluye t\u00f3picos espec\u00edficos sobre cada una de las siguientes categor\u00edas: electrolitos y equilibrio \u00e1cido-base; enfermedades tubulares, intersticiales y qu\u00edsticas; enfermedades extrarrenales; enfermedades glomerulares y vasculares; hipertensi\u00f3n, sustituci\u00f3n de la funci\u00f3n renal, y trasplante.<\/p>\t\t\t\t\t\t\t\t<\/div>\n\t\t\t\t<\/div>\n\t\t\t\t\t<\/div>\n\t\t\t\t<\/div>\n\t\t\t\t<\/div>\n\t\t","protected":false},"excerpt":{"rendered":"<p><strong>Autores:<\/strong> Wooin Ahn MD, Jai Radhakrishnan M.D.<br \/>\n<strong>ISBN:<\/strong> 9788418563447<br \/>\n<strong>Editorial:<\/strong>\u00a0WOLTERS KLUWER<br \/>\n<strong>Edici\u00f3n:<\/strong> 1\u00aa<br \/>\n<strong>Especialidad<\/strong>: Nefrolog\u00eda Cl\u00ednica<br \/>\n<strong>P\u00e1ginas<\/strong>: 360<br \/>\n\u00a9 2022<\/p>\n","protected":false},"featured_media":16565,"comment_status":"open","ping_status":"closed","template":"","meta":{"_joinchat":[]},"product_cat":[113],"product_tag":[114,92],"class_list":{"0":"post-16564","1":"product","2":"type-product","3":"status-publish","4":"has-post-thumbnail","6":"product_cat-nefrologia-clinica","7":"product_tag-nefrologia-clinica","8":"product_tag-wolters-kluwer","10":"first","11":"instock","12":"featured","13":"taxable","14":"shipping-taxable","15":"purchasable","16":"product-type-simple"},"_links":{"self":[{"href":"https:\/\/edimeinter.com\/libreria\/wp-json\/wp\/v2\/product\/16564","targetHints":{"allow":["GET"]}}],"collection":[{"href":"https:\/\/edimeinter.com\/libreria\/wp-json\/wp\/v2\/product"}],"about":[{"href":"https:\/\/edimeinter.com\/libreria\/wp-json\/wp\/v2\/types\/product"}],"replies":[{"embeddable":true,"href":"https:\/\/edimeinter.com\/libreria\/wp-json\/wp\/v2\/comments?post=16564"}],"version-history":[{"count":4,"href":"https:\/\/edimeinter.com\/libreria\/wp-json\/wp\/v2\/product\/16564\/revisions"}],"predecessor-version":[{"id":16569,"href":"https:\/\/edimeinter.com\/libreria\/wp-json\/wp\/v2\/product\/16564\/revisions\/16569"}],"wp:featuredmedia":[{"embeddable":true,"href":"https:\/\/edimeinter.com\/libreria\/wp-json\/wp\/v2\/media\/16565"}],"wp:attachment":[{"href":"https:\/\/edimeinter.com\/libreria\/wp-json\/wp\/v2\/media?parent=16564"}],"wp:term":[{"taxonomy":"product_cat","embeddable":true,"href":"https:\/\/edimeinter.com\/libreria\/wp-json\/wp\/v2\/product_cat?post=16564"},{"taxonomy":"product_tag","embeddable":true,"href":"https:\/\/edimeinter.com\/libreria\/wp-json\/wp\/v2\/product_tag?post=16564"}],"curies":[{"name":"wp","href":"https:\/\/api.w.org\/{rel}","templated":true}]}}