{"id":16570,"date":"2025-05-10T23:00:34","date_gmt":"2025-05-10T23:00:34","guid":{"rendered":"https:\/\/edimeinter.com\/libreria\/?post_type=product&#038;p=16570"},"modified":"2025-05-10T23:03:34","modified_gmt":"2025-05-10T23:03:34","slug":"manual-de-nefrologia-e-hipertension-7a-edicion","status":"publish","type":"product","link":"https:\/\/edimeinter.com\/libreria\/product\/manual-de-nefrologia-e-hipertension-7a-edicion\/","title":{"rendered":"Manual de nefrolog\u00eda e hipertensi\u00f3n. 7\u00aa Edici\u00f3n"},"content":{"rendered":"\t\t<div data-elementor-type=\"wp-post\" data-elementor-id=\"16570\" class=\"elementor elementor-16570\">\n\t\t\t\t<div class=\"elementor-element elementor-element-2612b12 e-flex e-con-boxed e-con e-parent\" data-id=\"2612b12\" data-element_type=\"container\" data-e-type=\"container\">\n\t\t\t\t\t<div class=\"e-con-inner\">\n\t\t\n\t\t<div class=\"elementor-element elementor-element-498707ae elementor-widget elementor-widget-text-editor\" data-id=\"498707ae\" data-element_type=\"widget\" data-e-type=\"widget\" data-widget_type=\"text-editor.default\">\n\t\t\t\t<div class=\"elementor-widget-container\">\n\t\t\t\t\t\t\t\t\t<p>Conciso, completo y f\u00e1cil de usar,\u00a0<b>Manual de nefrolog\u00eda e hipertensi\u00f3n\u00a0<\/b>ofrece una gu\u00eda experta sobre el diagn\u00f3stico y el tratamiento de pacientes con una amplia gama de trastornos renales e hipertensi\u00f3n, incluida la cobertura de di\u00e1lisis y trasplante. El Dr. Christopher Wilcox y su equipo de editores se encargaron de supervisar a un grupo de autores expertos, tanto profesores como internos, quienes se centraron en presentar problemas y retos comunes en este complejo campo.<br \/>Dividido en 12 secciones, el manual presenta cap\u00edtulos breves y centrados, con abundantes figuras y algoritmos que reflejan nuevos hallazgos en enfermedades qu\u00edsticas renales, nuevos f\u00e1rmacos utilizados para la hipertensi\u00f3n, trasplante y protecci\u00f3n renal, y mucho m\u00e1s. Todos los cap\u00edtulos est\u00e1n escritos por nefr\u00f3logos en ejercicio y varios cuentan con la coautor\u00eda de nefr\u00f3logos en formaci\u00f3n.<\/p>\t\t\t\t\t\t\t\t<\/div>\n\t\t\t\t<\/div>\n\t\t\t\t\t<\/div>\n\t\t\t\t<\/div>\n\t\t\t\t<\/div>\n\t\t","protected":false},"excerpt":{"rendered":"<p><strong>Autores:<\/strong> Christopher S Wilcox MD PhD, Michael James Choi MD, Limeng Chen MD, Winfred W. Williams MD, Mark S. Segal MD<br \/>\n<strong>ISBN:<\/strong> 9788419284884<br \/>\n<strong>Editorial:<\/strong>\u00a0WOLTERS KLUWER<br \/>\n<strong>Edici\u00f3n:<\/strong> 7\u00aa<br \/>\n<strong>Especialidad<\/strong>: Nefrolog\u00eda Cl\u00ednica<br \/>\n<strong>P\u00e1ginas<\/strong>: 408<br \/>\n\u00a9 2023<\/p>\n","protected":false},"featured_media":16571,"comment_status":"open","ping_status":"closed","template":"","meta":{"_joinchat":[]},"product_cat":[113],"product_tag":[114,92],"class_list":{"0":"post-16570","1":"product","2":"type-product","3":"status-publish","4":"has-post-thumbnail","6":"product_cat-nefrologia-clinica","7":"product_tag-nefrologia-clinica","8":"product_tag-wolters-kluwer","10":"first","11":"instock","12":"featured","13":"taxable","14":"shipping-taxable","15":"purchasable","16":"product-type-simple"},"_links":{"self":[{"href":"https:\/\/edimeinter.com\/libreria\/wp-json\/wp\/v2\/product\/16570","targetHints":{"allow":["GET"]}}],"collection":[{"href":"https:\/\/edimeinter.com\/libreria\/wp-json\/wp\/v2\/product"}],"about":[{"href":"https:\/\/edimeinter.com\/libreria\/wp-json\/wp\/v2\/types\/product"}],"replies":[{"embeddable":true,"href":"https:\/\/edimeinter.com\/libreria\/wp-json\/wp\/v2\/comments?post=16570"}],"version-history":[{"count":4,"href":"https:\/\/edimeinter.com\/libreria\/wp-json\/wp\/v2\/product\/16570\/revisions"}],"predecessor-version":[{"id":16575,"href":"https:\/\/edimeinter.com\/libreria\/wp-json\/wp\/v2\/product\/16570\/revisions\/16575"}],"wp:featuredmedia":[{"embeddable":true,"href":"https:\/\/edimeinter.com\/libreria\/wp-json\/wp\/v2\/media\/16571"}],"wp:attachment":[{"href":"https:\/\/edimeinter.com\/libreria\/wp-json\/wp\/v2\/media?parent=16570"}],"wp:term":[{"taxonomy":"product_cat","embeddable":true,"href":"https:\/\/edimeinter.com\/libreria\/wp-json\/wp\/v2\/product_cat?post=16570"},{"taxonomy":"product_tag","embeddable":true,"href":"https:\/\/edimeinter.com\/libreria\/wp-json\/wp\/v2\/product_tag?post=16570"}],"curies":[{"name":"wp","href":"https:\/\/api.w.org\/{rel}","templated":true}]}}