{"id":16576,"date":"2025-05-10T23:04:50","date_gmt":"2025-05-10T23:04:50","guid":{"rendered":"https:\/\/edimeinter.com\/libreria\/?post_type=product&#038;p=16576"},"modified":"2025-05-13T19:08:47","modified_gmt":"2025-05-13T19:08:47","slug":"manual-washington-de-terapeutica-medica-37a-edicion","status":"publish","type":"product","link":"https:\/\/edimeinter.com\/libreria\/product\/manual-washington-de-terapeutica-medica-37a-edicion\/","title":{"rendered":"Manual Washington de terap\u00e9utica m\u00e9dica. 37\u00aa Edici\u00f3n"},"content":{"rendered":"\t\t<div data-elementor-type=\"wp-post\" data-elementor-id=\"16576\" class=\"elementor elementor-16576\">\n\t\t\t\t<div class=\"elementor-element elementor-element-2612b12 e-flex e-con-boxed e-con e-parent\" data-id=\"2612b12\" data-element_type=\"container\" data-e-type=\"container\">\n\t\t\t\t\t<div class=\"e-con-inner\">\n\t\t\n\t\t<div class=\"elementor-element elementor-element-498707ae elementor-widget elementor-widget-text-editor\" data-id=\"498707ae\" data-element_type=\"widget\" data-e-type=\"widget\" data-widget_type=\"text-editor.default\">\n\t\t\t\t<div class=\"elementor-widget-container\">\n\t\t\t\t\t\t\t\t\t<p><b>Manual Washington\u00ae de terap\u00e9utica m\u00e9dica<\/b>\u00a0es una de las obras insignes m\u00e1s reconocidas de la literatura m\u00e9dica mundial. Su estilo cl\u00e1sico de listado con los conceptos m\u00e1s \u00fatiles vertidos en enunciados claros y concisos la ha convertido en una de las obras m\u00e1s utilizadas y referenciadas por estudiantes de medicina, m\u00e9dicos residentes y especialistas en todo el mundo.<br \/>Con m\u00e1s de 1 mill\u00f3n de copias vendidas en todo el mundo y traducciones a m\u00e1s de 20 idiomas, esta 37.\u00aa edici\u00f3n mantiene su misi\u00f3n inicial de proporcionar un apoyo cl\u00ednico integral e incidir positivamente en la atenci\u00f3n de los pacientes. En esta edici\u00f3n se ha revisado y actualizado el contenido en su totalidad, para reflejar los \u00faltimos avances en medicina basada en evidencia y tecnolog\u00eda dirigida al diagn\u00f3stico y tratamiento.<br \/>Con un s\u00f3lido enfoque en medicina interna, la obra proporciona una cobertura integral de los padecimientos de mayor prevalencia e incidencia en todas las especialidades y subespecialidades m\u00e9dicas, y en cada uno aborda principios generales, caracter\u00edsticas cl\u00ednicas y estrategia terap\u00e9utica, con fundamento en la evidencia m\u00e1s reciente. Adem\u00e1s, la obra incluye contenido adicional sobre atenci\u00f3n general de pacientes, como evaluaci\u00f3n y manejo, pre y posoperatorios, tratamiento de afecciones agudas, trasplantes y medicina transfusional.<\/p>\t\t\t\t\t\t\t\t<\/div>\n\t\t\t\t<\/div>\n\t\t\t\t\t<\/div>\n\t\t\t\t<\/div>\n\t\t\t\t<\/div>\n\t\t","protected":false},"excerpt":{"rendered":"<p><strong>Autores:<\/strong> Siri Ancha , Christine Auberle , Devin Cash , Mohit Harsh , John Hickman , Carole Kounga<br \/>\n<strong>ISBN:<\/strong> 9788419284518<br \/>\n<strong>Editorial:<\/strong>\u00a0WOLTERS KLUWER<br \/>\n<strong>Edici\u00f3n:<\/strong> 37\u00aa<br \/>\n<strong>Especialidad<\/strong>: Medicina Interna<br \/>\n<strong>P\u00e1ginas<\/strong>: 1114<br \/>\n\u00a9 2023<\/p>\n","protected":false},"featured_media":16577,"comment_status":"open","ping_status":"closed","template":"","meta":{"_joinchat":[]},"product_cat":[150],"product_tag":[151,92],"class_list":{"0":"post-16576","1":"product","2":"type-product","3":"status-publish","4":"has-post-thumbnail","6":"product_cat-medicina-interna","7":"product_tag-medicina-interna","8":"product_tag-wolters-kluwer","10":"first","11":"instock","12":"featured","13":"taxable","14":"shipping-taxable","15":"purchasable","16":"product-type-simple"},"_links":{"self":[{"href":"https:\/\/edimeinter.com\/libreria\/wp-json\/wp\/v2\/product\/16576","targetHints":{"allow":["GET"]}}],"collection":[{"href":"https:\/\/edimeinter.com\/libreria\/wp-json\/wp\/v2\/product"}],"about":[{"href":"https:\/\/edimeinter.com\/libreria\/wp-json\/wp\/v2\/types\/product"}],"replies":[{"embeddable":true,"href":"https:\/\/edimeinter.com\/libreria\/wp-json\/wp\/v2\/comments?post=16576"}],"version-history":[{"count":5,"href":"https:\/\/edimeinter.com\/libreria\/wp-json\/wp\/v2\/product\/16576\/revisions"}],"predecessor-version":[{"id":16777,"href":"https:\/\/edimeinter.com\/libreria\/wp-json\/wp\/v2\/product\/16576\/revisions\/16777"}],"wp:featuredmedia":[{"embeddable":true,"href":"https:\/\/edimeinter.com\/libreria\/wp-json\/wp\/v2\/media\/16577"}],"wp:attachment":[{"href":"https:\/\/edimeinter.com\/libreria\/wp-json\/wp\/v2\/media?parent=16576"}],"wp:term":[{"taxonomy":"product_cat","embeddable":true,"href":"https:\/\/edimeinter.com\/libreria\/wp-json\/wp\/v2\/product_cat?post=16576"},{"taxonomy":"product_tag","embeddable":true,"href":"https:\/\/edimeinter.com\/libreria\/wp-json\/wp\/v2\/product_tag?post=16576"}],"curies":[{"name":"wp","href":"https:\/\/api.w.org\/{rel}","templated":true}]}}