{"id":16582,"date":"2025-05-10T23:08:27","date_gmt":"2025-05-10T23:08:27","guid":{"rendered":"https:\/\/edimeinter.com\/libreria\/?post_type=product&#038;p=16582"},"modified":"2026-03-17T19:46:50","modified_gmt":"2026-03-17T19:46:50","slug":"bates-guia-de-exploracion-fisica-e-historia-clinica-13a-edicion","status":"publish","type":"product","link":"https:\/\/edimeinter.com\/libreria\/product\/bates-guia-de-exploracion-fisica-e-historia-clinica-13a-edicion\/","title":{"rendered":"Bates. Gu\u00eda de exploraci\u00f3n f\u00edsica e historia cl\u00ednica. 13\u00aa Edici\u00f3n"},"content":{"rendered":"\t\t<div data-elementor-type=\"wp-post\" data-elementor-id=\"16582\" class=\"elementor elementor-16582\">\n\t\t\t\t<div class=\"elementor-element elementor-element-2612b12 e-flex e-con-boxed e-con e-parent\" data-id=\"2612b12\" data-element_type=\"container\" data-e-type=\"container\">\n\t\t\t\t\t<div class=\"e-con-inner\">\n\t\t\n\t\t<div class=\"elementor-element elementor-element-498707ae elementor-widget elementor-widget-text-editor\" data-id=\"498707ae\" data-element_type=\"widget\" data-e-type=\"widget\" data-widget_type=\"text-editor.default\">\n\t\t\t\t<div class=\"elementor-widget-container\">\n\t\t\t\t\t\t\t\t\t<p>Desde hace m\u00e1s de cuatro d\u00e9cadas,\u00a0<b>Bates. Gu\u00eda de exploraci\u00f3n f\u00edsica e historia cl\u00ednica\u00a0<\/b>se ha posicionado como uno de los referentes cl\u00e1sicos de la proped\u00e9utica cl\u00ednica moderna. Su enfoque basado en el razonamiento cl\u00ednico, en la toma compartida de decisiones y en la comprensi\u00f3n s\u00f3lida de la evidencia cl\u00ednica permite a estudiantes de medicina, enfermer\u00eda y de otras ciencias de la salud adquirir y desarrollar habilidades y competencias cl\u00ednicas s\u00f3lidas en el interrogatorio y exploraci\u00f3n f\u00edsica de pacientes adultos y pedi\u00e1tricos.<br \/>Esta 13.a edici\u00f3n marca una expansi\u00f3n significativa del alcance del libro de texto al incluir todos los componentes y caracter\u00edsticas esenciales en el encuentro cl\u00ednico, ahora comprendidos en 27 cap\u00edtulos organizados en 3 unidades. La primera de estas unidades,\u00a0<i>Fundamentos de la valoraci\u00f3n de la salud<\/i>, sigue en 7 cap\u00edtulos una secuencia l\u00f3gica que comienza con una revisi\u00f3n general de los componentes de la consulta y contin\u00faa con conceptos importantes en la evaluaci\u00f3n de la evidencia cl\u00ednica y en la toma de decisiones cl\u00ednicas. En la segunda unidad,\u00a0<i>Exploraciones regionales<\/i>, se cubren en 17 cap\u00edtulos las exploraciones por regi\u00f3n \u201cdesde la cabeza hasta los pies\u201d. Todos ellos contienen revisiones de anatom\u00eda y fisiolog\u00eda, s\u00edntomas frecuentes encontrados durante la anamnesis, descripciones detalladas e im\u00e1genes de las t\u00e9cnicas de exploraci\u00f3n, una muestra de historia cl\u00ednica y tablas comparativas de anomal\u00edas. El libro cierra con la unidad\u00a0<i>Poblaciones especiales<\/i>, en la que se ofrecen tres cap\u00edtulos que cubren las etapas del ciclo de vida: infancia hasta la adolescencia, embarazo y envejecimiento.<br \/>Desde su 1.a edici\u00f3n en 1974, esta gu\u00eda ha sido el libro de texto preferido de los directores y educadores de programas de habilidades cl\u00ednicas, as\u00ed como ha brindado los conceptos y marcos de referencia necesarios para comprender y retener el material a medida que se presenta nueva evidencia cient\u00edfica que respalda las t\u00e9cnicas de exploraci\u00f3n, entrevista, promoci\u00f3n de la salud y prevenci\u00f3n de enfermedades.<\/p>\t\t\t\t\t\t\t\t<\/div>\n\t\t\t\t<\/div>\n\t\t\t\t\t<\/div>\n\t\t\t\t<\/div>\n\t\t\t\t<\/div>\n\t\t","protected":false},"excerpt":{"rendered":"<p><strong>Autores:<\/strong> Lynn S. Bickley MD<br \/>\n<strong>ISBN:<\/strong> 9788418257698<br \/>\n<strong>Editorial:<\/strong>\u00a0WOLTERS KLUWER<br \/>\n<strong>Edici\u00f3n:<\/strong> 13\u00aa<br \/>\n<strong>Especialidad<\/strong>: Medicina Interna<br \/>\n<strong>P\u00e1ginas<\/strong>: 1241<br \/>\n\u00a9 2021<\/p>\n","protected":false},"featured_media":16583,"comment_status":"open","ping_status":"closed","template":"","meta":{"_joinchat":[]},"product_cat":[150],"product_tag":[151,92],"class_list":{"0":"post-16582","1":"product","2":"type-product","3":"status-publish","4":"has-post-thumbnail","6":"product_cat-medicina-interna","7":"product_tag-medicina-interna","8":"product_tag-wolters-kluwer","10":"first","11":"instock","12":"featured","13":"taxable","14":"shipping-taxable","15":"purchasable","16":"product-type-simple"},"_links":{"self":[{"href":"https:\/\/edimeinter.com\/libreria\/wp-json\/wp\/v2\/product\/16582","targetHints":{"allow":["GET"]}}],"collection":[{"href":"https:\/\/edimeinter.com\/libreria\/wp-json\/wp\/v2\/product"}],"about":[{"href":"https:\/\/edimeinter.com\/libreria\/wp-json\/wp\/v2\/types\/product"}],"replies":[{"embeddable":true,"href":"https:\/\/edimeinter.com\/libreria\/wp-json\/wp\/v2\/comments?post=16582"}],"version-history":[{"count":5,"href":"https:\/\/edimeinter.com\/libreria\/wp-json\/wp\/v2\/product\/16582\/revisions"}],"predecessor-version":[{"id":16870,"href":"https:\/\/edimeinter.com\/libreria\/wp-json\/wp\/v2\/product\/16582\/revisions\/16870"}],"wp:featuredmedia":[{"embeddable":true,"href":"https:\/\/edimeinter.com\/libreria\/wp-json\/wp\/v2\/media\/16583"}],"wp:attachment":[{"href":"https:\/\/edimeinter.com\/libreria\/wp-json\/wp\/v2\/media?parent=16582"}],"wp:term":[{"taxonomy":"product_cat","embeddable":true,"href":"https:\/\/edimeinter.com\/libreria\/wp-json\/wp\/v2\/product_cat?post=16582"},{"taxonomy":"product_tag","embeddable":true,"href":"https:\/\/edimeinter.com\/libreria\/wp-json\/wp\/v2\/product_tag?post=16582"}],"curies":[{"name":"wp","href":"https:\/\/api.w.org\/{rel}","templated":true}]}}