{"id":16589,"date":"2025-05-10T23:12:53","date_gmt":"2025-05-10T23:12:53","guid":{"rendered":"https:\/\/edimeinter.com\/libreria\/?post_type=product&#038;p=16589"},"modified":"2025-05-10T23:16:20","modified_gmt":"2025-05-10T23:16:20","slug":"guia-para-las-rotaciones-clinicas-procedimientos-y-destrezas-1a-edicion","status":"publish","type":"product","link":"https:\/\/edimeinter.com\/libreria\/product\/guia-para-las-rotaciones-clinicas-procedimientos-y-destrezas-1a-edicion\/","title":{"rendered":"Gu\u00eda para las rotaciones cl\u00ednicas. Procedimientos y destrezas. 1\u00aa Edici\u00f3n"},"content":{"rendered":"\t\t<div data-elementor-type=\"wp-post\" data-elementor-id=\"16589\" class=\"elementor elementor-16589\">\n\t\t\t\t<div class=\"elementor-element elementor-element-2612b12 e-flex e-con-boxed e-con e-parent\" data-id=\"2612b12\" data-element_type=\"container\" data-e-type=\"container\">\n\t\t\t\t\t<div class=\"e-con-inner\">\n\t\t\n\t\t<div class=\"elementor-element elementor-element-498707ae elementor-widget elementor-widget-text-editor\" data-id=\"498707ae\" data-element_type=\"widget\" data-e-type=\"widget\" data-widget_type=\"text-editor.default\">\n\t\t\t\t<div class=\"elementor-widget-container\">\n\t\t\t\t\t\t\t\t\t<p>Para los estudiantes de medicina, el paso del aula a la cl\u00ednica representa una importante transici\u00f3n educativa, llena de nuevas y ricas oportunidades de aprendizaje y desaf\u00edos.\u00a0<b>Gu\u00eda para las rotaciones cl\u00ednicas. Procedimientos y destrezas\u00a0<\/b>es una obra compacta, f\u00e1cil de usar que sirve como recurso pr\u00e1ctico para ayudarles a aprender de forma eficiente las destrezas cl\u00ednicas necesarias para la atenci\u00f3n diaria de los pacientes. Con instrucciones concisas paso a paso, as\u00ed como ilustraciones complementarias, se detalla brevemente la informaci\u00f3n necesaria para una referencia r\u00e1pida, y se acompa\u00f1a de ideas y ejemplos profesionales que destacan la aplicaci\u00f3n efectiva.<br \/>La obra se divide en siete secciones: la primera cubre anamnesis, exploraci\u00f3n f\u00edsica, notas de evoluci\u00f3n, ingreso, remisi\u00f3n a otras especialidades o alta hospitalaria, entre otras cuestiones iniciales. La segunda secci\u00f3n se centra en la presentaci\u00f3n oral de los casos cl\u00ednicos o de una nota de evoluci\u00f3n, con cap\u00edtulos organizados por especialidades. La tercera secci\u00f3n se enfoca en el expediente m\u00e9dico electr\u00f3nico, y la cuarta inicia con los procedimientos b\u00e1sicos requeridos en las diferentes rotaciones cl\u00ednicas. Las dos siguientes secciones abordan destrezas de comunicaci\u00f3n y c\u00f3mo responder a preguntas cl\u00ednicas. En la \u00faltima secci\u00f3n se incluyen referencias r\u00e1pidas con datos de consulta frecuente como signos vitales, ritmos cardiacos comunes, par\u00e1metros cardiopulmonares, evaluaci\u00f3n del estado h\u00eddrico, y cifras y valores normales de laboratorio, entre otros.<\/p>\t\t\t\t\t\t\t\t<\/div>\n\t\t\t\t<\/div>\n\t\t\t\t\t<\/div>\n\t\t\t\t<\/div>\n\t\t\t\t<\/div>\n\t\t","protected":false},"excerpt":{"rendered":"<p><strong>Autores:<\/strong> Adam Eltorai PHD, Paul George MD, Steven Rougas MD<br \/>\n<strong>ISBN:<\/strong> 9788418892455<br \/>\n<strong>Editorial:<\/strong>\u00a0WOLTERS KLUWER<br \/>\n<strong>Edici\u00f3n:<\/strong> 1\u00aa<br \/>\n<strong>Especialidad<\/strong>: Medicina Interna<br \/>\n<strong>P\u00e1ginas<\/strong>: 1241<br \/>\n\u00a9 2022<\/p>\n","protected":false},"featured_media":16590,"comment_status":"open","ping_status":"closed","template":"","meta":{"_joinchat":[]},"product_cat":[150],"product_tag":[151,92],"class_list":{"0":"post-16589","1":"product","2":"type-product","3":"status-publish","4":"has-post-thumbnail","6":"product_cat-medicina-interna","7":"product_tag-medicina-interna","8":"product_tag-wolters-kluwer","10":"first","11":"instock","12":"featured","13":"taxable","14":"shipping-taxable","15":"purchasable","16":"product-type-simple"},"_links":{"self":[{"href":"https:\/\/edimeinter.com\/libreria\/wp-json\/wp\/v2\/product\/16589","targetHints":{"allow":["GET"]}}],"collection":[{"href":"https:\/\/edimeinter.com\/libreria\/wp-json\/wp\/v2\/product"}],"about":[{"href":"https:\/\/edimeinter.com\/libreria\/wp-json\/wp\/v2\/types\/product"}],"replies":[{"embeddable":true,"href":"https:\/\/edimeinter.com\/libreria\/wp-json\/wp\/v2\/comments?post=16589"}],"version-history":[{"count":4,"href":"https:\/\/edimeinter.com\/libreria\/wp-json\/wp\/v2\/product\/16589\/revisions"}],"predecessor-version":[{"id":16594,"href":"https:\/\/edimeinter.com\/libreria\/wp-json\/wp\/v2\/product\/16589\/revisions\/16594"}],"wp:featuredmedia":[{"embeddable":true,"href":"https:\/\/edimeinter.com\/libreria\/wp-json\/wp\/v2\/media\/16590"}],"wp:attachment":[{"href":"https:\/\/edimeinter.com\/libreria\/wp-json\/wp\/v2\/media?parent=16589"}],"wp:term":[{"taxonomy":"product_cat","embeddable":true,"href":"https:\/\/edimeinter.com\/libreria\/wp-json\/wp\/v2\/product_cat?post=16589"},{"taxonomy":"product_tag","embeddable":true,"href":"https:\/\/edimeinter.com\/libreria\/wp-json\/wp\/v2\/product_tag?post=16589"}],"curies":[{"name":"wp","href":"https:\/\/api.w.org\/{rel}","templated":true}]}}