{"id":16595,"date":"2025-05-10T23:19:28","date_gmt":"2025-05-10T23:19:28","guid":{"rendered":"https:\/\/edimeinter.com\/libreria\/?post_type=product&#038;p=16595"},"modified":"2025-10-29T17:44:56","modified_gmt":"2025-10-29T17:44:56","slug":"manual-washington-de-medicina-interna-ambulatoria-3a-edicion","status":"publish","type":"product","link":"https:\/\/edimeinter.com\/libreria\/product\/manual-washington-de-medicina-interna-ambulatoria-3a-edicion\/","title":{"rendered":"Manual Washington de medicina interna ambulatoria. 3\u00aa Edici\u00f3n"},"content":{"rendered":"\t\t<div data-elementor-type=\"wp-post\" data-elementor-id=\"16595\" class=\"elementor elementor-16595\">\n\t\t\t\t<div class=\"elementor-element elementor-element-2612b12 e-flex e-con-boxed e-con e-parent\" data-id=\"2612b12\" data-element_type=\"container\" data-e-type=\"container\">\n\t\t\t\t\t<div class=\"e-con-inner\">\n\t\t\n\t\t<div class=\"elementor-element elementor-element-498707ae elementor-widget elementor-widget-text-editor\" data-id=\"498707ae\" data-element_type=\"widget\" data-e-type=\"widget\" data-widget_type=\"text-editor.default\">\n\t\t\t\t<div class=\"elementor-widget-container\">\n\t\t\t\t\t\t\t\t\t<p>Centrado en ofrecer informaci\u00f3n, Manual Washington\u00ae de medicina interna ambulatoria proporciona al lector una referencia sobre los problemas m\u00e1s frecuentes que se encuentran en cada subespecialidad m\u00e9dica en la atenci\u00f3n ambulatoria, presentada de manera concisa y sin pasar por alto los avances actuales en la evaluaci\u00f3n y el tratamiento de los pacientes.<br \/>Debido a que muchas de las caracter\u00edsticas cl\u00ednicas de las afecciones que se atienden en el \u00e1mbito ambulatorio se encuentran fuera de las subespecialidades tradicionales de la medicina interna, en esta 3.\u00aa edici\u00f3n se han incluido cap\u00edtulos de especialidades como dermatolog\u00eda, neurolog\u00eda, oftalmolog\u00eda, otorrinolaringolog\u00eda y psiquiatr\u00eda, escritos por destacados especialistas en estos campos, por lo que en este c\u00f3modo y port\u00e1til recurso encontrar\u00e1 una cobertura completa, desde la hipertensi\u00f3n y la diabetes hasta trastornos del sue\u00f1o, nutrici\u00f3n y el cuidado del paciente con c\u00e1ncer, todo al alcance de su mano para una revisi\u00f3n y referencia r\u00e1pidas.<\/p>\t\t\t\t\t\t\t\t<\/div>\n\t\t\t\t<\/div>\n\t\t\t\t\t<\/div>\n\t\t\t\t<\/div>\n\t\t\t\t<\/div>\n\t\t","protected":false},"excerpt":{"rendered":"<p><strong>Autores:<\/strong> Maureen Lyons , Peter McDonnell , Jennifer Schmidt<br \/>\n<strong>ISBN:<\/strong> 9788418892950<br \/>\n<strong>Editorial:<\/strong>\u00a0WOLTERS KLUWER<br \/>\n<strong>Edici\u00f3n:<\/strong> 3\u00aa<br \/>\n<strong>Especialidad<\/strong>: Medicina Interna<br \/>\n<strong>P\u00e1ginas<\/strong>: 1048<br \/>\n\u00a9 2023<\/p>\n","protected":false},"featured_media":16596,"comment_status":"open","ping_status":"closed","template":"","meta":{"_joinchat":[]},"product_cat":[150],"product_tag":[151,92],"class_list":{"0":"post-16595","1":"product","2":"type-product","3":"status-publish","4":"has-post-thumbnail","6":"product_cat-medicina-interna","7":"product_tag-medicina-interna","8":"product_tag-wolters-kluwer","10":"first","11":"instock","12":"featured","13":"taxable","14":"shipping-taxable","15":"purchasable","16":"product-type-simple"},"_links":{"self":[{"href":"https:\/\/edimeinter.com\/libreria\/wp-json\/wp\/v2\/product\/16595","targetHints":{"allow":["GET"]}}],"collection":[{"href":"https:\/\/edimeinter.com\/libreria\/wp-json\/wp\/v2\/product"}],"about":[{"href":"https:\/\/edimeinter.com\/libreria\/wp-json\/wp\/v2\/types\/product"}],"replies":[{"embeddable":true,"href":"https:\/\/edimeinter.com\/libreria\/wp-json\/wp\/v2\/comments?post=16595"}],"version-history":[{"count":5,"href":"https:\/\/edimeinter.com\/libreria\/wp-json\/wp\/v2\/product\/16595\/revisions"}],"predecessor-version":[{"id":16775,"href":"https:\/\/edimeinter.com\/libreria\/wp-json\/wp\/v2\/product\/16595\/revisions\/16775"}],"wp:featuredmedia":[{"embeddable":true,"href":"https:\/\/edimeinter.com\/libreria\/wp-json\/wp\/v2\/media\/16596"}],"wp:attachment":[{"href":"https:\/\/edimeinter.com\/libreria\/wp-json\/wp\/v2\/media?parent=16595"}],"wp:term":[{"taxonomy":"product_cat","embeddable":true,"href":"https:\/\/edimeinter.com\/libreria\/wp-json\/wp\/v2\/product_cat?post=16595"},{"taxonomy":"product_tag","embeddable":true,"href":"https:\/\/edimeinter.com\/libreria\/wp-json\/wp\/v2\/product_tag?post=16595"}],"curies":[{"name":"wp","href":"https:\/\/api.w.org\/{rel}","templated":true}]}}