{"id":16601,"date":"2025-05-10T23:22:48","date_gmt":"2025-05-10T23:22:48","guid":{"rendered":"https:\/\/edimeinter.com\/libreria\/?post_type=product&#038;p=16601"},"modified":"2025-12-26T23:25:08","modified_gmt":"2025-12-26T23:25:08","slug":"medicina-de-bolsillo-8a-edicion","status":"publish","type":"product","link":"https:\/\/edimeinter.com\/libreria\/product\/medicina-de-bolsillo-8a-edicion\/","title":{"rendered":"Medicina de bolsillo. 8\u00aa Edici\u00f3n"},"content":{"rendered":"\t\t<div data-elementor-type=\"wp-post\" data-elementor-id=\"16601\" class=\"elementor elementor-16601\">\n\t\t\t\t<div class=\"elementor-element elementor-element-2612b12 e-flex e-con-boxed e-con e-parent\" data-id=\"2612b12\" data-element_type=\"container\" data-e-type=\"container\">\n\t\t\t\t\t<div class=\"e-con-inner\">\n\t\t\n\t\t<div class=\"elementor-element elementor-element-498707ae elementor-widget elementor-widget-text-editor\" data-id=\"498707ae\" data-element_type=\"widget\" data-e-type=\"widget\" data-widget_type=\"text-editor.default\">\n\t\t\t\t<div class=\"elementor-widget-container\">\n\t\t\t\t\t\t\t\t\t<p><i>Medicina de bolsillo, 8.\u00aa edici\u00f3n<\/i>, es un recurso imprescindible para obtener respuestas r\u00e1pidas a las preguntas diagn\u00f3sticas y terap\u00e9uticas a las que se enfrenta el personal sanitario en rondas y ex\u00e1menes. Editado por el Dr. Marc S. Sabatine y compilado por residentes, becarios y m\u00e9dicos adjuntos del mundialmente conocido Massachusetts General Hospital, este\u00a0<i>best-seller<\/i>\u00a0proporciona informaci\u00f3n fiable y actualizada necesaria para hacer un diagn\u00f3stico preciso y desarrollar un plan de tratamiento de vanguardia. Con listas de vi\u00f1etas, tablas y algoritmos de f\u00e1cil acceso,\u00a0<i>Medicina de Bolsillo<\/i>\u00a0ofrece una cobertura espec\u00edfica de la medicina interna en un pr\u00e1ctico, fiable y conocido formato de carpeta con arillas.<\/p>\t\t\t\t\t\t\t\t<\/div>\n\t\t\t\t<\/div>\n\t\t\t\t\t<\/div>\n\t\t\t\t<\/div>\n\t\t\t\t<\/div>\n\t\t","protected":false},"excerpt":{"rendered":"<p><strong>Autores:<\/strong> Marc S. Sabatine MD, MPH<br \/>\n<strong>ISBN:<\/strong> 9788419284341<br \/>\n<strong>Editorial:<\/strong>\u00a0WOLTERS KLUWER<br \/>\n<strong>Edici\u00f3n:<\/strong> 8\u00aa<br \/>\n<strong>Especialidad<\/strong>: Medicina Interna<br \/>\n<strong>P\u00e1ginas<\/strong>: 304<br \/>\n\u00a9 2023<\/p>\n","protected":false},"featured_media":16602,"comment_status":"open","ping_status":"closed","template":"","meta":{"_joinchat":[]},"product_cat":[150],"product_tag":[151,92],"class_list":{"0":"post-16601","1":"product","2":"type-product","3":"status-publish","4":"has-post-thumbnail","6":"product_cat-medicina-interna","7":"product_tag-medicina-interna","8":"product_tag-wolters-kluwer","10":"first","11":"instock","12":"featured","13":"taxable","14":"shipping-taxable","15":"purchasable","16":"product-type-simple"},"_links":{"self":[{"href":"https:\/\/edimeinter.com\/libreria\/wp-json\/wp\/v2\/product\/16601","targetHints":{"allow":["GET"]}}],"collection":[{"href":"https:\/\/edimeinter.com\/libreria\/wp-json\/wp\/v2\/product"}],"about":[{"href":"https:\/\/edimeinter.com\/libreria\/wp-json\/wp\/v2\/types\/product"}],"replies":[{"embeddable":true,"href":"https:\/\/edimeinter.com\/libreria\/wp-json\/wp\/v2\/comments?post=16601"}],"version-history":[{"count":5,"href":"https:\/\/edimeinter.com\/libreria\/wp-json\/wp\/v2\/product\/16601\/revisions"}],"predecessor-version":[{"id":16776,"href":"https:\/\/edimeinter.com\/libreria\/wp-json\/wp\/v2\/product\/16601\/revisions\/16776"}],"wp:featuredmedia":[{"embeddable":true,"href":"https:\/\/edimeinter.com\/libreria\/wp-json\/wp\/v2\/media\/16602"}],"wp:attachment":[{"href":"https:\/\/edimeinter.com\/libreria\/wp-json\/wp\/v2\/media?parent=16601"}],"wp:term":[{"taxonomy":"product_cat","embeddable":true,"href":"https:\/\/edimeinter.com\/libreria\/wp-json\/wp\/v2\/product_cat?post=16601"},{"taxonomy":"product_tag","embeddable":true,"href":"https:\/\/edimeinter.com\/libreria\/wp-json\/wp\/v2\/product_tag?post=16601"}],"curies":[{"name":"wp","href":"https:\/\/api.w.org\/{rel}","templated":true}]}}