{"id":16607,"date":"2025-05-10T23:26:45","date_gmt":"2025-05-10T23:26:45","guid":{"rendered":"https:\/\/edimeinter.com\/libreria\/?post_type=product&#038;p=16607"},"modified":"2025-06-26T21:31:45","modified_gmt":"2025-06-26T21:31:45","slug":"manual-soap-para-rotaciones-clinicas-2a-edicion","status":"publish","type":"product","link":"https:\/\/edimeinter.com\/libreria\/product\/manual-soap-para-rotaciones-clinicas-2a-edicion\/","title":{"rendered":"Manual SOAP para rotaciones cl\u00ednicas. 2\u00aa Edici\u00f3n"},"content":{"rendered":"\t\t<div data-elementor-type=\"wp-post\" data-elementor-id=\"16607\" class=\"elementor elementor-16607\">\n\t\t\t\t<div class=\"elementor-element elementor-element-2612b12 e-flex e-con-boxed e-con e-parent\" data-id=\"2612b12\" data-element_type=\"container\" data-e-type=\"container\">\n\t\t\t\t\t<div class=\"e-con-inner\">\n\t\t\n\t\t<div class=\"elementor-element elementor-element-498707ae elementor-widget elementor-widget-text-editor\" data-id=\"498707ae\" data-element_type=\"widget\" data-e-type=\"widget\" data-widget_type=\"text-editor.default\">\n\t\t\t\t<div class=\"elementor-widget-container\">\n\t\t\t\t\t\t\t\t\t<p><b><i>\u00a1Brilla en las guardias y pases de visita con esta referencia r\u00e1pida sobre la t\u00e9cnica SOAP y aprende c\u00f3mo aplicarla en pacientes de diferentes especialidades o servicios!<\/i><\/b><br \/>Con un enfoque simple y directo para redactar notas de ingreso o evoluci\u00f3n, el\u00a0<b>Manual SOAP para rotaciones cl\u00ednicas\u00a0<\/b>es un recurso imprescindible para los estudiantes de medicina y m\u00e9dicos internos y residentes que se desenvuelven y rotan en salas y servicios hospitalarios.<br \/>Con un dise\u00f1o amigable a dos p\u00e1ginas, el manual presenta los fundamentos de c\u00f3mo utilizar la t\u00e9cnica SOAP para redactar notas cl\u00ednicas enfatizando el problema o queja principal del paciente, en lugar de su diagn\u00f3stico, con el fin de desarrollar y perfeccionar las habilidades de razonamiento cl\u00ednico y documentaci\u00f3n necesarias para un ejercicio eficaz en las especialidades de medicina interna, pediatr\u00eda, obstetricia y ginecolog\u00eda, cirug\u00eda, medicina de urgencias y psiquiatr\u00eda.<\/p>\t\t\t\t\t\t\t\t<\/div>\n\t\t\t\t<\/div>\n\t\t\t\t\t<\/div>\n\t\t\t\t<\/div>\n\t\t\t\t<\/div>\n\t\t","protected":false},"excerpt":{"rendered":"<p><strong>Autores:<\/strong> Peter S Uzelac M.D.<br \/>\n<strong>ISBN:<\/strong> 9788418892608<br \/>\n<strong>Editorial:<\/strong>\u00a0WOLTERS KLUWER<br \/>\n<strong>Edici\u00f3n:<\/strong> 2\u00aa<br \/>\n<strong>Especialidad<\/strong>: Medicina Interna<br \/>\n<strong>P\u00e1ginas<\/strong>: 1241<br \/>\n\u00a9 2022<\/p>\n","protected":false},"featured_media":16608,"comment_status":"open","ping_status":"closed","template":"","meta":{"_joinchat":[]},"product_cat":[150],"product_tag":[151,92],"class_list":{"0":"post-16607","1":"product","2":"type-product","3":"status-publish","4":"has-post-thumbnail","6":"product_cat-medicina-interna","7":"product_tag-medicina-interna","8":"product_tag-wolters-kluwer","10":"first","11":"instock","12":"featured","13":"taxable","14":"shipping-taxable","15":"purchasable","16":"product-type-simple"},"_links":{"self":[{"href":"https:\/\/edimeinter.com\/libreria\/wp-json\/wp\/v2\/product\/16607","targetHints":{"allow":["GET"]}}],"collection":[{"href":"https:\/\/edimeinter.com\/libreria\/wp-json\/wp\/v2\/product"}],"about":[{"href":"https:\/\/edimeinter.com\/libreria\/wp-json\/wp\/v2\/types\/product"}],"replies":[{"embeddable":true,"href":"https:\/\/edimeinter.com\/libreria\/wp-json\/wp\/v2\/comments?post=16607"}],"version-history":[{"count":5,"href":"https:\/\/edimeinter.com\/libreria\/wp-json\/wp\/v2\/product\/16607\/revisions"}],"predecessor-version":[{"id":16876,"href":"https:\/\/edimeinter.com\/libreria\/wp-json\/wp\/v2\/product\/16607\/revisions\/16876"}],"wp:featuredmedia":[{"embeddable":true,"href":"https:\/\/edimeinter.com\/libreria\/wp-json\/wp\/v2\/media\/16608"}],"wp:attachment":[{"href":"https:\/\/edimeinter.com\/libreria\/wp-json\/wp\/v2\/media?parent=16607"}],"wp:term":[{"taxonomy":"product_cat","embeddable":true,"href":"https:\/\/edimeinter.com\/libreria\/wp-json\/wp\/v2\/product_cat?post=16607"},{"taxonomy":"product_tag","embeddable":true,"href":"https:\/\/edimeinter.com\/libreria\/wp-json\/wp\/v2\/product_tag?post=16607"}],"curies":[{"name":"wp","href":"https:\/\/api.w.org\/{rel}","templated":true}]}}