{"id":16613,"date":"2025-05-10T23:30:14","date_gmt":"2025-05-10T23:30:14","guid":{"rendered":"https:\/\/edimeinter.com\/libreria\/?post_type=product&#038;p=16613"},"modified":"2025-05-10T23:33:54","modified_gmt":"2025-05-10T23:33:54","slug":"kaplan-y-sadock-manual-de-psiquiatria-clinica-5a-edicion","status":"publish","type":"product","link":"https:\/\/edimeinter.com\/libreria\/product\/kaplan-y-sadock-manual-de-psiquiatria-clinica-5a-edicion\/","title":{"rendered":"Kaplan y Sadock. Manual de psiquiatr\u00eda cl\u00ednica. 5\u00aa Edici\u00f3n"},"content":{"rendered":"\t\t<div data-elementor-type=\"wp-post\" data-elementor-id=\"16613\" class=\"elementor elementor-16613\">\n\t\t\t\t<div class=\"elementor-element elementor-element-2612b12 e-flex e-con-boxed e-con e-parent\" data-id=\"2612b12\" data-element_type=\"container\" data-e-type=\"container\">\n\t\t\t\t\t<div class=\"e-con-inner\">\n\t\t\n\t\t<div class=\"elementor-element elementor-element-498707ae elementor-widget elementor-widget-text-editor\" data-id=\"498707ae\" data-element_type=\"widget\" data-e-type=\"widget\" data-widget_type=\"text-editor.default\">\n\t\t\t\t<div class=\"elementor-widget-container\">\n\t\t\t\t\t\t\t\t\t<p><b>Kaplan y Sadock. Manual de psiquiatr\u00eda cl\u00ednica\u00a0<\/b>ofrece, de forma asequible y concisa, la informaci\u00f3n indispensable para el diagn\u00f3stico y tratamiento basados en la evidencia de las personas que viven con trastornos mentales. Esta obra parte de una de las referencias m\u00e1s importantes y autorizadas en la materia:\u00a0<i>Kaplan &amp; Sadock. Sinopsis de Psiquiatr\u00eda<\/i>, y resume sus cap\u00edtulos de mayor relevancia, como evaluaci\u00f3n psiqui\u00e1trica y m\u00e9dica del paciente, an\u00e1lisis de pruebas de laboratorio y de signos y s\u00edntomas, y diagn\u00f3stico y tratamiento de los trastornos mentales de mayor incidencia y prevalencia en ni\u00f1os, adolescentes y adultos mayores.<br \/>La obra, ya en su 5.\u00aa edici\u00f3n, est\u00e1 dise\u00f1ada para satisfacer las necesidades de lectores que requieren una cobertura compacta, pero completa, de la psiquiatr\u00eda cl\u00ednica. Asimismo, este t\u00edtulo busca fomentar la competencia profesional y garantizar la atenci\u00f3n de la m\u00e1s alta calidad a personas que viven con trastornos mentales.<\/p>\t\t\t\t\t\t\t\t<\/div>\n\t\t\t\t<\/div>\n\t\t\t\t\t<\/div>\n\t\t\t\t<\/div>\n\t\t\t\t<\/div>\n\t\t","protected":false},"excerpt":{"rendered":"<p><strong>Autores:<\/strong> Robert Boland , Marcia Verduin<br \/>\n<strong>ISBN:<\/strong> 9788418892912<br \/>\n<strong>Editorial:<\/strong>\u00a0WOLTERS KLUWER<br \/>\n<strong>Edici\u00f3n:<\/strong> 5\u00aa<br \/>\n<strong>Especialidad<\/strong>: Psiquiatr\u00eda<br \/>\n<strong>P\u00e1ginas<\/strong>: 1136<br \/>\n\u00a9 2023<\/p>\n","protected":false},"featured_media":16614,"comment_status":"open","ping_status":"closed","template":"","meta":{"_joinchat":[]},"product_cat":[68],"product_tag":[69,92],"class_list":{"0":"post-16613","1":"product","2":"type-product","3":"status-publish","4":"has-post-thumbnail","6":"product_cat-psiquiatria","7":"product_tag-psiquiatria","8":"product_tag-wolters-kluwer","10":"first","11":"instock","12":"featured","13":"taxable","14":"shipping-taxable","15":"purchasable","16":"product-type-simple"},"_links":{"self":[{"href":"https:\/\/edimeinter.com\/libreria\/wp-json\/wp\/v2\/product\/16613","targetHints":{"allow":["GET"]}}],"collection":[{"href":"https:\/\/edimeinter.com\/libreria\/wp-json\/wp\/v2\/product"}],"about":[{"href":"https:\/\/edimeinter.com\/libreria\/wp-json\/wp\/v2\/types\/product"}],"replies":[{"embeddable":true,"href":"https:\/\/edimeinter.com\/libreria\/wp-json\/wp\/v2\/comments?post=16613"}],"version-history":[{"count":4,"href":"https:\/\/edimeinter.com\/libreria\/wp-json\/wp\/v2\/product\/16613\/revisions"}],"predecessor-version":[{"id":16618,"href":"https:\/\/edimeinter.com\/libreria\/wp-json\/wp\/v2\/product\/16613\/revisions\/16618"}],"wp:featuredmedia":[{"embeddable":true,"href":"https:\/\/edimeinter.com\/libreria\/wp-json\/wp\/v2\/media\/16614"}],"wp:attachment":[{"href":"https:\/\/edimeinter.com\/libreria\/wp-json\/wp\/v2\/media?parent=16613"}],"wp:term":[{"taxonomy":"product_cat","embeddable":true,"href":"https:\/\/edimeinter.com\/libreria\/wp-json\/wp\/v2\/product_cat?post=16613"},{"taxonomy":"product_tag","embeddable":true,"href":"https:\/\/edimeinter.com\/libreria\/wp-json\/wp\/v2\/product_tag?post=16613"}],"curies":[{"name":"wp","href":"https:\/\/api.w.org\/{rel}","templated":true}]}}