{"id":16619,"date":"2025-05-10T23:35:11","date_gmt":"2025-05-10T23:35:11","guid":{"rendered":"https:\/\/edimeinter.com\/libreria\/?post_type=product&#038;p=16619"},"modified":"2025-05-10T23:38:34","modified_gmt":"2025-05-10T23:38:34","slug":"medicina-de-las-adicciones-de-bolsillo-1a-edicion","status":"publish","type":"product","link":"https:\/\/edimeinter.com\/libreria\/product\/medicina-de-las-adicciones-de-bolsillo-1a-edicion\/","title":{"rendered":"Medicina de las adicciones de bolsillo. 1\u00aa Edici\u00f3n"},"content":{"rendered":"\t\t<div data-elementor-type=\"wp-post\" data-elementor-id=\"16619\" class=\"elementor elementor-16619\">\n\t\t\t\t<div class=\"elementor-element elementor-element-2612b12 e-flex e-con-boxed e-con e-parent\" data-id=\"2612b12\" data-element_type=\"container\" data-e-type=\"container\">\n\t\t\t\t\t<div class=\"e-con-inner\">\n\t\t\n\t\t<div class=\"elementor-element elementor-element-498707ae elementor-widget elementor-widget-text-editor\" data-id=\"498707ae\" data-element_type=\"widget\" data-e-type=\"widget\" data-widget_type=\"text-editor.default\">\n\t\t\t\t<div class=\"elementor-widget-container\">\n\t\t\t\t\t\t\t\t\t<p><b>Medicina de las adicciones de bolsillo\u00a0<\/b>se une a la exitosa colecci\u00f3n\u00a0<i>de bolsillo\u00a0<\/i>como un recurso completo para el manejo de los trastornos por uso y abuso de sustancias, desde detecci\u00f3n y diagn\u00f3stico hasta tratamiento y limitaci\u00f3n de da\u00f1os. Como todos los vol\u00famenes de la serie, la obra est\u00e1 dise\u00f1ada para ser una referencia completa y de f\u00e1cil acceso para estudiantes y profesionales que atienden a pacientes con afecciones por consumo de sustancias en todos los \u00e1mbitos m\u00e9dicos.<br \/>La obra busca desmitificar y fomentar el tratamiento de los trastornos por consumo de sustancias como cualquier otra afecci\u00f3n, y reemplazar el abordaje y la estigmatizaci\u00f3n de anta\u00f1o. Al igual que otras enfermedades cr\u00f3nicas, este tipo de trastornos pueden ser detectados, diagnosticados y tratados de forma eficaz en la atenci\u00f3n primaria, el hospital, en las salas de urgencias, a trav\u00e9s de la salud conductual y en otros \u00e1mbitos asistenciales.<br \/>El libro se divide en tres secciones que abarcan conceptos b\u00e1sicos, adicci\u00f3n a sustancias espec\u00edficas (alcohol, opi\u00e1ceos, sedantes\/hipn\u00f3ticos, estimulantes, tabaco, y cannabinoides, entre muchas otras), t\u00f3picos importantes diversos y atenci\u00f3n de poblaciones especiales.<\/p>\t\t\t\t\t\t\t\t<\/div>\n\t\t\t\t<\/div>\n\t\t\t\t\t<\/div>\n\t\t\t\t<\/div>\n\t\t\t\t<\/div>\n\t\t","protected":false},"excerpt":{"rendered":"<p><strong>Autores:<\/strong> Sarah E. Wakeman MD, FASAM<br \/>\n<strong>ISBN:<\/strong> 9788419284150<br \/>\n<strong>Editorial:<\/strong>\u00a0WOLTERS KLUWER<br \/>\n<strong>Edici\u00f3n:<\/strong> 1\u00aa<br \/>\n<strong>Especialidad<\/strong>: Psiquiatr\u00eda<br \/>\n<strong>P\u00e1ginas<\/strong>: 228<br \/>\n\u00a9 2023<\/p>\n","protected":false},"featured_media":16620,"comment_status":"open","ping_status":"closed","template":"","meta":{"_joinchat":[]},"product_cat":[68],"product_tag":[69,92],"class_list":{"0":"post-16619","1":"product","2":"type-product","3":"status-publish","4":"has-post-thumbnail","6":"product_cat-psiquiatria","7":"product_tag-psiquiatria","8":"product_tag-wolters-kluwer","10":"first","11":"instock","12":"featured","13":"taxable","14":"shipping-taxable","15":"purchasable","16":"product-type-simple"},"_links":{"self":[{"href":"https:\/\/edimeinter.com\/libreria\/wp-json\/wp\/v2\/product\/16619","targetHints":{"allow":["GET"]}}],"collection":[{"href":"https:\/\/edimeinter.com\/libreria\/wp-json\/wp\/v2\/product"}],"about":[{"href":"https:\/\/edimeinter.com\/libreria\/wp-json\/wp\/v2\/types\/product"}],"replies":[{"embeddable":true,"href":"https:\/\/edimeinter.com\/libreria\/wp-json\/wp\/v2\/comments?post=16619"}],"version-history":[{"count":4,"href":"https:\/\/edimeinter.com\/libreria\/wp-json\/wp\/v2\/product\/16619\/revisions"}],"predecessor-version":[{"id":16624,"href":"https:\/\/edimeinter.com\/libreria\/wp-json\/wp\/v2\/product\/16619\/revisions\/16624"}],"wp:featuredmedia":[{"embeddable":true,"href":"https:\/\/edimeinter.com\/libreria\/wp-json\/wp\/v2\/media\/16620"}],"wp:attachment":[{"href":"https:\/\/edimeinter.com\/libreria\/wp-json\/wp\/v2\/media?parent=16619"}],"wp:term":[{"taxonomy":"product_cat","embeddable":true,"href":"https:\/\/edimeinter.com\/libreria\/wp-json\/wp\/v2\/product_cat?post=16619"},{"taxonomy":"product_tag","embeddable":true,"href":"https:\/\/edimeinter.com\/libreria\/wp-json\/wp\/v2\/product_tag?post=16619"}],"curies":[{"name":"wp","href":"https:\/\/api.w.org\/{rel}","templated":true}]}}