{"id":16625,"date":"2025-05-10T23:39:19","date_gmt":"2025-05-10T23:39:19","guid":{"rendered":"https:\/\/edimeinter.com\/libreria\/?post_type=product&#038;p=16625"},"modified":"2025-05-10T23:43:09","modified_gmt":"2025-05-10T23:43:09","slug":"matematicas-para-enfermeras-5a-edicion","status":"publish","type":"product","link":"https:\/\/edimeinter.com\/libreria\/product\/matematicas-para-enfermeras-5a-edicion\/","title":{"rendered":"Matem\u00e1ticas para enfermeras. 5\u00aa Edici\u00f3n"},"content":{"rendered":"\t\t<div data-elementor-type=\"wp-post\" data-elementor-id=\"16625\" class=\"elementor elementor-16625\">\n\t\t\t\t<div class=\"elementor-element elementor-element-2612b12 e-flex e-con-boxed e-con e-parent\" data-id=\"2612b12\" data-element_type=\"container\" data-e-type=\"container\">\n\t\t\t\t\t<div class=\"e-con-inner\">\n\t\t\n\t\t<div class=\"elementor-element elementor-element-498707ae elementor-widget elementor-widget-text-editor\" data-id=\"498707ae\" data-element_type=\"widget\" data-e-type=\"widget\" data-widget_type=\"text-editor.default\">\n\t\t\t\t<div class=\"elementor-widget-container\">\n\t\t\t\t\t\t\t\t\t<ul><li id=\"review_ratings\"><div class=\"accordion-content ad-show on\"><b><i>Matem\u00e1ticas para enfermeras\u00a0<\/i><\/b>presenta, en un formato compacto y condensado, una gu\u00eda b\u00e1sica y ampliamente reconocida para el c\u00e1lculo de dosis y la preparaci\u00f3n de medicamentos. Ahora en su 5.\u00aa edici\u00f3n en espa\u00f1ol, sigue ofreciendo un contenido claro y entendible, y manteniendo sus mismos objetivos: preparar a los estudiantes para calcular dosis con precisi\u00f3n y mejorar la exactitud de la administraci\u00f3n de medicamentos.<br \/>Estructurada en tama\u00f1o bolsillo para uso en el \u00e1mbito cl\u00ednico y como apoyo en el aula, la gu\u00eda abarca, en tres unidades diferenciadas, conceptos matem\u00e1ticos b\u00e1sicos y de complejidad media, sistema de mediciones y conversiones y, finalmente, c\u00e1lculo de dosis. La obra incluye tambi\u00e9n 13 \u00fatiles ap\u00e9ndices.<\/div><\/li><\/ul>\t\t\t\t\t\t\t\t<\/div>\n\t\t\t\t<\/div>\n\t\t\t\t\t<\/div>\n\t\t\t\t<\/div>\n\t\t\t\t<\/div>\n\t\t","protected":false},"excerpt":{"rendered":"<p><strong>Autores:<\/strong> Mary Jo Boyer RN, PhD<br \/>\n<strong>ISBN:<\/strong> 9788417949457<br \/>\n<strong>Editorial:<\/strong>\u00a0WOLTERS KLUWER<br \/>\n<strong>Edici\u00f3n:<\/strong> 5\u00aa<br \/>\n<strong>Especialidad<\/strong>: Enfermer\u00eda<br \/>\n<strong>P\u00e1ginas<\/strong>: 426<br \/>\n\u00a9 2020<\/p>\n","protected":false},"featured_media":16626,"comment_status":"open","ping_status":"closed","template":"","meta":{"_joinchat":[]},"product_cat":[115],"product_tag":[82,92],"class_list":{"0":"post-16625","1":"product","2":"type-product","3":"status-publish","4":"has-post-thumbnail","6":"product_cat-enfermeria","7":"product_tag-enfermeria","8":"product_tag-wolters-kluwer","10":"first","11":"instock","12":"featured","13":"taxable","14":"shipping-taxable","15":"purchasable","16":"product-type-simple"},"_links":{"self":[{"href":"https:\/\/edimeinter.com\/libreria\/wp-json\/wp\/v2\/product\/16625","targetHints":{"allow":["GET"]}}],"collection":[{"href":"https:\/\/edimeinter.com\/libreria\/wp-json\/wp\/v2\/product"}],"about":[{"href":"https:\/\/edimeinter.com\/libreria\/wp-json\/wp\/v2\/types\/product"}],"replies":[{"embeddable":true,"href":"https:\/\/edimeinter.com\/libreria\/wp-json\/wp\/v2\/comments?post=16625"}],"version-history":[{"count":5,"href":"https:\/\/edimeinter.com\/libreria\/wp-json\/wp\/v2\/product\/16625\/revisions"}],"predecessor-version":[{"id":16631,"href":"https:\/\/edimeinter.com\/libreria\/wp-json\/wp\/v2\/product\/16625\/revisions\/16631"}],"wp:featuredmedia":[{"embeddable":true,"href":"https:\/\/edimeinter.com\/libreria\/wp-json\/wp\/v2\/media\/16626"}],"wp:attachment":[{"href":"https:\/\/edimeinter.com\/libreria\/wp-json\/wp\/v2\/media?parent=16625"}],"wp:term":[{"taxonomy":"product_cat","embeddable":true,"href":"https:\/\/edimeinter.com\/libreria\/wp-json\/wp\/v2\/product_cat?post=16625"},{"taxonomy":"product_tag","embeddable":true,"href":"https:\/\/edimeinter.com\/libreria\/wp-json\/wp\/v2\/product_tag?post=16625"}],"curies":[{"name":"wp","href":"https:\/\/api.w.org\/{rel}","templated":true}]}}