{"id":16632,"date":"2025-05-10T23:45:03","date_gmt":"2025-05-10T23:45:03","guid":{"rendered":"https:\/\/edimeinter.com\/libreria\/?post_type=product&#038;p=16632"},"modified":"2025-05-10T23:49:48","modified_gmt":"2025-05-10T23:49:48","slug":"coleccion-lippincott-enfermeria-enfermeria-psiquiatrica-3a-edicion","status":"publish","type":"product","link":"https:\/\/edimeinter.com\/libreria\/product\/coleccion-lippincott-enfermeria-enfermeria-psiquiatrica-3a-edicion\/","title":{"rendered":"Colecci\u00f3n Lippincott Enfermer\u00eda. Enfermer\u00eda psiqui\u00e1trica. 3\u00aa Edici\u00f3n"},"content":{"rendered":"\t\t<div data-elementor-type=\"wp-post\" data-elementor-id=\"16632\" class=\"elementor elementor-16632\">\n\t\t\t\t<div class=\"elementor-element elementor-element-2612b12 e-flex e-con-boxed e-con e-parent\" data-id=\"2612b12\" data-element_type=\"container\" data-e-type=\"container\">\n\t\t\t\t\t<div class=\"e-con-inner\">\n\t\t\n\t\t<div class=\"elementor-element elementor-element-498707ae elementor-widget elementor-widget-text-editor\" data-id=\"498707ae\" data-element_type=\"widget\" data-e-type=\"widget\" data-widget_type=\"text-editor.default\">\n\t\t\t\t<div class=\"elementor-widget-container\">\n\t\t\t\t\t\t\t\t\t<ul><li id=\"review_ratings\"><div class=\"accordion-content ad-show on\"><b>Colecci\u00f3n Lippincott Enfermer\u00eda. Un enfoque pr\u00e1ctico y conciso\u00a0<\/b>es una novedosa colecci\u00f3n de textos enfocados en la ense\u00f1anza de asignaturas b\u00e1sicas y cl\u00ednicas en enfermer\u00eda. Cada uno de los t\u00edtulos de la serie presenta, en un formato visual y muy atractivo, los fundamentos te\u00f3ricos y pr\u00e1cticos que ayudar\u00e1n a los estudiantes de enfermer\u00eda a dominar temas de alta complejidad y utilidad en su formaci\u00f3n.<br \/><b>Enfermer\u00eda psiqui\u00e1trica\u00a0<\/b>presenta una gu\u00eda detallada sobre los conceptos de atenci\u00f3n de la salud mental en enfermer\u00eda. Incluye, de forma hol\u00edstica e informada, numerosos trastornos psiqui\u00e1tricos, con definici\u00f3n y estrategias de manejo. A lo largo de 19 cap\u00edtulos, la obra detalla las habilidades necesarias para la atenci\u00f3n \u00f3ptima de este tipo de padecimientos en todos los entornos.<\/div><\/li><\/ul>\t\t\t\t\t\t\t\t<\/div>\n\t\t\t\t<\/div>\n\t\t\t\t\t<\/div>\n\t\t\t\t<\/div>\n\t\t\t\t<\/div>\n\t\t","protected":false},"excerpt":{"rendered":"<p><strong>Autores:<\/strong> Cherie R. Rebar PhD, MBA, RN, CNE, CNEcl, Carolyn J. Gersch PhD, MSN, RN, CNE, Nicole M. Heimgartner DNP, RN, CNE, CNEcl, COI<br \/>\n<strong>ISBN:<\/strong> 9788418257391<br \/>\n<strong>Editorial:<\/strong>\u00a0WOLTERS KLUWER<br \/>\n<strong>Edici\u00f3n:<\/strong> 3\u00aa<br \/>\n<strong>Especialidad<\/strong>: Enfermer\u00eda<br \/>\n<strong>P\u00e1ginas<\/strong>: 750<br \/>\n\u00a9 2021<\/p>\n","protected":false},"featured_media":16634,"comment_status":"open","ping_status":"closed","template":"","meta":{"_joinchat":[]},"product_cat":[115],"product_tag":[82,92],"class_list":{"0":"post-16632","1":"product","2":"type-product","3":"status-publish","4":"has-post-thumbnail","6":"product_cat-enfermeria","7":"product_tag-enfermeria","8":"product_tag-wolters-kluwer","10":"first","11":"instock","12":"featured","13":"taxable","14":"shipping-taxable","15":"purchasable","16":"product-type-simple"},"_links":{"self":[{"href":"https:\/\/edimeinter.com\/libreria\/wp-json\/wp\/v2\/product\/16632","targetHints":{"allow":["GET"]}}],"collection":[{"href":"https:\/\/edimeinter.com\/libreria\/wp-json\/wp\/v2\/product"}],"about":[{"href":"https:\/\/edimeinter.com\/libreria\/wp-json\/wp\/v2\/types\/product"}],"replies":[{"embeddable":true,"href":"https:\/\/edimeinter.com\/libreria\/wp-json\/wp\/v2\/comments?post=16632"}],"version-history":[{"count":5,"href":"https:\/\/edimeinter.com\/libreria\/wp-json\/wp\/v2\/product\/16632\/revisions"}],"predecessor-version":[{"id":16639,"href":"https:\/\/edimeinter.com\/libreria\/wp-json\/wp\/v2\/product\/16632\/revisions\/16639"}],"wp:featuredmedia":[{"embeddable":true,"href":"https:\/\/edimeinter.com\/libreria\/wp-json\/wp\/v2\/media\/16634"}],"wp:attachment":[{"href":"https:\/\/edimeinter.com\/libreria\/wp-json\/wp\/v2\/media?parent=16632"}],"wp:term":[{"taxonomy":"product_cat","embeddable":true,"href":"https:\/\/edimeinter.com\/libreria\/wp-json\/wp\/v2\/product_cat?post=16632"},{"taxonomy":"product_tag","embeddable":true,"href":"https:\/\/edimeinter.com\/libreria\/wp-json\/wp\/v2\/product_tag?post=16632"}],"curies":[{"name":"wp","href":"https:\/\/api.w.org\/{rel}","templated":true}]}}