{"id":16640,"date":"2025-05-10T23:51:06","date_gmt":"2025-05-10T23:51:06","guid":{"rendered":"https:\/\/edimeinter.com\/libreria\/?post_type=product&#038;p=16640"},"modified":"2025-05-10T23:54:44","modified_gmt":"2025-05-10T23:54:44","slug":"diseno-de-investigaciones-clinicas-5a-edicion","status":"publish","type":"product","link":"https:\/\/edimeinter.com\/libreria\/product\/diseno-de-investigaciones-clinicas-5a-edicion\/","title":{"rendered":"Dise\u00f1o de investigaciones cl\u00ednicas. 5\u00aa Edici\u00f3n"},"content":{"rendered":"\t\t<div data-elementor-type=\"wp-post\" data-elementor-id=\"16640\" class=\"elementor elementor-16640\">\n\t\t\t\t<div class=\"elementor-element elementor-element-2612b12 e-flex e-con-boxed e-con e-parent\" data-id=\"2612b12\" data-element_type=\"container\" data-e-type=\"container\">\n\t\t\t\t\t<div class=\"e-con-inner\">\n\t\t\n\t\t<div class=\"elementor-element elementor-element-498707ae elementor-widget elementor-widget-text-editor\" data-id=\"498707ae\" data-element_type=\"widget\" data-e-type=\"widget\" data-widget_type=\"text-editor.default\">\n\t\t\t\t<div class=\"elementor-widget-container\">\n\t\t\t\t\t\t\t\t\t<ul><li id=\"review_ratings\"><div class=\"accordion-content ad-show on\">Durante m\u00e1s de 30 a\u00f1os,\u00a0<b>Dise\u00f1o de investigaciones cl\u00ednicas<\/b>\u00a0ha establecido la pauta como la gu\u00eda m\u00e1s pr\u00e1ctica y de mayor autoridad para m\u00e9dicos, profesionales de enfermer\u00eda, farmac\u00e9uticos y para otros profesionales involucrados en todas las formas de investigaci\u00f3n cl\u00ednica y de salud p\u00fablica. Con un estilo de escritura f\u00e1cil de leer, los autores proporcionan enfoques actualizados y de sentido com\u00fan para los criterios desafiantes involucrados en el dise\u00f1o, la financiaci\u00f3n y la implementaci\u00f3n de un estudio.<br \/>Dividida en tres grandes secciones, esta 5.\u00aa edici\u00f3n de vanguardia se enfoca principalmente en investigadores cl\u00ednicos que se encuentran al inicio de su carrera, y se mantiene centrada en los aspectos m\u00e1s importantes: la b\u00fasqueda de una buena hip\u00f3tesis alternativa y el desarrollo de un dise\u00f1o de estudio eficiente, eficaz y \u00e9tico.<\/div><\/li><\/ul>\t\t\t\t\t\t\t\t<\/div>\n\t\t\t\t<\/div>\n\t\t\t\t\t<\/div>\n\t\t\t\t<\/div>\n\t\t\t\t<\/div>\n\t\t","protected":false},"excerpt":{"rendered":"<p><strong>Autores:<\/strong> Mary Jo Boyer RN, PhD<br \/>\n<strong>ISBN:<\/strong> 9788418892943<br \/>\n<strong>Editorial:<\/strong>\u00a0WOLTERS KLUWER<br \/>\n<strong>Edici\u00f3n:<\/strong> 5\u00aa<br \/>\n<strong>Especialidad<\/strong>: Salud P\u00fablica<br \/>\n<strong>P\u00e1ginas<\/strong>: 468<br \/>\n\u00a9 2023<\/p>\n","protected":false},"featured_media":16641,"comment_status":"open","ping_status":"closed","template":"","meta":{"_joinchat":[]},"product_cat":[193],"product_tag":[194,92],"class_list":{"0":"post-16640","1":"product","2":"type-product","3":"status-publish","4":"has-post-thumbnail","6":"product_cat-salud-publica","7":"product_tag-salud-publica","8":"product_tag-wolters-kluwer","10":"first","11":"instock","12":"featured","13":"taxable","14":"shipping-taxable","15":"purchasable","16":"product-type-simple"},"_links":{"self":[{"href":"https:\/\/edimeinter.com\/libreria\/wp-json\/wp\/v2\/product\/16640","targetHints":{"allow":["GET"]}}],"collection":[{"href":"https:\/\/edimeinter.com\/libreria\/wp-json\/wp\/v2\/product"}],"about":[{"href":"https:\/\/edimeinter.com\/libreria\/wp-json\/wp\/v2\/types\/product"}],"replies":[{"embeddable":true,"href":"https:\/\/edimeinter.com\/libreria\/wp-json\/wp\/v2\/comments?post=16640"}],"version-history":[{"count":4,"href":"https:\/\/edimeinter.com\/libreria\/wp-json\/wp\/v2\/product\/16640\/revisions"}],"predecessor-version":[{"id":16645,"href":"https:\/\/edimeinter.com\/libreria\/wp-json\/wp\/v2\/product\/16640\/revisions\/16645"}],"wp:featuredmedia":[{"embeddable":true,"href":"https:\/\/edimeinter.com\/libreria\/wp-json\/wp\/v2\/media\/16641"}],"wp:attachment":[{"href":"https:\/\/edimeinter.com\/libreria\/wp-json\/wp\/v2\/media?parent=16640"}],"wp:term":[{"taxonomy":"product_cat","embeddable":true,"href":"https:\/\/edimeinter.com\/libreria\/wp-json\/wp\/v2\/product_cat?post=16640"},{"taxonomy":"product_tag","embeddable":true,"href":"https:\/\/edimeinter.com\/libreria\/wp-json\/wp\/v2\/product_tag?post=16640"}],"curies":[{"name":"wp","href":"https:\/\/api.w.org\/{rel}","templated":true}]}}