{"id":16646,"date":"2025-05-10T23:55:32","date_gmt":"2025-05-10T23:55:32","guid":{"rendered":"https:\/\/edimeinter.com\/libreria\/?post_type=product&#038;p=16646"},"modified":"2025-05-11T03:19:23","modified_gmt":"2025-05-11T03:19:23","slug":"como-estudiar-un-estudio-y-probar-una-prueba-7a-edicion","status":"publish","type":"product","link":"https:\/\/edimeinter.com\/libreria\/product\/como-estudiar-un-estudio-y-probar-una-prueba-7a-edicion\/","title":{"rendered":"C\u00f3mo estudiar un estudio y probar una prueba. 7\u00aa Edici\u00f3n"},"content":{"rendered":"\t\t<div data-elementor-type=\"wp-post\" data-elementor-id=\"16646\" class=\"elementor elementor-16646\">\n\t\t\t\t<div class=\"elementor-element elementor-element-2612b12 e-flex e-con-boxed e-con e-parent\" data-id=\"2612b12\" data-element_type=\"container\" data-e-type=\"container\">\n\t\t\t\t\t<div class=\"e-con-inner\">\n\t\t\n\t\t<div class=\"elementor-element elementor-element-498707ae elementor-widget elementor-widget-text-editor\" data-id=\"498707ae\" data-element_type=\"widget\" data-e-type=\"widget\" data-widget_type=\"text-editor.default\">\n\t\t\t\t<div class=\"elementor-widget-container\">\n\t\t\t\t\t\t\t\t\t<div class=\"accordion-content ad-show on\"><b>C\u00f3mo estudiar un estudio y probar una prueba. An\u00e1lisis cr\u00edtico de la investigaci\u00f3n cl\u00ednica basada en evidencia\u00a0<\/b>es un recurso ideal, claro y conciso. Est\u00e1 dise\u00f1ado para fortalecer la capacidad de los estudiantes y residentes para reconocer un estudio significativo, identificar posibles defectos en el estudio y aplicar evidencia s\u00f3lida en la toma de decisiones cl\u00ednicas. Publicada por primera vez hace 40 a\u00f1os, la 7.\u00aa edici\u00f3n de esta obra mantiene el objetivo de proporcionar herramientas pr\u00e1cticas e integrales para todos aquellos que buscan leer cr\u00edticamente la literatura de investigaci\u00f3n cl\u00ednica y poner en pr\u00e1ctica los resultados.<br \/>La obra est\u00e1 estructurada con el marco uniforme M.A.A.R.I.E., considerado la base para la lectura cr\u00edtica de todos los tipos de estudios que pueden encontrarse. As\u00ed, la obra se organiza en un formato de preguntas y respuestas que ayudan a la revisi\u00f3n cr\u00edtica de toda la investigaci\u00f3n cl\u00ednica, desde estudios observacionales y aleatorizados hasta an\u00e1lisis de decisiones y de rentabilidad.<\/div>\t\t\t\t\t\t\t\t<\/div>\n\t\t\t\t<\/div>\n\t\t\t\t\t<\/div>\n\t\t\t\t<\/div>\n\t\t\t\t<\/div>\n\t\t","protected":false},"excerpt":{"rendered":"<p><strong>Autores:<\/strong> Richard K. Riegelman MD, PhD<br \/>\n<strong>ISBN:<\/strong> 9788418563188<br \/>\n<strong>Editorial:<\/strong>\u00a0WOLTERS KLUWER<br \/>\n<strong>Edici\u00f3n:<\/strong> 7\u00aa<br \/>\n<strong>Especialidad<\/strong>: Salud P\u00fablica<br \/>\n<strong>P\u00e1ginas<\/strong>: 468<br \/>\n\u00a9 2021<\/p>\n","protected":false},"featured_media":16647,"comment_status":"open","ping_status":"closed","template":"","meta":{"_joinchat":[]},"product_cat":[193],"product_tag":[194,92],"class_list":{"0":"post-16646","1":"product","2":"type-product","3":"status-publish","4":"has-post-thumbnail","6":"product_cat-salud-publica","7":"product_tag-salud-publica","8":"product_tag-wolters-kluwer","10":"first","11":"instock","12":"featured","13":"taxable","14":"shipping-taxable","15":"purchasable","16":"product-type-simple"},"_links":{"self":[{"href":"https:\/\/edimeinter.com\/libreria\/wp-json\/wp\/v2\/product\/16646","targetHints":{"allow":["GET"]}}],"collection":[{"href":"https:\/\/edimeinter.com\/libreria\/wp-json\/wp\/v2\/product"}],"about":[{"href":"https:\/\/edimeinter.com\/libreria\/wp-json\/wp\/v2\/types\/product"}],"replies":[{"embeddable":true,"href":"https:\/\/edimeinter.com\/libreria\/wp-json\/wp\/v2\/comments?post=16646"}],"version-history":[{"count":7,"href":"https:\/\/edimeinter.com\/libreria\/wp-json\/wp\/v2\/product\/16646\/revisions"}],"predecessor-version":[{"id":16660,"href":"https:\/\/edimeinter.com\/libreria\/wp-json\/wp\/v2\/product\/16646\/revisions\/16660"}],"wp:featuredmedia":[{"embeddable":true,"href":"https:\/\/edimeinter.com\/libreria\/wp-json\/wp\/v2\/media\/16647"}],"wp:attachment":[{"href":"https:\/\/edimeinter.com\/libreria\/wp-json\/wp\/v2\/media?parent=16646"}],"wp:term":[{"taxonomy":"product_cat","embeddable":true,"href":"https:\/\/edimeinter.com\/libreria\/wp-json\/wp\/v2\/product_cat?post=16646"},{"taxonomy":"product_tag","embeddable":true,"href":"https:\/\/edimeinter.com\/libreria\/wp-json\/wp\/v2\/product_tag?post=16646"}],"curies":[{"name":"wp","href":"https:\/\/api.w.org\/{rel}","templated":true}]}}