{"id":16652,"date":"2025-05-11T03:15:16","date_gmt":"2025-05-11T03:15:16","guid":{"rendered":"https:\/\/edimeinter.com\/libreria\/?post_type=product&#038;p=16652"},"modified":"2025-05-11T03:18:57","modified_gmt":"2025-05-11T03:18:57","slug":"lir-biologia-molecular-y-celular-3a-edicion","status":"publish","type":"product","link":"https:\/\/edimeinter.com\/libreria\/product\/lir-biologia-molecular-y-celular-3a-edicion\/","title":{"rendered":"LIR. Biolog\u00eda molecular y celular. 3\u00aa Edici\u00f3n"},"content":{"rendered":"\t\t<div data-elementor-type=\"wp-post\" data-elementor-id=\"16652\" class=\"elementor elementor-16652\">\n\t\t\t\t<div class=\"elementor-element elementor-element-2612b12 e-flex e-con-boxed e-con e-parent\" data-id=\"2612b12\" data-element_type=\"container\" data-e-type=\"container\">\n\t\t\t\t\t<div class=\"e-con-inner\">\n\t\t\n\t\t<div class=\"elementor-element elementor-element-498707ae elementor-widget elementor-widget-text-editor\" data-id=\"498707ae\" data-element_type=\"widget\" data-e-type=\"widget\" data-widget_type=\"text-editor.default\">\n\t\t\t\t<div class=\"elementor-widget-container\">\n\t\t\t\t\t\t\t\t\t<div class=\"accordion-content ad-show on\">Actualizado, f\u00e1cil de usar y con numerosas ilustraciones vibrantes,\u00a0<b>LIR: Biolog\u00eda celular y molecular<\/b>, ofrece una presentaci\u00f3n muy visual de la biolog\u00eda celular y molecular esencial, con especial atenci\u00f3n a los temas relacionados con la salud y la enfermedad humanas. Este atractivo enfoque incorpora todas las caracter\u00edsticas m\u00e1s populares de la reconocida serie Lippincott\u00ae Illustrated Reviews, incluidas abundantes ilustraciones a todo color, res\u00famenes de los cap\u00edtulos y preguntas de repaso que relacionan la ciencia b\u00e1sica con situaciones cl\u00ednicas de la vida real.<br \/>La 3.\u00aa edici\u00f3n, actualizada y vers\u00e1til, puede utilizarse para un curso independiente de biolog\u00eda celular en medicina, profesiones sanitarias u otros programas de posgrado y de grado superior; como repaso para los ex\u00e1menes del curso; o junto con otros t\u00edtulos de la serie Lippincott\u00ae Illustrated Reviews para un curso perfectamente integrado.<\/div>\t\t\t\t\t\t\t\t<\/div>\n\t\t\t\t<\/div>\n\t\t\t\t\t<\/div>\n\t\t\t\t<\/div>\n\t\t\t\t<\/div>\n\t\t","protected":false},"excerpt":{"rendered":"<p><strong>Autores:<\/strong> Nalini Chandar Ph.D., Susan M. Viselli Ph.D.<br \/>\n<strong>ISBN:<\/strong> 9788419663030<br \/>\n<strong>Editorial:<\/strong>\u00a0WOLTERS KLUWER<br \/>\n<strong>Edici\u00f3n:<\/strong> 3\u00aa<br \/>\n<strong>Especialidad<\/strong>: Biolog\u00eda<br \/>\n<strong>P\u00e1ginas<\/strong>: 280<br \/>\n\u00a9 2023<\/p>\n","protected":false},"featured_media":16653,"comment_status":"open","ping_status":"closed","template":"","meta":{"_joinchat":[]},"product_cat":[205],"product_tag":[206,92],"class_list":{"0":"post-16652","1":"product","2":"type-product","3":"status-publish","4":"has-post-thumbnail","6":"product_cat-biologia","7":"product_tag-biologia","8":"product_tag-wolters-kluwer","10":"first","11":"instock","12":"featured","13":"taxable","14":"shipping-taxable","15":"purchasable","16":"product-type-simple"},"_links":{"self":[{"href":"https:\/\/edimeinter.com\/libreria\/wp-json\/wp\/v2\/product\/16652","targetHints":{"allow":["GET"]}}],"collection":[{"href":"https:\/\/edimeinter.com\/libreria\/wp-json\/wp\/v2\/product"}],"about":[{"href":"https:\/\/edimeinter.com\/libreria\/wp-json\/wp\/v2\/types\/product"}],"replies":[{"embeddable":true,"href":"https:\/\/edimeinter.com\/libreria\/wp-json\/wp\/v2\/comments?post=16652"}],"version-history":[{"count":4,"href":"https:\/\/edimeinter.com\/libreria\/wp-json\/wp\/v2\/product\/16652\/revisions"}],"predecessor-version":[{"id":16657,"href":"https:\/\/edimeinter.com\/libreria\/wp-json\/wp\/v2\/product\/16652\/revisions\/16657"}],"wp:featuredmedia":[{"embeddable":true,"href":"https:\/\/edimeinter.com\/libreria\/wp-json\/wp\/v2\/media\/16653"}],"wp:attachment":[{"href":"https:\/\/edimeinter.com\/libreria\/wp-json\/wp\/v2\/media?parent=16652"}],"wp:term":[{"taxonomy":"product_cat","embeddable":true,"href":"https:\/\/edimeinter.com\/libreria\/wp-json\/wp\/v2\/product_cat?post=16652"},{"taxonomy":"product_tag","embeddable":true,"href":"https:\/\/edimeinter.com\/libreria\/wp-json\/wp\/v2\/product_tag?post=16652"}],"curies":[{"name":"wp","href":"https:\/\/api.w.org\/{rel}","templated":true}]}}