{"id":16667,"date":"2025-05-11T03:26:47","date_gmt":"2025-05-11T03:26:47","guid":{"rendered":"https:\/\/edimeinter.com\/libreria\/?post_type=product&#038;p=16667"},"modified":"2025-05-11T03:31:26","modified_gmt":"2025-05-11T03:31:26","slug":"histologia-con-correlaciones-funcionales-y-clinicas-2a-edicion","status":"publish","type":"product","link":"https:\/\/edimeinter.com\/libreria\/product\/histologia-con-correlaciones-funcionales-y-clinicas-2a-edicion\/","title":{"rendered":"Histolog\u00eda con correlaciones funcionales y cl\u00ednicas. 2\u00aa Edici\u00f3n"},"content":{"rendered":"\t\t<div data-elementor-type=\"wp-post\" data-elementor-id=\"16667\" class=\"elementor elementor-16667\">\n\t\t\t\t<div class=\"elementor-element elementor-element-2612b12 e-flex e-con-boxed e-con e-parent\" data-id=\"2612b12\" data-element_type=\"container\" data-e-type=\"container\">\n\t\t\t\t\t<div class=\"e-con-inner\">\n\t\t\n\t\t<div class=\"elementor-element elementor-element-498707ae elementor-widget elementor-widget-text-editor\" data-id=\"498707ae\" data-element_type=\"widget\" data-e-type=\"widget\" data-widget_type=\"text-editor.default\">\n\t\t\t\t<div class=\"elementor-widget-container\">\n\t\t\t\t\t\t\t\t\t<div class=\"accordion-content ad-show on\"><b>Histolog\u00eda con correlaciones funcionales y cl\u00ednicas, 2.a edici\u00f3n<\/b>\u00a0contin\u00faa con el legado de la primera edici\u00f3n, la cual combina un atlas integral de histolog\u00eda con un texto conciso que destaca la informaci\u00f3n esencial y la patolog\u00eda relacionada para asegurar el dominio de los temas fundamentales de histolog\u00eda y la confianza para aplicar los conceptos de manera efectiva en la pr\u00e1ctica. El objetivo de esta obra no s\u00f3lo es proporcionar una fuente pr\u00e1ctica y \u00fatil de informaci\u00f3n fundamental de histolog\u00eda b\u00e1sica, sino tambi\u00e9n utilizar un enfoque innovador para mostrar c\u00f3mo los tejidos se alteran durante los procesos patol\u00f3gicos. Este enfoque integrado hace hincapi\u00e9 en el aprendizaje tanto de la estructura normal como de la forma en que los mismos tejidos aparecer\u00edan en un estado anormal para proporcionar a los estudiantes un puente entre el conocimiento de la histolog\u00eda b\u00e1sica y los conceptos cl\u00ednicos.<br \/>El texto de cada cap\u00edtulo se complementa con leyendas de figuras ampliadas en un dise\u00f1o innovador que presenta im\u00e1genes de tejidos a partir de microscopios de luz y electrones, representaciones diagram\u00e1ticas del mismo tejido y ejemplos de c\u00f3mo el tejido se puede modificar por un proceso patol\u00f3gico con abundantes correlaciones cl\u00ednicas. A trav\u00e9s de recursos adicionales de autoevaluaci\u00f3n y con un enfoque f\u00e1cil de usar para el estudiante, la obra refleja las perspectivas cl\u00ednicas m\u00e1s actualizadas y motiva la comprensi\u00f3n y el desarrollo de habilidades para destacar en los entornos cl\u00ednicos actuales.<\/div>\t\t\t\t\t\t\t\t<\/div>\n\t\t\t\t<\/div>\n\t\t\t\t\t<\/div>\n\t\t\t\t<\/div>\n\t\t\t\t<\/div>\n\t\t","protected":false},"excerpt":{"rendered":"<p><strong>Autores:<\/strong> Dongmei Cui MD (hon), PhD, William P. Daley MD<br \/>\n<strong>ISBN:<\/strong> 9788418892882<br \/>\n<strong>Editorial:<\/strong>\u00a0WOLTERS KLUWER<br \/>\n<strong>Edici\u00f3n:<\/strong> 2\u00aa<br \/>\n<strong>Especialidad<\/strong>: Histolog\u00eda<br \/>\n<strong>P\u00e1ginas<\/strong>: 560<br \/>\n\u00a9 2023<\/p>\n","protected":false},"featured_media":16668,"comment_status":"open","ping_status":"closed","template":"","meta":{"_joinchat":[]},"product_cat":[154],"product_tag":[155,92],"class_list":{"0":"post-16667","1":"product","2":"type-product","3":"status-publish","4":"has-post-thumbnail","6":"product_cat-histologia","7":"product_tag-histologia","8":"product_tag-wolters-kluwer","10":"first","11":"instock","12":"featured","13":"taxable","14":"shipping-taxable","15":"purchasable","16":"product-type-simple"},"_links":{"self":[{"href":"https:\/\/edimeinter.com\/libreria\/wp-json\/wp\/v2\/product\/16667","targetHints":{"allow":["GET"]}}],"collection":[{"href":"https:\/\/edimeinter.com\/libreria\/wp-json\/wp\/v2\/product"}],"about":[{"href":"https:\/\/edimeinter.com\/libreria\/wp-json\/wp\/v2\/types\/product"}],"replies":[{"embeddable":true,"href":"https:\/\/edimeinter.com\/libreria\/wp-json\/wp\/v2\/comments?post=16667"}],"version-history":[{"count":4,"href":"https:\/\/edimeinter.com\/libreria\/wp-json\/wp\/v2\/product\/16667\/revisions"}],"predecessor-version":[{"id":16672,"href":"https:\/\/edimeinter.com\/libreria\/wp-json\/wp\/v2\/product\/16667\/revisions\/16672"}],"wp:featuredmedia":[{"embeddable":true,"href":"https:\/\/edimeinter.com\/libreria\/wp-json\/wp\/v2\/media\/16668"}],"wp:attachment":[{"href":"https:\/\/edimeinter.com\/libreria\/wp-json\/wp\/v2\/media?parent=16667"}],"wp:term":[{"taxonomy":"product_cat","embeddable":true,"href":"https:\/\/edimeinter.com\/libreria\/wp-json\/wp\/v2\/product_cat?post=16667"},{"taxonomy":"product_tag","embeddable":true,"href":"https:\/\/edimeinter.com\/libreria\/wp-json\/wp\/v2\/product_tag?post=16667"}],"curies":[{"name":"wp","href":"https:\/\/api.w.org\/{rel}","templated":true}]}}