{"id":16679,"date":"2025-05-11T03:48:21","date_gmt":"2025-05-11T03:48:21","guid":{"rendered":"https:\/\/edimeinter.com\/libreria\/?post_type=product&#038;p=16679"},"modified":"2025-05-13T02:26:02","modified_gmt":"2025-05-13T02:26:02","slug":"oncologia-de-bolsillo-3a-edicion","status":"publish","type":"product","link":"https:\/\/edimeinter.com\/libreria\/product\/oncologia-de-bolsillo-3a-edicion\/","title":{"rendered":"Oncolog\u00eda de bolsillo. 3\u00aa Edici\u00f3n"},"content":{"rendered":"\t\t<div data-elementor-type=\"wp-post\" data-elementor-id=\"16679\" class=\"elementor elementor-16679\">\n\t\t\t\t<div class=\"elementor-element elementor-element-2612b12 e-flex e-con-boxed e-con e-parent\" data-id=\"2612b12\" data-element_type=\"container\" data-e-type=\"container\">\n\t\t\t\t\t<div class=\"e-con-inner\">\n\t\t\n\t\t<div class=\"elementor-element elementor-element-498707ae elementor-widget elementor-widget-text-editor\" data-id=\"498707ae\" data-element_type=\"widget\" data-e-type=\"widget\" data-widget_type=\"text-editor.default\">\n\t\t\t\t<div class=\"elementor-widget-container\">\n\t\t\t\t\t\t\t\t\t<div class=\"accordion-content ad-show on\">Escrita y editada por destacados expertos en c\u00e1ncer del Memorial Sloan Kettering Cancer Center,\u00a0<b>Oncolog\u00eda de bolsillo\u00a0<\/b>es una referencia pr\u00e1ctica y de alto rendimiento para residentes y profesionales de la oncolog\u00eda y la hematolog\u00eda, as\u00ed como para estudiantes de medicina, m\u00e9dicos generales y residentes de otras especialidades no oncol\u00f3gicas que d\u00eda a d\u00eda conviven con la necesidad de identificar y diagnosticar de forma oportuna enfermedades oncol\u00f3gicas.<br \/>Esta 3.\u00aa edici\u00f3n, de lectura amigable, contiene un gran n\u00famero de temas cr\u00edticos a lo largo de la enfermedad para la atenci\u00f3n de los pacientes, desde biolog\u00eda del c\u00e1ncer, prevenci\u00f3n, detecci\u00f3n, tratamiento y atenci\u00f3n de apoyo, hasta los avances m\u00e1s recientes en inmunooncolog\u00eda y tratamientos dirigidos.<\/div>\t\t\t\t\t\t\t\t<\/div>\n\t\t\t\t<\/div>\n\t\t\t\t\t<\/div>\n\t\t\t\t<\/div>\n\t\t\t\t<\/div>\n\t\t","protected":false},"excerpt":{"rendered":"<p><strong>Autores:<\/strong> Alexander Drilon , Neil Vasan MD, PhD, Noura Choudhury MD, Yonina Robbie Murciano-Goroff MSc, DPhil, MD<br \/>\n<strong>ISBN:<\/strong> 9788419284495<br \/>\n<strong>Editorial:<\/strong>\u00a0WOLTERS KLUWER<br \/>\n<strong>Edici\u00f3n:<\/strong> 3\u00aa<br \/>\n<strong>Especialidad<\/strong>: Oncologia<br \/>\n<strong>P\u00e1ginas<\/strong>: 432<br \/>\n\u00a9 2023<\/p>\n","protected":false},"featured_media":16680,"comment_status":"open","ping_status":"closed","template":"","meta":{"_joinchat":[]},"product_cat":[77],"product_tag":[78,92],"class_list":{"0":"post-16679","1":"product","2":"type-product","3":"status-publish","4":"has-post-thumbnail","6":"product_cat-oncologia","7":"product_tag-oncologia","8":"product_tag-wolters-kluwer","10":"first","11":"instock","12":"featured","13":"taxable","14":"shipping-taxable","15":"purchasable","16":"product-type-simple"},"_links":{"self":[{"href":"https:\/\/edimeinter.com\/libreria\/wp-json\/wp\/v2\/product\/16679","targetHints":{"allow":["GET"]}}],"collection":[{"href":"https:\/\/edimeinter.com\/libreria\/wp-json\/wp\/v2\/product"}],"about":[{"href":"https:\/\/edimeinter.com\/libreria\/wp-json\/wp\/v2\/types\/product"}],"replies":[{"embeddable":true,"href":"https:\/\/edimeinter.com\/libreria\/wp-json\/wp\/v2\/comments?post=16679"}],"version-history":[{"count":4,"href":"https:\/\/edimeinter.com\/libreria\/wp-json\/wp\/v2\/product\/16679\/revisions"}],"predecessor-version":[{"id":16684,"href":"https:\/\/edimeinter.com\/libreria\/wp-json\/wp\/v2\/product\/16679\/revisions\/16684"}],"wp:featuredmedia":[{"embeddable":true,"href":"https:\/\/edimeinter.com\/libreria\/wp-json\/wp\/v2\/media\/16680"}],"wp:attachment":[{"href":"https:\/\/edimeinter.com\/libreria\/wp-json\/wp\/v2\/media?parent=16679"}],"wp:term":[{"taxonomy":"product_cat","embeddable":true,"href":"https:\/\/edimeinter.com\/libreria\/wp-json\/wp\/v2\/product_cat?post=16679"},{"taxonomy":"product_tag","embeddable":true,"href":"https:\/\/edimeinter.com\/libreria\/wp-json\/wp\/v2\/product_tag?post=16679"}],"curies":[{"name":"wp","href":"https:\/\/api.w.org\/{rel}","templated":true}]}}