{"id":16685,"date":"2025-05-11T03:52:43","date_gmt":"2025-05-11T03:52:43","guid":{"rendered":"https:\/\/edimeinter.com\/libreria\/?post_type=product&#038;p=16685"},"modified":"2025-06-26T22:09:48","modified_gmt":"2025-06-26T22:09:48","slug":"manual-washington-de-oncologia-4a-edicion","status":"publish","type":"product","link":"https:\/\/edimeinter.com\/libreria\/product\/manual-washington-de-oncologia-4a-edicion\/","title":{"rendered":"Manual Washington de oncolog\u00eda. 4\u00aa Edici\u00f3n"},"content":{"rendered":"\t\t<div data-elementor-type=\"wp-post\" data-elementor-id=\"16685\" class=\"elementor elementor-16685\">\n\t\t\t\t<div class=\"elementor-element elementor-element-2612b12 e-flex e-con-boxed e-con e-parent\" data-id=\"2612b12\" data-element_type=\"container\" data-e-type=\"container\">\n\t\t\t\t\t<div class=\"e-con-inner\">\n\t\t\n\t\t<div class=\"elementor-element elementor-element-498707ae elementor-widget elementor-widget-text-editor\" data-id=\"498707ae\" data-element_type=\"widget\" data-e-type=\"widget\" data-widget_type=\"text-editor.default\">\n\t\t\t\t<div class=\"elementor-widget-container\">\n\t\t\t\t\t\t\t\t\t<div class=\"accordion-content ad-show on\">Desde su primera publicaci\u00f3n hace 20 a\u00f1os,\u00a0<b>Manual Washington\u00ae de Oncolog\u00eda\u00a0<\/b>proporciona contenido conciso y de alto rendimiento que refleja los r\u00e1pidos avances de la actualidad en el campo. Es un recurso conveniente y port\u00e1til que presenta una cobertura completa sobre el diagn\u00f3stico y tratamiento del c\u00e1ncer. Es una referencia ideal y pr\u00e1ctica para onc\u00f3logos, residentes, estudiantes de medicina y personal de enfermer\u00eda.<br \/>Aunque a\u00fan queda mucho trabajo por hacer, d\u00eda a d\u00eda la oncolog\u00eda sigue presentando enormes progresos con una mejor comprensi\u00f3n de las alteraciones moleculares del c\u00e1ncer y los avances en los diversos tratamientos. A la vez, la atenci\u00f3n al c\u00e1ncer se ha vuelto complicada y dif\u00edcil. Por ello, en esta 4.\u00aa edici\u00f3n los doctores Morgensztern, Ghobadi y Govindan han incorporado los avances m\u00e1s recientes en diagn\u00f3stico y tratamiento y han revisado y reescrito la mayor\u00eda de los cap\u00edtulos teniendo en cuenta el enfoque dirigido a los aprendices, al mismo tiempo que proporcionan una r\u00e1pida actualizaci\u00f3n para los profesionales de la oncolog\u00eda.<\/div>\t\t\t\t\t\t\t\t<\/div>\n\t\t\t\t<\/div>\n\t\t\t\t\t<\/div>\n\t\t\t\t<\/div>\n\t\t\t\t<\/div>\n\t\t","protected":false},"excerpt":{"rendered":"<p><strong>Autores:<\/strong> Alexander Drilon , Neil Vasan MD, PhD, Noura Choudhury MD, Yonina Robbie Murciano-Goroff MSc, DPhil, MD<br \/>\n<strong>ISBN:<\/strong> 9788418563829<br \/>\n<strong>Editorial:<\/strong>\u00a0WOLTERS KLUWER<br \/>\n<strong>Edici\u00f3n:<\/strong> 4\u00aa<br \/>\n<strong>Especialidad<\/strong>: Oncologia<br \/>\n<strong>P\u00e1ginas<\/strong>: 792<br \/>\n\u00a9 2022<\/p>\n","protected":false},"featured_media":16686,"comment_status":"open","ping_status":"closed","template":"","meta":{"_joinchat":[]},"product_cat":[77],"product_tag":[78,92],"class_list":{"0":"post-16685","1":"product","2":"type-product","3":"status-publish","4":"has-post-thumbnail","6":"product_cat-oncologia","7":"product_tag-oncologia","8":"product_tag-wolters-kluwer","10":"first","11":"instock","12":"featured","13":"taxable","14":"shipping-taxable","15":"purchasable","16":"product-type-simple"},"_links":{"self":[{"href":"https:\/\/edimeinter.com\/libreria\/wp-json\/wp\/v2\/product\/16685","targetHints":{"allow":["GET"]}}],"collection":[{"href":"https:\/\/edimeinter.com\/libreria\/wp-json\/wp\/v2\/product"}],"about":[{"href":"https:\/\/edimeinter.com\/libreria\/wp-json\/wp\/v2\/types\/product"}],"replies":[{"embeddable":true,"href":"https:\/\/edimeinter.com\/libreria\/wp-json\/wp\/v2\/comments?post=16685"}],"version-history":[{"count":5,"href":"https:\/\/edimeinter.com\/libreria\/wp-json\/wp\/v2\/product\/16685\/revisions"}],"predecessor-version":[{"id":16878,"href":"https:\/\/edimeinter.com\/libreria\/wp-json\/wp\/v2\/product\/16685\/revisions\/16878"}],"wp:featuredmedia":[{"embeddable":true,"href":"https:\/\/edimeinter.com\/libreria\/wp-json\/wp\/v2\/media\/16686"}],"wp:attachment":[{"href":"https:\/\/edimeinter.com\/libreria\/wp-json\/wp\/v2\/media?parent=16685"}],"wp:term":[{"taxonomy":"product_cat","embeddable":true,"href":"https:\/\/edimeinter.com\/libreria\/wp-json\/wp\/v2\/product_cat?post=16685"},{"taxonomy":"product_tag","embeddable":true,"href":"https:\/\/edimeinter.com\/libreria\/wp-json\/wp\/v2\/product_tag?post=16685"}],"curies":[{"name":"wp","href":"https:\/\/api.w.org\/{rel}","templated":true}]}}