{"id":16691,"date":"2025-05-11T03:57:37","date_gmt":"2025-05-11T03:57:37","guid":{"rendered":"https:\/\/edimeinter.com\/libreria\/?post_type=product&#038;p=16691"},"modified":"2025-05-11T04:01:24","modified_gmt":"2025-05-11T04:01:24","slug":"manual-de-dermatologia-genital-4a-edicion","status":"publish","type":"product","link":"https:\/\/edimeinter.com\/libreria\/product\/manual-de-dermatologia-genital-4a-edicion\/","title":{"rendered":"Manual de dermatolog\u00eda genital. 4\u00aa Edici\u00f3n"},"content":{"rendered":"\t\t<div data-elementor-type=\"wp-post\" data-elementor-id=\"16691\" class=\"elementor elementor-16691\">\n\t\t\t\t<div class=\"elementor-element elementor-element-2612b12 e-flex e-con-boxed e-con e-parent\" data-id=\"2612b12\" data-element_type=\"container\" data-e-type=\"container\">\n\t\t\t\t\t<div class=\"e-con-inner\">\n\t\t\n\t\t<div class=\"elementor-element elementor-element-498707ae elementor-widget elementor-widget-text-editor\" data-id=\"498707ae\" data-element_type=\"widget\" data-e-type=\"widget\" data-widget_type=\"text-editor.default\">\n\t\t\t\t<div class=\"elementor-widget-container\">\n\t\t\t\t\t\t\t\t\t<div class=\"accordion-content ad-show on\">Pr\u00e1ctico y muy ilustrado,\u00a0<b>Manual de dermatolog\u00eda genital<\/b>\u00a0facilita a los cl\u00ednicos de todos los niveles de experiencia el alcance de un diagn\u00f3stico preciso de las lesiones dermatol\u00f3gicas genitales, tanto habituales como infrecuentes. Con m\u00e1s de 500 fotograf\u00edas a todo color ordenadas por aspecto para una r\u00e1pida identificaci\u00f3n, ofrece una magn\u00edfica orientaci\u00f3n visual, incluso para afecciones no encontradas previamente. Esta referencia f\u00e1cil de usar, ya en su 4.\u00aa edici\u00f3n, es ideal para cualquier cl\u00ednico que atienda a hombres y mujeres con afecciones en los genitales externos, incluidos dermat\u00f3logos, ginec\u00f3logos, y para ur\u00f3logos, m\u00e9dicos de atenci\u00f3n primaria, personal de enfermer\u00eda especializado y asistentes m\u00e9dicos.<br \/>Los libros de texto convencionales casi siempre ordenan y clasifican los trastornos seg\u00fan su causa (p. ej., infecciones) o fisiopatolog\u00eda (p. ej., enfermedades autoinmunes), y aunque esta organizaci\u00f3n puede ser intelectualmente satisfactoria, los doctores Libby Edwards y Peter J. Lynch la consideran de poca ayuda para los profesionales que se enfrentan a un trastorno desconocido. Por este motivo, han optado por un abordaje menos convencional y han ordenado los trastornos dermatol\u00f3gicos genitales en funci\u00f3n de la morfolog\u00eda cl\u00ednica. De este modo, el profesional puede consultar el cap\u00edtulo adecuado, elaborar una lista de diagn\u00f3sticos diferenciales, cotejar las fotograf\u00edas, revisar la narrativa relacionada y, en casi todos los casos, establecer el diagn\u00f3stico m\u00e1s probable.<\/div>\t\t\t\t\t\t\t\t<\/div>\n\t\t\t\t<\/div>\n\t\t\t\t\t<\/div>\n\t\t\t\t<\/div>\n\t\t\t\t<\/div>\n\t\t","protected":false},"excerpt":{"rendered":"<p><strong>Autores:<\/strong> Elizabeth Edwards, Peter Lynch<br \/>\n<strong>ISBN:<\/strong> 9788419284877<br \/>\n<strong>Editorial:<\/strong>\u00a0WOLTERS KLUWER<br \/>\n<strong>Edici\u00f3n:<\/strong> 4\u00aa<br \/>\n<strong>Especialidad<\/strong>: Dermatolog\u00eda<br \/>\n<strong>P\u00e1ginas<\/strong>: 467<br \/>\n\u00a9 2023<\/p>\n","protected":false},"featured_media":16692,"comment_status":"open","ping_status":"closed","template":"","meta":{"_joinchat":[]},"product_cat":[108],"product_tag":[109,92],"class_list":{"0":"post-16691","1":"product","2":"type-product","3":"status-publish","4":"has-post-thumbnail","6":"product_cat-dermatologia","7":"product_tag-dermatologia","8":"product_tag-wolters-kluwer","10":"first","11":"instock","12":"featured","13":"taxable","14":"shipping-taxable","15":"purchasable","16":"product-type-simple"},"_links":{"self":[{"href":"https:\/\/edimeinter.com\/libreria\/wp-json\/wp\/v2\/product\/16691","targetHints":{"allow":["GET"]}}],"collection":[{"href":"https:\/\/edimeinter.com\/libreria\/wp-json\/wp\/v2\/product"}],"about":[{"href":"https:\/\/edimeinter.com\/libreria\/wp-json\/wp\/v2\/types\/product"}],"replies":[{"embeddable":true,"href":"https:\/\/edimeinter.com\/libreria\/wp-json\/wp\/v2\/comments?post=16691"}],"version-history":[{"count":4,"href":"https:\/\/edimeinter.com\/libreria\/wp-json\/wp\/v2\/product\/16691\/revisions"}],"predecessor-version":[{"id":16696,"href":"https:\/\/edimeinter.com\/libreria\/wp-json\/wp\/v2\/product\/16691\/revisions\/16696"}],"wp:featuredmedia":[{"embeddable":true,"href":"https:\/\/edimeinter.com\/libreria\/wp-json\/wp\/v2\/media\/16692"}],"wp:attachment":[{"href":"https:\/\/edimeinter.com\/libreria\/wp-json\/wp\/v2\/media?parent=16691"}],"wp:term":[{"taxonomy":"product_cat","embeddable":true,"href":"https:\/\/edimeinter.com\/libreria\/wp-json\/wp\/v2\/product_cat?post=16691"},{"taxonomy":"product_tag","embeddable":true,"href":"https:\/\/edimeinter.com\/libreria\/wp-json\/wp\/v2\/product_tag?post=16691"}],"curies":[{"name":"wp","href":"https:\/\/api.w.org\/{rel}","templated":true}]}}