{"id":16703,"date":"2025-05-13T01:40:30","date_gmt":"2025-05-13T01:40:30","guid":{"rendered":"https:\/\/edimeinter.com\/libreria\/?post_type=product&#038;p=16703"},"modified":"2025-05-13T01:43:28","modified_gmt":"2025-05-13T01:43:28","slug":"coleccion-lippincott-enfermeria-un-enfoque-practico-y-conciso-enfermeria-materno-neonatal-4a-edicion","status":"publish","type":"product","link":"https:\/\/edimeinter.com\/libreria\/product\/coleccion-lippincott-enfermeria-un-enfoque-practico-y-conciso-enfermeria-materno-neonatal-4a-edicion\/","title":{"rendered":"Colecci\u00f3n Lippincott Enfermer\u00eda. Un enfoque pr\u00e1ctico y conciso. Enfermer\u00eda Materno-neonatal. 4\u00aa Edici\u00f3n"},"content":{"rendered":"\t\t<div data-elementor-type=\"wp-post\" data-elementor-id=\"16703\" class=\"elementor elementor-16703\">\n\t\t\t\t<div class=\"elementor-element elementor-element-2612b12 e-flex e-con-boxed e-con e-parent\" data-id=\"2612b12\" data-element_type=\"container\" data-e-type=\"container\">\n\t\t\t\t\t<div class=\"e-con-inner\">\n\t\t\n\t\t<div class=\"elementor-element elementor-element-498707ae elementor-widget elementor-widget-text-editor\" data-id=\"498707ae\" data-element_type=\"widget\" data-e-type=\"widget\" data-widget_type=\"text-editor.default\">\n\t\t\t\t<div class=\"elementor-widget-container\">\n\t\t\t\t\t\t\t\t\t<div class=\"accordion-content ad-show on\"><b>Colecci\u00f3n Lippincott Enfermer\u00eda. Un enfoque pr\u00e1ctico y conciso\u00a0<\/b>es una novedosa colecci\u00f3n de textos enfocados en la ense\u00f1anza de asignaturas b\u00e1sicas y cl\u00ednicas en enfermer\u00eda. Cada uno de los t\u00edtulos de la serie presenta, en un formato visual y muy atractivo, los fundamentos te\u00f3ricos y pr\u00e1cticos que ayudar\u00e1n a los estudiantes de enfermer\u00eda a dominar temas de alta complejidad y utilidad en su formaci\u00f3n.<br \/><b>Enfermer\u00eda materno-neonatal\u00a0<\/b>presenta, en el popular y accesible formato de la serie, los fundamentos de esta especialidad: desarrollo embrionario y concepci\u00f3n; cuidados y atenci\u00f3n en enfermer\u00eda de la paciente gr\u00e1vida; atenci\u00f3n del embarazo de alto riesgo; asistencia y atenci\u00f3n durante el trabajo de parto y sus complicaciones; y cuidados durante el puerperio y per\u00edodo posparto. Asimismo, incluye una secci\u00f3n dedicada a la evaluaci\u00f3n de las condiciones del neonato y las condiciones de alto riesgo.<\/div>\t\t\t\t\t\t\t\t<\/div>\n\t\t\t\t<\/div>\n\t\t\t\t\t<\/div>\n\t\t\t\t<\/div>\n\t\t\t\t<\/div>\n\t\t","protected":false},"excerpt":{"rendered":"<p><strong>Autores:<\/strong> Stephanie Evans<br \/>\n<strong>ISBN:<\/strong> 9788417949716<br \/>\n<strong>Editorial:<\/strong>\u00a0WOLTERS KLUWER<br \/>\n<strong>Edici\u00f3n:<\/strong> 4\u00aa<br \/>\n<strong>Especialidad<\/strong>: Enfermer\u00eda<br \/>\n<strong>P\u00e1ginas<\/strong>: 582<br \/>\n\u00a9 2020<\/p>\n","protected":false},"featured_media":16704,"comment_status":"open","ping_status":"closed","template":"","meta":{"_joinchat":[]},"product_cat":[115],"product_tag":[82,92],"class_list":{"0":"post-16703","1":"product","2":"type-product","3":"status-publish","4":"has-post-thumbnail","6":"product_cat-enfermeria","7":"product_tag-enfermeria","8":"product_tag-wolters-kluwer","10":"first","11":"instock","12":"featured","13":"taxable","14":"shipping-taxable","15":"purchasable","16":"product-type-simple"},"_links":{"self":[{"href":"https:\/\/edimeinter.com\/libreria\/wp-json\/wp\/v2\/product\/16703","targetHints":{"allow":["GET"]}}],"collection":[{"href":"https:\/\/edimeinter.com\/libreria\/wp-json\/wp\/v2\/product"}],"about":[{"href":"https:\/\/edimeinter.com\/libreria\/wp-json\/wp\/v2\/types\/product"}],"replies":[{"embeddable":true,"href":"https:\/\/edimeinter.com\/libreria\/wp-json\/wp\/v2\/comments?post=16703"}],"version-history":[{"count":4,"href":"https:\/\/edimeinter.com\/libreria\/wp-json\/wp\/v2\/product\/16703\/revisions"}],"predecessor-version":[{"id":16708,"href":"https:\/\/edimeinter.com\/libreria\/wp-json\/wp\/v2\/product\/16703\/revisions\/16708"}],"wp:featuredmedia":[{"embeddable":true,"href":"https:\/\/edimeinter.com\/libreria\/wp-json\/wp\/v2\/media\/16704"}],"wp:attachment":[{"href":"https:\/\/edimeinter.com\/libreria\/wp-json\/wp\/v2\/media?parent=16703"}],"wp:term":[{"taxonomy":"product_cat","embeddable":true,"href":"https:\/\/edimeinter.com\/libreria\/wp-json\/wp\/v2\/product_cat?post=16703"},{"taxonomy":"product_tag","embeddable":true,"href":"https:\/\/edimeinter.com\/libreria\/wp-json\/wp\/v2\/product_tag?post=16703"}],"curies":[{"name":"wp","href":"https:\/\/api.w.org\/{rel}","templated":true}]}}