{"id":16709,"date":"2025-05-13T01:43:58","date_gmt":"2025-05-13T01:43:58","guid":{"rendered":"https:\/\/edimeinter.com\/libreria\/?post_type=product&#038;p=16709"},"modified":"2025-05-13T01:46:59","modified_gmt":"2025-05-13T01:46:59","slug":"epidemiologia-clinica-6a-edicion","status":"publish","type":"product","link":"https:\/\/edimeinter.com\/libreria\/product\/epidemiologia-clinica-6a-edicion\/","title":{"rendered":"Epidemiolog\u00eda cl\u00ednica. 6\u00aa Edici\u00f3n"},"content":{"rendered":"\t\t<div data-elementor-type=\"wp-post\" data-elementor-id=\"16709\" class=\"elementor elementor-16709\">\n\t\t\t\t<div class=\"elementor-element elementor-element-2612b12 e-flex e-con-boxed e-con e-parent\" data-id=\"2612b12\" data-element_type=\"container\" data-e-type=\"container\">\n\t\t\t\t\t<div class=\"e-con-inner\">\n\t\t\n\t\t<div class=\"elementor-element elementor-element-498707ae elementor-widget elementor-widget-text-editor\" data-id=\"498707ae\" data-element_type=\"widget\" data-e-type=\"widget\" data-widget_type=\"text-editor.default\">\n\t\t\t\t<div class=\"elementor-widget-container\">\n\t\t\t\t\t\t\t\t\t<div class=\"accordion-content ad-show on\"><b>Epidemiolog\u00eda cl\u00ednica\u00a0<\/b>es un texto introductorio, breve y conciso, para profesionales y estudiantes dedicados a la atenci\u00f3n de los pacientes, quienes desean comprender la validez de la informaci\u00f3n en la que basan sus decisiones cl\u00ednicas. Su contenido transversal est\u00e1 asociado a materias b\u00e1sicas de relevancia para m\u00e9dicos en formaci\u00f3n: medicina basada en evidencia, bioestad\u00edstica y dise\u00f1o de investigaci\u00f3n cl\u00ednica. Escrito por educadores expertos y con una gran claridad expositiva, el texto ayuda a los estudiantes a desarrollar y aplicar m\u00e9todos de observaci\u00f3n cl\u00ednica con el fin de formar conclusiones precisas.<br \/>Actualmente se considera a la epidemiolog\u00eda cl\u00ednica como una parte central de un movimiento m\u00e1s amplio: la medicina basada en evidencia. Con ello se reconoce la importancia de formular preguntas que puedan responderse mediante la investigaci\u00f3n, la b\u00fasqueda de la evidencia disponible y la aplicaci\u00f3n de lo mejor de esta evidencia en la atenci\u00f3n de los pacientes. Estas competencias adicionales siempre han sido una parte importante del libro, y se les presta a\u00fan m\u00e1s atenci\u00f3n en esta renovada 6.\u00aa edici\u00f3n.<\/div>\t\t\t\t\t\t\t\t<\/div>\n\t\t\t\t<\/div>\n\t\t\t\t\t<\/div>\n\t\t\t\t<\/div>\n\t\t\t\t<\/div>\n\t\t","protected":false},"excerpt":{"rendered":"<p><strong>Autores:<\/strong> Robert H. Fletcher MD, MSc, Suzanne W. Fletcher MD, MSc, Grant S. Fletcher MD, MPH<br \/>\n<strong>ISBN:<\/strong> 9788417949938<br \/>\n<strong>Editorial:<\/strong>\u00a0WOLTERS KLUWER<br \/>\n<strong>Edici\u00f3n:<\/strong> 6\u00aa<br \/>\n<strong>Especialidad<\/strong>: Epidemiolog\u00eda<br \/>\n<strong>P\u00e1ginas<\/strong>: 288<br \/>\n\u00a9 2020<\/p>\n","protected":false},"featured_media":16710,"comment_status":"open","ping_status":"closed","template":"","meta":{"_joinchat":[]},"product_cat":[225],"product_tag":[226,92],"class_list":{"0":"post-16709","1":"product","2":"type-product","3":"status-publish","4":"has-post-thumbnail","6":"product_cat-epidemiologia","7":"product_tag-epidemiologia","8":"product_tag-wolters-kluwer","10":"first","11":"instock","12":"featured","13":"taxable","14":"shipping-taxable","15":"purchasable","16":"product-type-simple"},"_links":{"self":[{"href":"https:\/\/edimeinter.com\/libreria\/wp-json\/wp\/v2\/product\/16709","targetHints":{"allow":["GET"]}}],"collection":[{"href":"https:\/\/edimeinter.com\/libreria\/wp-json\/wp\/v2\/product"}],"about":[{"href":"https:\/\/edimeinter.com\/libreria\/wp-json\/wp\/v2\/types\/product"}],"replies":[{"embeddable":true,"href":"https:\/\/edimeinter.com\/libreria\/wp-json\/wp\/v2\/comments?post=16709"}],"version-history":[{"count":4,"href":"https:\/\/edimeinter.com\/libreria\/wp-json\/wp\/v2\/product\/16709\/revisions"}],"predecessor-version":[{"id":16714,"href":"https:\/\/edimeinter.com\/libreria\/wp-json\/wp\/v2\/product\/16709\/revisions\/16714"}],"wp:featuredmedia":[{"embeddable":true,"href":"https:\/\/edimeinter.com\/libreria\/wp-json\/wp\/v2\/media\/16710"}],"wp:attachment":[{"href":"https:\/\/edimeinter.com\/libreria\/wp-json\/wp\/v2\/media?parent=16709"}],"wp:term":[{"taxonomy":"product_cat","embeddable":true,"href":"https:\/\/edimeinter.com\/libreria\/wp-json\/wp\/v2\/product_cat?post=16709"},{"taxonomy":"product_tag","embeddable":true,"href":"https:\/\/edimeinter.com\/libreria\/wp-json\/wp\/v2\/product_tag?post=16709"}],"curies":[{"name":"wp","href":"https:\/\/api.w.org\/{rel}","templated":true}]}}